{"id":146,"date":"2024-03-04T15:30:23","date_gmt":"2024-03-04T15:30:23","guid":{"rendered":"http:\/\/sklep.thairai.com.pl\/?post_type=product&#038;p=146"},"modified":"2026-03-10T14:04:01","modified_gmt":"2026-03-10T14:04:01","slug":"balijski-masaz-gorcacym-olejkiem-kokosowym-dla-dwojga","status":"publish","type":"product","link":"http:\/\/sklep.thairai.com.pl\/en\/product\/balijski-masaz-gorcacym-olejkiem-kokosowym-dla-dwojga\/","title":{"rendered":"Balijski masa\u017c gor\u0105cym olejkiem kokosowym dla dwojga"},"content":{"rendered":"<p>Hot coconut oil massage is a therapeutic treatment that uses acupressure and Ayurveda to warm, regenerate and hydrate the skin. Coconut oil is rich in vitamins and minerals, making it great for nourishing the skin while relaxing tense muscles, reducing pain and harmonizing the mind and body, bringing deep relaxation to the person undergoing the massage.<\/p>\n<p>During a hot coconut oil massage, the entire body is massaged and the treatment is carried out in a lying position. The masseuse begins by slowly and gently massaging the coconut oil into the body, starting with the legs so that the valuable nutrients can penetrate deep into the skin. The client then changes position to the back, and the masseuse focuses on massaging the chest, arms and forearms. The session ends with a facial and head massage, leaving the person in a relaxed and rested state.<\/p>\n<p>Masa\u017c gor\u0105cym olejkiem kokosowym jest odpowiedni dla os\u00f3b aktywnych fizycznie, do\u015bwiadczaj\u0105cych stresu, zm\u0119czonych, nerwowych, z obni\u017con\u0105 odporno\u015bci\u0105 oraz z such\u0105 i wra\u017cliw\u0105 sk\u00f3r\u0105.<\/p>\n<p>Masa\u017c gor\u0105cym olejkiem kokosowym przynosi liczne korzy\u015bci zar\u00f3wno dla umys\u0142u, jak i cia\u0142a. Zawarte w olejku kokosowym witaminy i sk\u0142adniki mineralne koi\u0105 umys\u0142 i cia\u0142o, redukuj\u0105 stres i poprawiaj\u0105 nastr\u00f3j poprzez stymulacj\u0119 wydzielania endorfin. Masa\u017c ten regeneruje i relaksuje organizm, \u0142agodz\u0105c napi\u0119cie mi\u0119\u015bni, redukuj\u0105c b\u00f3l i uwalniaj\u0105c od negatywnych emocji. Dodatkowo, olejek kokosowy od\u017cywia, nawil\u017ca, uj\u0119drnia i wyg\u0142adza sk\u00f3r\u0119, zmniejszaj\u0105c przebarwienia i sp\u0142ycaj\u0105c zmarszczki, co przywraca jej blask i m\u0142ody wygl\u0105d. Zastosowanie tego olejku pomaga r\u00f3wnie\u017c w \u0142agodzeniu objaw\u00f3w chor\u00f3b sk\u00f3ry, wspomaga gojenie ran i zmniejsza symptomy \u0142uszczycy. Masa\u017c gor\u0105cym olejkiem kokosowym poprawia tak\u017ce odporno\u015b\u0107, kr\u0105\u017cenie krwi i metabolizm, reguluje ci\u015bnienie krwi oraz dzia\u0142a przeciwdepresyjnie, co przyczynia si\u0119 do og\u00f3lnego redukcji stresu i poprawy samopoczucia.<\/p>\n<p>&nbsp;<\/p>","protected":false},"excerpt":{"rendered":"<p>Balinese hot coconut oil massage is a therapeutic treatment that, using acupressure and Ayurveda, regenerates, hydrates the skin and relaxes tense muscles, reducing pain and harmonizing the mind and body, bringing deep relaxation.<\/p>\n<p><strong>After ordering, you will receive a voucher for the massage or ritual you have purchased, which will be delivered by email. Please count on it being delivered during the opening hours of our salons. Each voucher remains valid for a period of 6 months (unless the date on the Voucher says otherwise) from the time of purchase, giving you ample time to enjoy this unique relaxation experience.<\/strong><\/p>\n<p>If you have any further questions, please do not hesitate to contact us by phone or via the contact form.<\/p>","protected":false},"featured_media":3675,"template":"","meta":[],"product_cat":[68,58],"product_tag":[],"class_list":{"0":"post-146","1":"product","2":"type-product","3":"status-publish","4":"has-post-thumbnail","6":"product_cat-masaze-dla-par","7":"product_cat-wszystkie","9":"first","10":"instock","11":"shipping-taxable","12":"purchasable","13":"product-type-variable"},"_links":{"self":[{"href":"http:\/\/sklep.thairai.com.pl\/en\/wp-json\/wp\/v2\/product\/146","targetHints":{"allow":["GET"]}}],"collection":[{"href":"http:\/\/sklep.thairai.com.pl\/en\/wp-json\/wp\/v2\/product"}],"about":[{"href":"http:\/\/sklep.thairai.com.pl\/en\/wp-json\/wp\/v2\/types\/product"}],"wp:featuredmedia":[{"embeddable":true,"href":"http:\/\/sklep.thairai.com.pl\/en\/wp-json\/wp\/v2\/media\/3675"}],"wp:attachment":[{"href":"http:\/\/sklep.thairai.com.pl\/en\/wp-json\/wp\/v2\/media?parent=146"}],"wp:term":[{"taxonomy":"product_cat","embeddable":true,"href":"http:\/\/sklep.thairai.com.pl\/en\/wp-json\/wp\/v2\/product_cat?post=146"},{"taxonomy":"product_tag","embeddable":true,"href":"http:\/\/sklep.thairai.com.pl\/en\/wp-json\/wp\/v2\/product_tag?post=146"}],"curies":[{"name":"wp","href":"https:\/\/api.w.org\/{rel}","templated":true}]}}