{"id":791,"date":"2024-04-06T17:22:30","date_gmt":"2024-04-06T17:22:30","guid":{"rendered":"http:\/\/sklep.thairai.com.pl\/?post_type=product&#038;p=791"},"modified":"2026-03-10T13:53:39","modified_gmt":"2026-03-10T13:53:39","slug":"masaz-tajski-dla-seniorow","status":"publish","type":"product","link":"http:\/\/sklep.thairai.com.pl\/en\/product\/masaz-tajski-dla-seniorow\/","title":{"rendered":"Thai massage for seniors"},"content":{"rendered":"<p>Thai massage for seniors is a specially tailored treatment that uses gentle massage techniques such as gentle pressure and light stretching to provide a comfortable and safe experience. The massage focuses on muscle relaxation, improving circulation, and stimulating acupressure points to relieve pain and tension. In addition, special massage techniques help to increase joint flexibility and range of motion, helping to improve mobility and alleviate problems associated with rheumatism or arthritis in seniors. Massage for seniors also has a relaxing effect and helps to reduce stress, helping to improve overall wellbeing and mental and physical health.<\/p>\n<p>Thai massage for seniors is tailored to the unique needs and limitations of older people, offering them a gentle and safe sensation that helps to relax, relieve muscle tension and improve circulation. It is particularly recommended for those experiencing muscle and joint pain problems and looking for stress reduction and improved wellbeing. With Thai massage, seniors can enjoy the benefits to their body and mind, while increasing their range of motion and comfort in their daily activities.<\/p>\n<p>Tajski masa\u017c dla senior\u00f3w mo\u017ce przynie\u015b\u0107 szereg korzystnych efekt\u00f3w, takich jak redukcja napi\u0119cia mi\u0119\u015bniowego, poprawa kr\u0105\u017cenia, zwi\u0119kszenie elastyczno\u015bci staw\u00f3w, redukcja b\u00f3lu i sztywno\u015bci, relaksacja, poprawa zdrowia psychicznego oraz og\u00f3lnego zdrowia fizycznego i psychicznego.<\/p>","protected":false},"excerpt":{"rendered":"<p>Tajski masa\u017c dla senior\u00f3w to specjalnie dostosowany zabieg, kt\u00f3ry wykorzystuje \u0142agodne techniki masa\u017cu, takie jak delikatne uciski i lekkie rozci\u0105ganie, aby zapewni\u0107 komfortowe i bezpieczne doznania. Masa\u017c skupia si\u0119 na relaksacji mi\u0119\u015bni, poprawie kr\u0105\u017cenia, oraz stymulacji punkt\u00f3w akupresurowych w celu \u0142agodzenia b\u00f3lu i napi\u0119cia.<\/p>\n<p><strong>After ordering, you will receive a voucher for the massage or ritual you have purchased, which will be delivered by email. Please count on it being delivered during the opening hours of our salons. Each voucher remains valid for a period of 6 months (unless the date on the Voucher says otherwise) from the time of purchase, giving you ample time to enjoy this unique relaxation experience.<\/strong><\/p>\n<p>If you have any further questions, please do not hesitate to contact us by phone or via the contact form.<\/p>","protected":false},"featured_media":3655,"template":"","meta":[],"product_cat":[60],"product_tag":[],"class_list":{"0":"post-791","1":"product","2":"type-product","3":"status-publish","4":"has-post-thumbnail","6":"product_cat-masaze","8":"first","9":"instock","10":"shipping-taxable","11":"purchasable","12":"product-type-variable"},"_links":{"self":[{"href":"http:\/\/sklep.thairai.com.pl\/en\/wp-json\/wp\/v2\/product\/791","targetHints":{"allow":["GET"]}}],"collection":[{"href":"http:\/\/sklep.thairai.com.pl\/en\/wp-json\/wp\/v2\/product"}],"about":[{"href":"http:\/\/sklep.thairai.com.pl\/en\/wp-json\/wp\/v2\/types\/product"}],"wp:featuredmedia":[{"embeddable":true,"href":"http:\/\/sklep.thairai.com.pl\/en\/wp-json\/wp\/v2\/media\/3655"}],"wp:attachment":[{"href":"http:\/\/sklep.thairai.com.pl\/en\/wp-json\/wp\/v2\/media?parent=791"}],"wp:term":[{"taxonomy":"product_cat","embeddable":true,"href":"http:\/\/sklep.thairai.com.pl\/en\/wp-json\/wp\/v2\/product_cat?post=791"},{"taxonomy":"product_tag","embeddable":true,"href":"http:\/\/sklep.thairai.com.pl\/en\/wp-json\/wp\/v2\/product_tag?post=791"}],"curies":[{"name":"wp","href":"https:\/\/api.w.org\/{rel}","templated":true}]}}