{"id":825,"date":"2024-04-07T15:37:05","date_gmt":"2024-04-07T15:37:05","guid":{"rendered":"http:\/\/sklep.thairai.com.pl\/?post_type=product&#038;p=825"},"modified":"2026-03-10T13:59:39","modified_gmt":"2026-03-10T13:59:39","slug":"indonezyjski-masaz-twarzy","status":"publish","type":"product","link":"http:\/\/sklep.thairai.com.pl\/en\/product\/indonezyjski-masaz-twarzy\/","title":{"rendered":"Indonesian facial massage"},"content":{"rendered":"<p>Indonesian facial massage is a unique experience that combines traditional massage techniques with a wealth of natural ingredients. It begins with a gentle cleansing of the skin, removing impurities and preparing it for the next stages of the treatment. The therapist then uses special movements and compressions to stimulate blood circulation, improve skin elasticity and relieve muscle tension. The massage uses natural oils and plant extracts, providing the skin with nutrients. The whole treatment ends with a relaxing head massage, leaving the client with a feeling of relaxation and renewal.<\/p>\n<p>Indonesian facial massage is dedicated to anyone seeking a unique relaxation experience. It is perfect for those looking to rejuvenate their skin, reduce muscle tension and enhance their overall emotional state. It is the ideal treatment for those who want to combine the benefits of massage with natural skincare ingredients, while achieving a state of deep relaxation and regeneration.<\/p>\n<p>Indonezyjski masa\u017c twarzy to nie tylko relaksacyjna uczta dla zmys\u0142\u00f3w, ale tak\u017ce skuteczny zabieg piel\u0119gnacyjny. Dzi\u0119ki delikatnym technikom masa\u017cu, sk\u00f3ra staje si\u0119 bardziej j\u0119drna, a napi\u0119cia mi\u0119\u015bniowe s\u0105 redukowane. Dodatkowo, poprawia si\u0119 kr\u0105\u017cenie krwi, co przyczynia si\u0119 do zdrowszego i m\u0142odszego wygl\u0105du sk\u00f3ry.<\/p>","protected":false},"excerpt":{"rendered":"<p>Indonezyjski masa\u017c twarzy to wyj\u0105tkowe do\u015bwiadczenie, kt\u00f3re \u0142\u0105czy tradycyjne techniki masa\u017cu z bogactwem naturalnych sk\u0142adnik\u00f3w. Masa\u017c ten wykorzystuje naturalne oleje i ekstrakty ro\u015blinne, dostarczaj\u0105c sk\u00f3rze od\u017cywczych substancji.<\/p>\n<p><strong>After ordering, you will receive a voucher for the massage or ritual you have purchased, which will be delivered by email. Please count on it being delivered during the opening hours of our salons. Each voucher remains valid for a period of 6 months (unless the date on the Voucher says otherwise) from the time of purchase, giving you ample time to enjoy this unique relaxation experience.<\/strong><\/p>\n<p>If you have any further questions, please do not hesitate to contact us by phone or via the contact form.<\/p>","protected":false},"featured_media":3665,"template":"","meta":[],"product_cat":[64],"product_tag":[],"class_list":{"0":"post-825","1":"product","2":"type-product","3":"status-publish","4":"has-post-thumbnail","6":"product_cat-masaze-czesciowe","8":"first","9":"instock","10":"shipping-taxable","11":"purchasable","12":"product-type-variable","13":"has-default-attributes"},"_links":{"self":[{"href":"http:\/\/sklep.thairai.com.pl\/en\/wp-json\/wp\/v2\/product\/825","targetHints":{"allow":["GET"]}}],"collection":[{"href":"http:\/\/sklep.thairai.com.pl\/en\/wp-json\/wp\/v2\/product"}],"about":[{"href":"http:\/\/sklep.thairai.com.pl\/en\/wp-json\/wp\/v2\/types\/product"}],"wp:featuredmedia":[{"embeddable":true,"href":"http:\/\/sklep.thairai.com.pl\/en\/wp-json\/wp\/v2\/media\/3665"}],"wp:attachment":[{"href":"http:\/\/sklep.thairai.com.pl\/en\/wp-json\/wp\/v2\/media?parent=825"}],"wp:term":[{"taxonomy":"product_cat","embeddable":true,"href":"http:\/\/sklep.thairai.com.pl\/en\/wp-json\/wp\/v2\/product_cat?post=825"},{"taxonomy":"product_tag","embeddable":true,"href":"http:\/\/sklep.thairai.com.pl\/en\/wp-json\/wp\/v2\/product_tag?post=825"}],"curies":[{"name":"wp","href":"https:\/\/api.w.org\/{rel}","templated":true}]}}