{"id":828,"date":"2024-04-07T15:41:03","date_gmt":"2024-04-07T15:41:03","guid":{"rendered":"http:\/\/sklep.thairai.com.pl\/?post_type=product&#038;p=828"},"modified":"2026-03-10T13:59:08","modified_gmt":"2026-03-10T13:59:08","slug":"tajski-masaz-karku-szyi-i-glowy-2","status":"publish","type":"product","link":"http:\/\/sklep.thairai.com.pl\/en\/product\/tajski-masaz-karku-szyi-i-glowy-2\/","title":{"rendered":"Thai neck, nape and head massage"},"content":{"rendered":"<p>Thai face, head and neck massage is a relaxing and indulgent experience that focuses on bringing harmony to these parts of the body. It is a therapy based on traditional Thai medicine, using techniques from acupressure, reflexology and massage. During a Thai face, head and neck massage, the person undergoing the treatment is usually in a comfortable sitting or lying position. The masseur uses gentle and precise movements that focus on the head, face, neck and nape.<\/p>\n<p>Thai face, head and neck massage is suitable for many people, especially those struggling with tension, stress, headaches and discomfort in the neck and neck area. The massage benefits both physically and mentally, improving relaxation and unwinding. Those interested in traditional Asian therapies may also appreciate this form of massage. However, it is always advisable to consult with a therapist before proceeding, in order to tailor the massage to individual needs and avoid potential contraindications.<\/p>\n<p>Masa\u017c tajski twarzy, g\u0142owy i karku przynosi wiele korzy\u015bci zar\u00f3wno fizycznych, jak i psychicznych. Pomaga w redukcji napi\u0119cia i stresu, z\u0142agodzeniu b\u00f3l\u00f3w g\u0142owy i napi\u0119cia mi\u0119\u015bniowego, a tak\u017ce rozlu\u017anieniu mi\u0119\u015bni karku i szyi. Stymuluje kr\u0105\u017cenie krwi, co wp\u0142ywa pozytywnie na zaopatrzenie tkanek w tlen i sk\u0142adniki od\u017cywcze. Ca\u0142y masa\u017c dzia\u0142a odpr\u0119\u017caj\u0105co i relaksuj\u0105co, wspieraj\u0105c koncentracj\u0119 i stan umys\u0142u oraz przywracaj\u0105c r\u00f3wnowag\u0119 energetyczn\u0105 organizmu. Regularne korzystanie z tego rodzaju masa\u017cu mo\u017ce przynie\u015b\u0107 d\u0142ugoterminowe korzy\u015bci dla zdrowia i dobrej kondycji psychicznej.<\/p>","protected":false},"excerpt":{"rendered":"<p>Tajski masa\u017c twarzy, g\u0142owy i karku jest relaksuj\u0105cym i odpr\u0119\u017caj\u0105cym do\u015bwiadczeniem, kt\u00f3re skupia si\u0119 na wywo\u0142aniu harmonii w tych cz\u0119\u015bciach cia\u0142a. Jest to terapia oparta na tradycyjnej medycynie Tajlandii, wykorzystuj\u0105ca techniki z akupresury, refleksologii i masa\u017cu.<\/p>\n<p><strong>After ordering, you will receive a voucher for the massage or ritual you have purchased, which will be delivered by email. Please count on it being delivered during the opening hours of our salons. Each voucher remains valid for a period of 6 months (unless the date on the Voucher says otherwise) from the time of purchase, giving you ample time to enjoy this unique relaxation experience.<\/strong><\/p>\n<p>If you have any further questions, please do not hesitate to contact us by phone or via the contact form.<\/p>","protected":false},"featured_media":3664,"template":"","meta":[],"product_cat":[64],"product_tag":[],"class_list":{"0":"post-828","1":"product","2":"type-product","3":"status-publish","4":"has-post-thumbnail","6":"product_cat-masaze-czesciowe","8":"first","9":"instock","10":"shipping-taxable","11":"purchasable","12":"product-type-variable","13":"has-default-attributes"},"_links":{"self":[{"href":"http:\/\/sklep.thairai.com.pl\/en\/wp-json\/wp\/v2\/product\/828","targetHints":{"allow":["GET"]}}],"collection":[{"href":"http:\/\/sklep.thairai.com.pl\/en\/wp-json\/wp\/v2\/product"}],"about":[{"href":"http:\/\/sklep.thairai.com.pl\/en\/wp-json\/wp\/v2\/types\/product"}],"wp:featuredmedia":[{"embeddable":true,"href":"http:\/\/sklep.thairai.com.pl\/en\/wp-json\/wp\/v2\/media\/3664"}],"wp:attachment":[{"href":"http:\/\/sklep.thairai.com.pl\/en\/wp-json\/wp\/v2\/media?parent=828"}],"wp:term":[{"taxonomy":"product_cat","embeddable":true,"href":"http:\/\/sklep.thairai.com.pl\/en\/wp-json\/wp\/v2\/product_cat?post=828"},{"taxonomy":"product_tag","embeddable":true,"href":"http:\/\/sklep.thairai.com.pl\/en\/wp-json\/wp\/v2\/product_tag?post=828"}],"curies":[{"name":"wp","href":"https:\/\/api.w.org\/{rel}","templated":true}]}}