{"id":831,"date":"2024-04-07T15:43:29","date_gmt":"2024-04-07T15:43:29","guid":{"rendered":"http:\/\/sklep.thairai.com.pl\/?post_type=product&#038;p=831"},"modified":"2026-03-10T13:58:43","modified_gmt":"2026-03-10T13:58:43","slug":"tajski-masaz-plecow-2","status":"publish","type":"product","link":"http:\/\/sklep.thairai.com.pl\/en\/product\/tajski-masaz-plecow-2\/","title":{"rendered":"Thai back massage"},"content":{"rendered":"<p>Tajski masa\u017c plec\u00f3w to terapeutyczny zabieg, kt\u00f3ry skupia si\u0119 na rozlu\u017anieniu i uwolnieniu napi\u0119\u0107 w mi\u0119\u015bniach plec\u00f3w, kr\u0119gos\u0142upa oraz okolicach bark\u00f3w i szyi. Masa\u017c ten wykorzystuje techniki z akupresury, jogi i refleksologii, kt\u00f3re maj\u0105 na celu przywr\u00f3cenie harmonii energetycznej w tym obszarze cia\u0142a. Podczas tajskiego masa\u017cu plec\u00f3w, osoba le\u017cy na brzuchu lub siedzi w wygodnej pozycji, umo\u017cliwiaj\u0105cej masa\u017cystce dost\u0119p do plec\u00f3w. Masa\u017cystka u\u017cywa r\u00f3\u017cnych technik, takich jak uciskanie, ugniatanie, rozci\u0105ganie, g\u0142askanie i akupresura, aby z\u0142agodzi\u0107 napi\u0119cie mi\u0119\u015bniowe, poprawi\u0107 kr\u0105\u017cenie krwi oraz odpr\u0119\u017cy\u0107 i zrelaksowa\u0107 ca\u0142e plecy.<\/p>\n<p>Thai back massage is suitable for people with tight muscles, experiencing back pain, limited range of movement, feeling stressed and in need of relaxation. It is a therapy based on chi philosophy that can help to restore energy harmony. It is always advisable to consult with a massage therapist before a treatment in order to tailor the massage to individual needs and avoid potential contraindications.<\/p>\n<p>Tajski masa\u017c plec\u00f3w przynosi korzystne efekty, takie jak rozlu\u017anienie napi\u0119tych mi\u0119\u015bni i z\u0142agodzenie b\u00f3lu, poprawa zakresu ruchu oraz odpr\u0119\u017cenie i relaksacja. Stymulacja kr\u0105\u017cenia krwi wspomaga zaopatrzenie tkanek w tlen i sk\u0142adniki od\u017cywcze, a redukcja stan\u00f3w zapalnych mo\u017ce \u0142agodzi\u0107 dolegliwo\u015bci. Filozofia chi wspiera r\u00f3wnowag\u0119 energetyczn\u0105 organizmu, a masa\u017c wp\u0142ywa na og\u00f3lne samopoczucie i poziom energii. Regularne korzystanie z masa\u017cu tajskiego plec\u00f3w mo\u017ce przynie\u015b\u0107 d\u0142ugofalowe korzy\u015bci dla zdrowia i samopoczucia.<\/p>","protected":false},"excerpt":{"rendered":"<p>Tajski masa\u017c plec\u00f3w to terapeutyczny zabieg, kt\u00f3ry skupia si\u0119 na rozlu\u017anieniu i uwolnieniu napi\u0119\u0107 w mi\u0119\u015bniach plec\u00f3w, kr\u0119gos\u0142upa oraz okolicach bark\u00f3w i szyi. Masa\u017c ten wykorzystuje techniki z akupresury, jogi i refleksologii, kt\u00f3re maj\u0105 na celu przywr\u00f3cenie harmonii energetycznej w tym obszarze cia\u0142a.<\/p>\n<p><strong>After ordering, you will receive a voucher for the massage or ritual you have purchased, which will be delivered by email. Please count on it being delivered during the opening hours of our salons. Each voucher remains valid for a period of 6 months (unless the date on the Voucher says otherwise) from the time of purchase, giving you ample time to enjoy this unique relaxation experience.<\/strong><\/p>\n<p>If you have any further questions, please do not hesitate to contact us by phone or via the contact form.<\/p>","protected":false},"featured_media":3663,"template":"","meta":[],"product_cat":[64],"product_tag":[],"class_list":{"0":"post-831","1":"product","2":"type-product","3":"status-publish","4":"has-post-thumbnail","6":"product_cat-masaze-czesciowe","8":"first","9":"instock","10":"shipping-taxable","11":"purchasable","12":"product-type-variable","13":"has-default-attributes"},"_links":{"self":[{"href":"http:\/\/sklep.thairai.com.pl\/en\/wp-json\/wp\/v2\/product\/831","targetHints":{"allow":["GET"]}}],"collection":[{"href":"http:\/\/sklep.thairai.com.pl\/en\/wp-json\/wp\/v2\/product"}],"about":[{"href":"http:\/\/sklep.thairai.com.pl\/en\/wp-json\/wp\/v2\/types\/product"}],"wp:featuredmedia":[{"embeddable":true,"href":"http:\/\/sklep.thairai.com.pl\/en\/wp-json\/wp\/v2\/media\/3663"}],"wp:attachment":[{"href":"http:\/\/sklep.thairai.com.pl\/en\/wp-json\/wp\/v2\/media?parent=831"}],"wp:term":[{"taxonomy":"product_cat","embeddable":true,"href":"http:\/\/sklep.thairai.com.pl\/en\/wp-json\/wp\/v2\/product_cat?post=831"},{"taxonomy":"product_tag","embeddable":true,"href":"http:\/\/sklep.thairai.com.pl\/en\/wp-json\/wp\/v2\/product_tag?post=831"}],"curies":[{"name":"wp","href":"https:\/\/api.w.org\/{rel}","templated":true}]}}