{"id":1208,"date":"2024-04-26T13:58:17","date_gmt":"2024-04-26T13:58:17","guid":{"rendered":"https:\/\/sklep.thairai.com.pl\/?page_id=1208"},"modified":"2024-12-19T11:35:24","modified_gmt":"2024-12-19T11:35:24","slug":"polityka-prywatnosci","status":"publish","type":"page","link":"https:\/\/sklep.thairai.com.pl\/en\/polityka-prywatnosci\/","title":{"rendered":"Polityka prywatno\u015bci"},"content":{"rendered":"<div data-elementor-type=\"wp-page\" data-elementor-id=\"1208\" class=\"elementor elementor-1208\">\n\t\t\t\t<div class=\"elementor-element elementor-element-79427bc e-flex e-con-boxed e-con e-parent\" data-id=\"79427bc\" data-element_type=\"container\" data-settings=\"{&quot;ekit_has_onepagescroll_dot&quot;:&quot;yes&quot;}\">\n\t\t\t\t\t<div class=\"e-con-inner\">\n\t\t\t\t<div class=\"elementor-element elementor-element-383c7e4 elementor-widget elementor-widget-text-editor\" data-id=\"383c7e4\" data-element_type=\"widget\" data-settings=\"{&quot;ekit_we_effect_on&quot;:&quot;none&quot;}\" data-widget_type=\"text-editor.default\">\n\t\t\t\t<div class=\"elementor-widget-container\">\n\t\t\t<style>\/*! elementor - v3.21.0 - 18-04-2024 *\/\n.elementor-widget-text-editor.elementor-drop-cap-view-stacked .elementor-drop-cap{background-color:#69727d;color:#fff}.elementor-widget-text-editor.elementor-drop-cap-view-framed .elementor-drop-cap{color:#69727d;border:3px solid;background-color:transparent}.elementor-widget-text-editor:not(.elementor-drop-cap-view-default) .elementor-drop-cap{margin-top:8px}.elementor-widget-text-editor:not(.elementor-drop-cap-view-default) .elementor-drop-cap-letter{width:1em;height:1em}.elementor-widget-text-editor .elementor-drop-cap{float:left;text-align:center;line-height:1;font-size:50px}.elementor-widget-text-editor .elementor-drop-cap-letter{display:inline-block}<\/style>\t\t\t\t<h2>Polityka plik\u00f3w cookie Salonu Masa\u017cu Thai Rai<\/h2><p>Data wej\u015bcia w \u017cycie: 04.08.2023<\/p><h3>Wst\u0119p<\/h3><p>Dzi\u0119kujemy za odwiedzenie strony internetowej Salonu Masa\u017cu Thai Rai. Niniejsza polityka plik\u00f3w cookie ma na celu wyja\u015bnienie, w jaki spos\u00f3b wykorzystujemy pliki cookie na naszej stronie i jakie s\u0105 Pa\u0144stwa opcje w zakresie zarz\u0105dzania nimi.<\/p><h3>Co to s\u0105 pliki cookie?<\/h3><p>Pliki cookie to niewielkie pliki tekstowe, kt\u00f3re s\u0105 przechowywane na urz\u0105dzeniu u\u017cytkownika podczas odwiedzania stron internetowych. Pliki cookie pozwalaj\u0105 stronom internetowym zapami\u0119tywa\u0107 aktywno\u015b\u0107 u\u017cytkownika oraz zbiera\u0107 informacje, kt\u00f3re mog\u0105 by\u0107 u\u017cyteczne do personalizacji tre\u015bci, analizy statystyk czy \u015bwiadczenia us\u0142ug reklamowych.<\/p><h3><br \/>Wykorzystanie plik\u00f3w cookie przez Thai Rai<\/h3><p>Na stronie internetowej Thai Rai wykorzystujemy pliki cookie w celu:<\/p><p>Analizy ruchu na stronie i zbierania anonimowych danych statystycznych, kt\u00f3re pomagaj\u0105 nam zrozumie\u0107, w jaki spos\u00f3b u\u017cytkownicy korzystaj\u0105 z naszej strony i poprawi\u0107 jej funkcjonalno\u015b\u0107.<br \/>Personalizacji tre\u015bci i dostosowania ofert do preferencji u\u017cytkownik\u00f3w.<br \/>\u015awiadczenia spersonalizowanych us\u0142ug reklamowych.<br \/>Rodzaje plik\u00f3w cookie<br \/>Na naszej stronie mog\u0105 by\u0107 stosowane nast\u0119puj\u0105ce rodzaje plik\u00f3w cookie:<\/p><p>Pliki cookie niezb\u0119dne do dzia\u0142ania strony: S\u0105 to pliki cookie niezb\u0119dne do umo\u017cliwienia korzystania z podstawowych funkcji strony, takich jak nawigacja i dost\u0119p do chronionych obszar\u00f3w.<br \/>Pliki cookie analityczne: Pomagaj\u0105 nam zbiera\u0107 anonimowe dane statystyczne dotycz\u0105ce ruchu na stronie i zachowania u\u017cytkownik\u00f3w w celu poprawy naszych us\u0142ug.<br \/>Pliki cookie funkcjonalne: Umo\u017cliwiaj\u0105 personalizacj\u0119 tre\u015bci i dostosowywanie strony do preferencji u\u017cytkownik\u00f3w.<br \/>Pliki cookie reklamowe: Wykorzystywane s\u0105 do \u015bwiadczenia spersonalizowanych us\u0142ug reklamowych na podstawie aktywno\u015bci u\u017cytkownika na stronie.<br \/>Zarz\u0105dzanie plikami cookie<br \/>U\u017cytkownicy maj\u0105 mo\u017cliwo\u015b\u0107 zarz\u0105dzania plikami cookie poprzez ustawienia swojej przegl\u0105darki internetowej. Wi\u0119kszo\u015b\u0107 przegl\u0105darek umo\u017cliwia akceptacj\u0119, odrzucenie lub usuwanie plik\u00f3w cookie. Nale\u017cy jednak pami\u0119ta\u0107, \u017ce zablokowanie plik\u00f3w cookie mo\u017ce wp\u0142yn\u0105\u0107 na niekt\u00f3re funkcje strony i ograniczy\u0107 dost\u0119p do niekt\u00f3rych tre\u015bci.<\/p><h3><br \/>Zgoda na wykorzystanie plik\u00f3w cookie<\/h3><p>Korzystaj\u0105c z naszej strony, wyra\u017cacie Pa\u0144stwo zgod\u0119 na wykorzystanie plik\u00f3w cookie zgodnie z niniejsz\u0105 Polityk\u0105 plik\u00f3w cookie. Je\u015bli nie zgadzacie si\u0119 na wykorzystanie plik\u00f3w cookie, prosimy o zmian\u0119 ustawie\u0144 swojej przegl\u0105darki internetowej.<\/p><h3><br \/>Zmiany w Polityce plik\u00f3w cookie<\/h3><p>Niniejsza Polityka plik\u00f3w cookie mo\u017ce by\u0107 okresowo aktualizowana. Wszelkie zmiany w Polityce plik\u00f3w cookie zostan\u0105 opublikowane na naszej stronie.<\/p><p>Je\u015bli macie Pa\u0144stwo jakiekolwiek pytania lub w\u0105tpliwo\u015bci dotycz\u0105ce naszej Polityki plik\u00f3w cookie, prosimy o kontakt z nami poprzez formularz kontaktowy na naszej stronie.<\/p><p>Z powa\u017caniem,<br \/>Zesp\u00f3\u0142 Thai Rai<\/p>\t\t\t\t\t\t<\/div>\n\t\t\t\t<\/div>\n\t\t\t\t\t<\/div>\n\t\t\t\t<\/div>\n\t\t\t\t<\/div>","protected":false},"excerpt":{"rendered":"<p>Polityka plik\u00f3w cookie Salonu Masa\u017cu Thai Rai Data wej\u015bcia w \u017cycie: 04.08.2023 Wst\u0119p Dzi\u0119kujemy za odwiedzenie strony internetowej Salonu Masa\u017cu Thai Rai. Niniejsza polityka plik\u00f3w cookie ma na celu wyja\u015bnienie, w jaki spos\u00f3b wykorzystujemy pliki cookie na naszej stronie i jakie s\u0105 Pa\u0144stwa opcje w zakresie zarz\u0105dzania nimi. Co to s\u0105 pliki cookie? Pliki cookie [&hellip;]<\/p>","protected":false},"author":1,"featured_media":0,"parent":0,"menu_order":0,"comment_status":"closed","ping_status":"closed","template":"elementor_canvas","meta":{"footnotes":""},"class_list":["post-1208","page","type-page","status-publish","hentry"],"_links":{"self":[{"href":"https:\/\/sklep.thairai.com.pl\/en\/wp-json\/wp\/v2\/pages\/1208","targetHints":{"allow":["GET"]}}],"collection":[{"href":"https:\/\/sklep.thairai.com.pl\/en\/wp-json\/wp\/v2\/pages"}],"about":[{"href":"https:\/\/sklep.thairai.com.pl\/en\/wp-json\/wp\/v2\/types\/page"}],"author":[{"embeddable":true,"href":"https:\/\/sklep.thairai.com.pl\/en\/wp-json\/wp\/v2\/users\/1"}],"replies":[{"embeddable":true,"href":"https:\/\/sklep.thairai.com.pl\/en\/wp-json\/wp\/v2\/comments?post=1208"}],"version-history":[{"count":7,"href":"https:\/\/sklep.thairai.com.pl\/en\/wp-json\/wp\/v2\/pages\/1208\/revisions"}],"predecessor-version":[{"id":2389,"href":"https:\/\/sklep.thairai.com.pl\/en\/wp-json\/wp\/v2\/pages\/1208\/revisions\/2389"}],"wp:attachment":[{"href":"https:\/\/sklep.thairai.com.pl\/en\/wp-json\/wp\/v2\/media?parent=1208"}],"curies":[{"name":"wp","href":"https:\/\/api.w.org\/{rel}","templated":true}]}}