{"id":385,"date":"2024-03-07T16:08:22","date_gmt":"2024-03-07T16:08:22","guid":{"rendered":"http:\/\/sklep.thairai.com.pl\/?page_id=385"},"modified":"2024-03-07T16:48:44","modified_gmt":"2024-03-07T16:48:44","slug":"regulamin-sklepu","status":"publish","type":"page","link":"https:\/\/sklep.thairai.com.pl\/en\/regulamin-sklepu\/","title":{"rendered":"Regulamin Sklepu"},"content":{"rendered":"<div data-elementor-type=\"wp-page\" data-elementor-id=\"385\" class=\"elementor elementor-385\">\n\t\t\t\t<div class=\"elementor-element elementor-element-ea9a7e2 e-flex e-con-boxed e-con e-parent\" data-id=\"ea9a7e2\" data-element_type=\"container\" data-settings=\"{&quot;ekit_has_onepagescroll_dot&quot;:&quot;yes&quot;}\">\n\t\t\t\t\t<div class=\"e-con-inner\">\n\t\t\t\t<div class=\"elementor-element elementor-element-585430a elementor-widget elementor-widget-text-editor\" data-id=\"585430a\" data-element_type=\"widget\" data-settings=\"{&quot;ekit_we_effect_on&quot;:&quot;none&quot;}\" data-widget_type=\"text-editor.default\">\n\t\t\t\t<div class=\"elementor-widget-container\">\n\t\t\t<style>\/*! elementor - v3.21.0 - 18-04-2024 *\/\n.elementor-widget-text-editor.elementor-drop-cap-view-stacked .elementor-drop-cap{background-color:#69727d;color:#fff}.elementor-widget-text-editor.elementor-drop-cap-view-framed .elementor-drop-cap{color:#69727d;border:3px solid;background-color:transparent}.elementor-widget-text-editor:not(.elementor-drop-cap-view-default) .elementor-drop-cap{margin-top:8px}.elementor-widget-text-editor:not(.elementor-drop-cap-view-default) .elementor-drop-cap-letter{width:1em;height:1em}.elementor-widget-text-editor .elementor-drop-cap{float:left;text-align:center;line-height:1;font-size:50px}.elementor-widget-text-editor .elementor-drop-cap-letter{display:inline-block}<\/style>\t\t\t\t<p><strong>REGULAMIN SKLEPU INTERNETOWEGO<\/strong><\/p><ol><li>Niniejszy regulamin okre\u015bla zasady dokonywania zakup\u00f3w w sklepie internetowym prowadzonym przez Sprzedaj\u0105cego pod adresem www.sklep.thairai.com.pl.<\/li><li>Sprzedaj\u0105cym jest firma Thai Rai\u00a0 z siedzib\u0105 w Ostro\u0142\u0119ce ul. Diamentowa 6. Zarejestrowana pod numerem NIP:7581516877, Regon: 550670743 zwana tak\u017ce zamiennie \u201cUs\u0142ugodawc\u0105\u201d.<\/li><li>Kontakt z Us\u0142ugodawc\u0105 mo\u017cna uzyska\u0107:- pod numerami telefon\u00f3w Infolinii Konsumenckiej (Infolinii): 606 674 622 koszt po\u0142\u0105czenia za minut\u0119 wed\u0142ug stawki operatora \u2013 korzystaj\u0105c z adresu poczty elektronicznej: salon@thairai.com.pl.<\/li><\/ol><p><strong>\u00a7 1 Definicje<\/strong><\/p><ol><li>Regulamin \u2013 niniejszy regulamin. W zakresie us\u0142ug \u015bwiadczonych drog\u0105 elektroniczn\u0105 Regulamin jest regulaminem, o kt\u00f3rym mowa w art. 8 ustawy z dnia 18 lipca 2002 r. o \u015bwiadczeniu us\u0142ug drog\u0105 elektroniczn\u0105 (Dz.U. z 2002 r. Nr 144, poz. 1204 ze zm.).<\/li><li>Klient \u2013 osoba fizyczna, osoba prawna lub jednostka organizacyjna nie posiadaj\u0105ca osobowo\u015bci prawnej a posiadaj\u0105ca zdolno\u015b\u0107 do czynno\u015bci prawnych, kt\u00f3ra na zasadach okre\u015blonych w niniejszym regulaminie dokonuje Zam\u00f3wienia w Sklepie Internetowym.<\/li><li>Konsument \u2013 Klient b\u0119d\u0105cy osob\u0105 fizyczn\u0105, korzystaj\u0105c\u0105 ze Sklepu Internetowego w celu niezwi\u0105zanym bezpo\u015brednio z jej dzia\u0142alno\u015bci\u0105 gospodarcz\u0105 lub zawodow\u0105.<\/li><li>Us\u0142ugodawca \u2013 podmiot \u015bwiadcz\u0105cy us\u0142ugi sprzeda\u017cy za po\u015brednictwem Sklepu Internetowego na zasadach okre\u015blonych w niniejszym Regulaminie.<\/li><li>Przedmiot transakcji \u2013 Towary wymienione i opisane na stronie internetowej Sklepu Internetowego.<\/li><li>Towar \u2013 rzecz ruchoma, prezentowana w Sklepie Internetowym, kt\u00f3rej dotyczy Umowa Sprzeda\u017cy.<\/li><li>Us\u0142uga dodatkowa \u2013 us\u0142uga \u015bwiadczona przez Us\u0142ugodawc\u0119 na rzecz Klienta poza Sklepem Internetowym w zwi\u0105zku z charakterem sprzedawanych Towar\u00f3w.<\/li><li>Umowa Sprzeda\u017cy \u2013 umowa sprzeda\u017cy Towar\u00f3w w rozumieniu ustawy Kodeks cywilny,zawarta pomi\u0119dzy Us\u0142ugodawc\u0105 a Klientem, z wykorzystaniem serwisu internetowego Sklepu.<\/li><li>Sklep Internetowy (Sklep) \u2013 serwis internetowy dost\u0119pny pod adresem www.sklep.thaitai.com.pl za po\u015brednictwem kt\u00f3rego Klient mo\u017ce z\u0142o\u017cy\u0107 Zam\u00f3wienie.<\/li><li>Zam\u00f3wienie \u2013 o\u015bwiadczenie woli Klienta okre\u015blaj\u0105ce jednoznacznie rodzaj i ilo\u015b\u0107 Towar\u00f3w, zmierzaj\u0105ce bezpo\u015brednio do zawarcia Umowy Sprzeda\u017cy.<\/li><li>System teleinformatyczny \u2013 zesp\u00f3\u0142 wsp\u00f3\u0142pracuj\u0105cych ze sob\u0105 urz\u0105dze\u0144 informatycznych i oprogramowania, zapewniaj\u0105cy przetwarzanie i przechowywanie, a tak\u017ce wysy\u0142anie i odbieranie danych poprzez sieci telekomunikacyjne za pomoc\u0105 w\u0142a\u015bciwego dla danego rodzaju sieci urz\u0105dzenia ko\u0144cowego.<\/li><\/ol><p><strong>\u00a7 2 Zasady og\u00f3lne<\/strong><\/p><ol><li>Niniejszy Regulamin okre\u015bla zasady korzystania ze sklepu internetowego dost\u0119pnego pod adresem www.sklep.thaitai.com.pl.<\/li><li>Warunkiem z\u0142o\u017cenia Zam\u00f3wienia w Sklepie Internetowym przez Klienta jest zapoznanie si\u0119 z niniejszym Regulaminem i akceptacja jego postanowie\u0144 w czasie realizacji Zam\u00f3wienia.<\/li><li>Sklep internetowy sklep.thaitai.com.pl prowadzi sprzeda\u017c detaliczn\u0105 za po\u015brednictwem sieci Internet.<\/li><li>Wszystkie Towary oferowane w sklepie sklep.thaitai.com.pl s\u0105 fabrycznie nowe, oryginalnie zapakowane,wolne od wad fizycznych i prawnych, oraz zosta\u0142y legalnie wprowadzone na rynek polski.<\/li><li>W ramach wymaga\u0144 technicznych niezb\u0119dnych do wsp\u00f3\u0142pracy z systemem teleinformatycznym, kt\u00f3rym pos\u0142uguje si\u0119 Us\u0142ugodawca w celu realizacji zakup\u00f3w, Klient powinien dysponowa\u0107 aktywnym kontem poczty elektronicznej (e-mail) oraz urz\u0105dzeniem pod\u0142\u0105czonym do sieci Internet, spe\u0142niaj\u0105cym nast\u0119puj\u0105ce minimalne wymagania techniczne<ul><li>a. Przegl\u0105darka internetowa: Mozilla Firefox w wersji 17.0 i wy\u017cszej lub Microsoft Edge lub Opera w wersji 12.0 i wy\u017cszej lub Google Chrome w wersji 23.0. i wy\u017cszej lub Safari w wersji 5.0 i wy\u017cszej. W celu korzystania z wszystkich funkcjonalno\u015bci Serwisu zalecane jest bie\u017c\u0105ce aktualizowanie przegl\u0105darki<\/li><li>b. W\u0142\u0105czenie w przegl\u0105darce internetowej mo\u017cliwo\u015bci zapisu plik\u00f3w Cookies oraz obs\u0142ugi Javascript.<\/li><li>c. minimalna rozdzielczo\u015b\u0107 ekranu 300 pikseli.<\/li><\/ul><\/li><li>Klient zobowi\u0105zany jest do niedostarczania tre\u015bci zabronionych przez przepisy prawa, np. tre\u015bci propaguj\u0105ce przemoc, znies\u0142awiaj\u0105cych lub naruszaj\u0105cych dobra osobiste i inne prawa os\u00f3b trzecich.<\/li><\/ol><p><strong>\u00a7 3 Sk\u0142adanie zam\u00f3wie\u0144<\/strong><\/p><ol><li>Wszystkie ceny podane na stronach internetowych sklep.thaitai.com.pl s\u0105 cenami brutto podanymi w z\u0142otych polskich. Podane ceny nie obejmuj\u0105 koszt\u00f3w wysy\u0142ki.<\/li><li>Zam\u00f3wienia s\u0105 przyjmowane przez stron\u0119 internetow\u0105\/telefonicznie\/drog\u0105 mailow\u0105.<\/li><li>Zam\u00f3wienia sk\u0142adane poprzez stron\u0119 internetow\u0105 mo\u017cna sk\u0142ada\u0107 24 godziny na dob\u0119, 7 dni w tygodniu przez ca\u0142y rok.<\/li><li>Zam\u00f3wienie jest skuteczne, je\u015bli Klient prawid\u0142owo wype\u0142ni formularz zam\u00f3wienia i prawid\u0142owo poda dane kontaktowe w tym dok\u0142adny adres, na kt\u00f3ry Towar ma by\u0107 wys\u0142any oraz numer telefonu i adres e-mail.<\/li><li>W wypadku gdy podane dane nie s\u0105 kompletne, Sprzedaj\u0105cy skontaktuje si\u0119 z Klientem. Je\u015bli kontakt z Klientem nie b\u0119dzie mo\u017cliwy, Sprzedaj\u0105cy ma prawo do anulowania Zam\u00f3wienia.<\/li><li>Klient w procesie sk\u0142adania zam\u00f3wienia mo\u017ce wyrazi\u0107 wol\u0119 otrzymania faktury VAT, kt\u00f3ra mo\u017ce zosta\u0107 za\u0142\u0105czona do wysy\u0142anej przesy\u0142ki lub przes\u0142ana drog\u0105 elektroniczn\u0105, na wskazany adres e-mail w postaci elektronicznego obrazu dokument\u00f3w rozliczeniowych, w szczeg\u00f3lno\u015bci takich jak: faktury VAT z za\u0142\u0105cznikami, faktury VAT koryguj\u0105ce z za\u0142\u0105cznikami i formularzy. Niniejsza zgoda uprawnia Sprzedaj\u0105cego r\u00f3wnie\u017c do wystawiania i przesy\u0142ania faktur VAT w formie elektronicznej, zgodnie z rozporz\u0105dzeniem Ministra Finans\u00f3w z dnia 20 grudnia 2012 r. w sprawie przesy\u0142ania faktur w formie elektronicznej, zasad ich przechowywania oraz trybu udost\u0119pniania organowi podatkowemu lub organowi kontroli skarbowej.<\/li><li>W trakcie sk\u0142adania Zam\u00f3wienia, Klient mo\u017ce wyrazi\u0107 zgod\u0119 na umieszczenie danych osobowych w bazie danych Sklepu Internetowego Sprzedaj\u0105cego w celu ich przetwarzania w zwi\u0105zku z realizacj\u0105 Zam\u00f3wienia. W wypadku udzielenia zgody, Klient ma prawo do wgl\u0105du w swoje dane, ich poprawiania oraz \u017c\u0105dania ich usuni\u0119cia.<\/li><li>Klient mo\u017ce skorzysta\u0107 z opcji zapami\u0119tania jego danych przez system w celu u\u0142atwienia procesu sk\u0142adania kolejnego Zam\u00f3wienia. W tym celu Klient powinien poda\u0107 login i has\u0142o, niezb\u0119dne do uzyskania dost\u0119pu do swojego konta. Login Klienta to podany przez niego adres e-mail.Has\u0142o jest ci\u0105giem znak\u00f3w ustalanych przez Klienta. Has\u0142o Klienta nie jest znane Sprzedaj\u0105cemu i Klient ma obowi\u0105zek zachowania go w tajemnicy i chronienia przed niepowo\u0142anym dost\u0119pem os\u00f3b trzecich.<\/li><li>Po z\u0142o\u017ceniu przez Klienta skutecznego zam\u00f3wienia, otrzyma on automatyczn\u0105 odpowied\u017a ze sklepu potwierdzaj\u0105c\u0105 otrzymanie zam\u00f3wienia.<\/li><\/ol><p><strong>\u00a7 6 Odst\u0105pienie od umowy<\/strong><\/p><ol><li>Konsument, kt\u00f3ry zawar\u0142 umow\u0119 na odleg\u0142o\u015b\u0107, ma prawo do odst\u0105pienia od umowy bez podania przyczyny sk\u0142adaj\u0105c stosowne o\u015bwiadczenie na pi\u015bmie, w terminie 14 dni (podstawa prawna: art. 7 ust.1 ustawy z dnia 2 marca 2000 r. o ochronie niekt\u00f3rych praw konsument\u00f3w oraz o odpowiedzialno\u015bci za szkod\u0119 wyrz\u0105dzona przez produkt niebezpieczny Dz.U. Nr 22,poz. 271 ze zm.). Termin ten jest terminem nieprzekraczalnym i liczy si\u0119 od dnia wydania rzeczy, a gdy umowa dotyczy \u015bwiadczenia us\u0142ugi \u2013 od dnia jej zawarcia. Do zachowania tego terminu wystarczy wys\u0142anie o\u015bwiadczenia przed jego up\u0142ywem na adres Us\u0142ugodawcy.<\/li><li>W przypadku odst\u0105pienia od umowy zawartej na odleg\u0142o\u015b\u0107, umowa jest uwa\u017cana za niezawart\u0105. To, co strony \u015bwiadczy\u0142y, ulega zwrotowi w stanie niezmienionym, chyba, \u017ce zmiana by\u0142a konieczna w granicach zwyk\u0142ego zarz\u0105du.<\/li><li>Zwrot powinien nast\u0105pi\u0107 niezw\u0142ocznie, nie p\u00f3\u017aniej ni\u017c w terminie 14 dni. Zakupiony towar nale\u017cy zwr\u00f3ci\u0107 na adres Us\u0142ugodawcy.<\/li><li>Zgodnie z ustaw\u0105, mo\u017cliwo\u015bci zwrotu nie podlegaj\u0105: \u015bwiadczenia us\u0142ug rozpocz\u0119tego, za zgod\u0105 Klienta, przed up\u0142ywem terminu, o kt\u00f3rym mowa w art. 7 ust.1, dotycz\u0105cych nagra\u0144 audialnych i wizualnych oraz zapisanych na no\u015bnikach program\u00f3w komputerowych po usuni\u0119ciu przez Klienta ich oryginalnego opakowania, um\u00f3w dotycz\u0105cych \u015bwiadcze\u0144,za kt\u00f3re cena lub wynagrodzenie zale\u017cy wy\u0142\u0105cznie od ruchu cen na rynku finansowym, \u015bwiadcze\u0144 o w\u0142a\u015bciwo\u015bciach okre\u015blonych przez Klienta w z\u0142o\u017conym przez niego zam\u00f3wieniu lub \u015bci\u015ble zwi\u0105zanych z jego osob\u0105, \u015bwiadcze\u0144, kt\u00f3re z uwagi na ich charakter nie mog\u0105 zosta\u0107 zwr\u00f3cona lub kt\u00f3rych przedmiot ulega szybkiemu zepsuciu, dostarczania prasy, us\u0142ug w zakresie gier i zak\u0142ad\u00f3w wzajemnych.<\/li><li>Niniejsze przepisy dotycz\u0105 odst\u0105pienia od umowy zawartej na odleg\u0142o\u015b\u0107 i nie maj\u0105 zastosowania w przypadku zakupu\u00a0 voucher\u00f3w lub bon\u00f3w upominkowych, kt\u00f3re nie podlegaj\u0105 zwrotowi ani odst\u0105pieniu od umowy, zgodnie z oddzielnymi przepisami prawa konsumenckiego.<\/li><\/ol><p><strong>\u00a7 8\u00a0Zmiana Regulaminu<\/strong><\/p><ol><li>Klienci posiadaj\u0105cy konto w Sklepie zostan\u0105 poinformowani o zmianie Regulaminu za po\u015brednictwem korespondencji e-mail.<\/li><li>Je\u017celi w czasie, jaki up\u0142yn\u0105\u0142 od ostatniego logowania nast\u0105pi\u0142a zmiana Regulaminu Sklepu, Klient akceptuje lub nie jego postanowienia po zmianach. W przypadku braku akceptacji warunk\u00f3w Regulaminu, w szczeg\u00f3lno\u015bci po wprowadzeniu jego zmian, zakupy w Sklepie internetowym nie s\u0105 mo\u017cliwe.<\/li><li>Klientowi, kt\u00f3ry nie akceptuje wprowadzonych w Regulaminie zmian przys\u0142uguje uprawnienie do usuni\u0119cia konta w ka\u017cdym czasie.<\/li><li>Zam\u00f3wienia z\u0142o\u017cone przez Klient\u00f3w przed wej\u015bciem w \u017cycie zmian Regulaminu b\u0119d\u0105 realizowane wed\u0142ug dotychczasowych postanowie\u0144 Regulaminu.<\/li><\/ol><p><strong>\u00a7 9 Reklamacje<\/strong><\/p><ol><li><p>Klientowi przys\u0142uguje prawo do z\u0142o\u017cenia reklamacji w Sklepie w przypadku stwierdzenia w dostarczonym towarze: a) wad fabrycznych,b) uszkodze\u0144 mechanicznych powsta\u0142ych w trakcie transportuc niezgodno\u015bci towaru z towarem zawartym w zam\u00f3wieniu<\/p><\/li><li><p>W takim przypadku Klient powinien niezw\u0142ocznie skontaktowa\u0107 si\u0119 z obs\u0142ug\u0105 sklepu (drog\u0105 mailow\u0105, telefonicznie w celu zg\u0142oszenia reklamacji.<\/p><\/li><li><p>Klient jest informowany o rozpatrzeniu reklamacji w ci\u0105gu 10 dni roboczych od ich wp\u0142yni\u0119cia, drog\u0105 elektroniczn\u0105 lub\/i telefoniczn\u0105. Towar uszkodzony zostanie wymieniony na inny, pe\u0142nowarto\u015bciowy, a je\u015bli b\u0119dzie to ju\u017c niemo\u017cliwe (na przyk\u0142ad z powodu wyczerpania nak\u0142adu), sklep zwr\u00f3ci nabywcy r\u00f3wnowarto\u015b\u0107 ceny produktu lub zaoferuje mu inne, dost\u0119pne w sklepie towary do wyboru.<\/p><\/li><li><p>W przypadku pozytywnie rozpatrzonej reklamacji koszty zwi\u0105zane z odes\u0142aniem reklamowanego artyku\u0142u, sklep zwraca w ci\u0105gu 5 dni roboczych od rozpatrzenia reklamacji.<\/p><\/li><li><p>Zwracane oraz reklamowane artyku\u0142y prosimy odes\u0142a\u0107 przesy\u0142k\u0105 pocztow\u0105 (listem poleconym) lub w inny wskazany przez obs\u0142ug\u0119 Sklepu spos\u00f3b, na podany adres: Goworowska 6a, Ostr\u0142\u0119ka . Do odsy\u0142anego towaru nale\u017cy do\u0142\u0105czy\u0107 nr zam\u00f3wienia oraz informacj\u0119 o wadzie produktu.<\/p><\/li><li><p>Informacje o pozas\u0105dowych mo\u017cliwo\u015bciach rozwi\u0105zania reklamacji<strong>.<\/strong>Szczeg\u00f3\u0142owe informacje dotycz\u0105ce mo\u017cliwo\u015bci skorzystania przez Klienta b\u0119d\u0105cego konsumentem z pozas\u0105dowych sposob\u00f3w rozpatrywania reklamacji i dochodzenia roszcze\u0144 oraz zasady dost\u0119pu do tych procedur dost\u0119pne s\u0105 w siedzibach oraz na stronach internetowych powiatowych (miejskich) rzecznik\u00f3w konsument\u00f3w, organizacji spo\u0142ecznych, do kt\u00f3rych zada\u0144 statutowych nale\u017cy ochrona konsument\u00f3w, Wojew\u00f3dzkich Inspektorat\u00f3w Inspekcji Handlowej oraz pod nast\u0119puj\u0105cymi adresami internetowymi Urz\u0119du Ochrony Konkurencji i Konsument\u00f3w:http:\/\/www.uokik.gov.pl\/spory_konsumenckie.phphttp:\/\/www.uokik.gov.pl\/sprawy_indywidualne.php orazhttp:\/\/www.uokik.gov.pl\/wazne_adresy.php.<\/p><\/li><li><p>Klient b\u0119d\u0105cy konsumentem posiada m.in. nast\u0119puj\u0105ce mo\u017cliwo\u015bci skorzystania z pozas\u0105dowych sposob\u00f3w rozpatrywania reklamacji i dochodzenia roszcze\u0144:- zwr\u00f3cenie si\u0119 do sta\u0142ego polubownego s\u0105du konsumenckiego dzia\u0142aj\u0105cego przy Inspekcji Handlowej z wnioskiem o rozstrzygni\u0119cie sporu wynik\u0142ego z zawartej Umowy Sprzeda\u017cy.- zwr\u00f3cenie si\u0119 do wojew\u00f3dzkiego inspektora Inspekcji Handlowej z wnioskiem o wszcz\u0119cie post\u0119powania mediacyjnego w sprawie polubownego zako\u0144czenia sporu mi\u0119dzy Klientem, a Sprzedawc\u0105.- mo\u017cliwo\u015b\u0107 uzyskania bezp\u0142atnej pomocy w sprawie rozstrzygni\u0119cia sporu mi\u0119dzy Klientem, a Sprzedawc\u0105, korzystaj\u0105c tak\u017ce z bezp\u0142atnej pomocy powiatowego (miejskiego) rzecznika konsument\u00f3w lub organizacji spo\u0142ecznej, do kt\u00f3rej zada\u0144 statutowych nale\u017cy ochrona konsument\u00f3w (m.in. Federacja Konsument\u00f3w, Stowarzyszenie Konsument\u00f3w Polskich). Porady udzielane s\u0105 pod przez Federacj\u0119 Konsument\u00f3w pod bezp\u0142atnym numerem infolinii konsumenckiej 800 007 707 oraz przez Stowarzyszenie Konsument\u00f3w Polskich pod adresem email porady@dlakonsumentow.pl.- mo\u017cliwo\u015b\u0107 z\u0142o\u017cenia skargi za po\u015brednictwem platformy internetowego systemu rozstrzygania spor\u00f3w pomi\u0119dzy konsumentami i prz\u0119dsi\u0119biorcami na szczeblu unijnym (platforma ODR), dost\u0119pnej pod adresem:\u00a0<a href=\"http:\/\/ec.europa.eu\/consumers\/odr\/\">http:\/\/ec.europa.eu\/consumers\/odr\/<\/a>. Platforma ODR stanowi interaktywn\u0105 i wieloj\u0119zyczn\u0105 stron\u0119 internetow\u0105 z punktem kompleksowej obs\u0142ugi dla konsument\u00f3w i przedsi\u0119biorc\u00f3w d\u0105\u017c\u0105cych do pozas\u0105dowego rozstrzygni\u0119cia sporu dotycz\u0105cego zobowi\u0105za\u0144 umownych wynikaj\u0105cych z internetowej umowy sprzeda\u017cy lub umowy o \u015bwiadczenie us\u0142ug.<\/p><\/li><\/ol>\t\t\t\t\t\t<\/div>\n\t\t\t\t<\/div>\n\t\t\t\t\t<\/div>\n\t\t\t\t<\/div>\n\t\t\t\t<\/div>","protected":false},"excerpt":{"rendered":"<p>REGULAMIN SKLEPU INTERNETOWEGO Niniejszy regulamin okre\u015bla zasady dokonywania zakup\u00f3w w sklepie internetowym prowadzonym przez Sprzedaj\u0105cego pod adresem www.sklep.thairai.com.pl. Sprzedaj\u0105cym jest firma Thai Rai\u00a0 z siedzib\u0105 w Ostro\u0142\u0119ce ul. Diamentowa 6. Zarejestrowana pod numerem NIP:7581516877, Regon: 550670743 zwana tak\u017ce zamiennie \u201cUs\u0142ugodawc\u0105\u201d. Kontakt z Us\u0142ugodawc\u0105 mo\u017cna uzyska\u0107:- pod numerami telefon\u00f3w Infolinii Konsumenckiej (Infolinii): 606 674 622 koszt [&hellip;]<\/p>","protected":false},"author":2,"featured_media":0,"parent":0,"menu_order":0,"comment_status":"closed","ping_status":"closed","template":"elementor_canvas","meta":{"footnotes":""},"class_list":["post-385","page","type-page","status-publish","hentry"],"_links":{"self":[{"href":"https:\/\/sklep.thairai.com.pl\/en\/wp-json\/wp\/v2\/pages\/385","targetHints":{"allow":["GET"]}}],"collection":[{"href":"https:\/\/sklep.thairai.com.pl\/en\/wp-json\/wp\/v2\/pages"}],"about":[{"href":"https:\/\/sklep.thairai.com.pl\/en\/wp-json\/wp\/v2\/types\/page"}],"author":[{"embeddable":true,"href":"https:\/\/sklep.thairai.com.pl\/en\/wp-json\/wp\/v2\/users\/2"}],"replies":[{"embeddable":true,"href":"https:\/\/sklep.thairai.com.pl\/en\/wp-json\/wp\/v2\/comments?post=385"}],"version-history":[{"count":4,"href":"https:\/\/sklep.thairai.com.pl\/en\/wp-json\/wp\/v2\/pages\/385\/revisions"}],"predecessor-version":[{"id":394,"href":"https:\/\/sklep.thairai.com.pl\/en\/wp-json\/wp\/v2\/pages\/385\/revisions\/394"}],"wp:attachment":[{"href":"https:\/\/sklep.thairai.com.pl\/en\/wp-json\/wp\/v2\/media?parent=385"}],"curies":[{"name":"wp","href":"https:\/\/api.w.org\/{rel}","templated":true}]}}