{"id":39,"date":"2024-03-06T19:49:43","date_gmt":"2024-03-06T19:49:43","guid":{"rendered":"http:\/\/sklep.thairai.com.pl\/?page_id=39"},"modified":"2026-04-23T19:12:00","modified_gmt":"2026-04-23T19:12:00","slug":"regulamin_voucherow","status":"publish","type":"page","link":"https:\/\/sklep.thairai.com.pl\/en\/regulamin_voucherow\/","title":{"rendered":"Regulamin Vouchera"},"content":{"rendered":"<div data-elementor-type=\"wp-page\" data-elementor-id=\"39\" class=\"elementor elementor-39\">\n\t\t\t\t<div class=\"elementor-element elementor-element-30589a6 e-flex e-con-boxed e-con e-parent\" data-id=\"30589a6\" data-element_type=\"container\" data-settings=\"{&quot;ekit_has_onepagescroll_dot&quot;:&quot;yes&quot;}\">\n\t\t\t\t\t<div class=\"e-con-inner\">\n\t\t\t\t<div class=\"elementor-element elementor-element-74478213 elementor-widget elementor-widget-text-editor\" data-id=\"74478213\" data-element_type=\"widget\" data-settings=\"{&quot;ekit_we_effect_on&quot;:&quot;none&quot;}\" data-widget_type=\"text-editor.default\">\n\t\t\t\t<div class=\"elementor-widget-container\">\n\t\t\t<style>\/*! elementor - v3.21.0 - 18-04-2024 *\/\n.elementor-widget-text-editor.elementor-drop-cap-view-stacked .elementor-drop-cap{background-color:#69727d;color:#fff}.elementor-widget-text-editor.elementor-drop-cap-view-framed .elementor-drop-cap{color:#69727d;border:3px solid;background-color:transparent}.elementor-widget-text-editor:not(.elementor-drop-cap-view-default) .elementor-drop-cap{margin-top:8px}.elementor-widget-text-editor:not(.elementor-drop-cap-view-default) .elementor-drop-cap-letter{width:1em;height:1em}.elementor-widget-text-editor .elementor-drop-cap{float:left;text-align:center;line-height:1;font-size:50px}.elementor-widget-text-editor .elementor-drop-cap-letter{display:inline-block}<\/style>\t\t\t\t<p><!-- \/wp:paragraph --><\/p>\n<p><!-- wp:paragraph --><\/p>\n<h2>Regulamin voucher\u00f3w \/ bon\u00f3w<strong>:<\/strong><\/h2>\n<p>Voucher oferowany przez ThaiRai stanowi bon MPV (bon r\u00f3\u017cnego przeznaczenia) w rozumieniu obowi\u0105zuj\u0105cych przepis\u00f3w podatkowych. Klient dokonuje zakupu bonu, kt\u00f3ry mo\u017ce zosta\u0107 nast\u0119pnie wykorzystany na us\u0142ugi \u015bwiadczone przez ThaiRai, w szczeg\u00f3lno\u015bci na us\u0142ugi masa\u017cu. Voucher dost\u0119pny jest w formie papierowej oraz elektronicznej.<\/p>\n<p>Przed wykonaniem us\u0142ugi U\u017cytkownik przedstawia orygina\u0142 Vouchera \/ bonu (w formie papierowej), uprawniaj\u0105cego go do skorzystania z oferty ThaiRai. Nieokazanie Vouchera skutkuje odmow\u0105 wykonania us\u0142ugi.<\/p>\n<p>W przypadku problem\u00f3w z dostarczeniem Vouchera elektronicznego U\u017cytkownik powinien skontaktowa\u0107 si\u0119 z obs\u0142ug\u0105 klienta ThaiRai.<\/p>\n<p>Zakupiony Voucher \/ bon MPV nie podlega wymianie na got\u00f3wk\u0119.<\/p>\n<p>Voucher mo\u017ce zosta\u0107 wykorzystany wielorazowo do wyczerpania jego warto\u015bci.<\/p>\n<p>Przy realizacji Vouchera U\u017cytkownikowi nie przys\u0142uguje prawo otrzymania reszty, gdy warto\u015b\u0107 wybranej us\u0142ugi jest ni\u017csza ni\u017c warto\u015b\u0107 Vouchera.<\/p>\n<p>U\u017cytkownik Vouchera zobowi\u0105zany jest do zap\u0142aty r\u00f3\u017cnicy ceny got\u00f3wk\u0105, kart\u0105 p\u0142atnicz\u0105 lub kart\u0105 kredytow\u0105, gdy warto\u015b\u0107 \u015bwiadczonej us\u0142ugi jest wy\u017csza od warto\u015bci przedstawionego Vouchera.<\/p>\n<p>W przypadku ch\u0119ci skorzystania z wybranej us\u0142ugi U\u017cytkownik Vouchera zobowi\u0105zany jest do wcze\u015bniejszej rezerwacji terminu.<\/p>\n<p>Odwo\u0142anie um\u00f3wionej wizyty musi nast\u0105pi\u0107 co najmniej 24 godziny przed terminem.<\/p>\n<p>W przypadku nieodwo\u0142ania us\u0142ugi w wyznaczonym terminie Voucher uznaje si\u0119 za wykorzystany.<\/p>\n<p>Voucher jest wa\u017cny 6 miesi\u0119cy od momentu zakupu, chyba \u017ce na Voucherze wskazano inaczej.<\/p>\n<p>W przypadku utraty Vouchera elektronicznego U\u017cytkownik mo\u017ce poprosi\u0107 o jego ponown\u0105 wysy\u0142k\u0119. ThaiRai nie ponosi odpowiedzialno\u015bci za nieautoryzowany dost\u0119p do Vouchera elektronicznego po jego dostarczeniu do U\u017cytkownika.<\/p>\n<p>ThaiRai ma prawo odm\u00f3wi\u0107 zrealizowania Vouchera gdy:<\/p>\n<p>\u00a0<\/p>\n<ol>\n<li>a) up\u0142yn\u0105\u0142 termin wa\u017cno\u015bci Vouchera,<\/li>\n<\/ol>\n<ol>\n<li>b) uszkodzenia Vouchera uniemo\u017cliwiaj\u0105 odczytanie danych zapisanych na Voucherze,<\/li>\n<\/ol>\n<ol>\n<li>c) istniej\u0105 uzasadnione w\u0105tpliwo\u015bci co do autentyczno\u015bci Vouchera elektronicznego.<\/li>\n<\/ol>\n<h2>\u00a0<\/h2>\n<h2>Potrzebujesz pomocy?<\/h2>\n<p><!-- \/wp:paragraph --><\/p>\n<p><!-- wp:paragraph --><\/p>\n<p>Skontaktuj si\u0119 z nami pod adresem salon@thairai.com.pl, je\u015bli masz pytania dotycz\u0105ce zwrot\u00f3w pieni\u0119dzy i zwrot\u00f3w.<\/p>\n<p><!-- \/wp:paragraph --><\/p>\t\t\t\t\t\t<\/div>\n\t\t\t\t<\/div>\n\t\t\t\t\t<\/div>\n\t\t\t\t<\/div>\n\t\t\t\t<\/div>","protected":false},"excerpt":{"rendered":"<p>Regulamin voucher\u00f3w \/ bon\u00f3w: Voucher oferowany przez ThaiRai stanowi bon MPV (bon r\u00f3\u017cnego przeznaczenia) w rozumieniu obowi\u0105zuj\u0105cych przepis\u00f3w podatkowych. Klient dokonuje zakupu bonu, kt\u00f3ry mo\u017ce zosta\u0107 nast\u0119pnie wykorzystany na us\u0142ugi \u015bwiadczone przez ThaiRai, w szczeg\u00f3lno\u015bci na us\u0142ugi masa\u017cu. Voucher dost\u0119pny jest w formie papierowej oraz elektronicznej. Przed wykonaniem us\u0142ugi U\u017cytkownik przedstawia orygina\u0142 Vouchera \/ bonu [&hellip;]<\/p>","protected":false},"author":1,"featured_media":0,"parent":0,"menu_order":0,"comment_status":"closed","ping_status":"closed","template":"elementor_canvas","meta":{"footnotes":""},"class_list":["post-39","page","type-page","status-publish","hentry"],"_links":{"self":[{"href":"https:\/\/sklep.thairai.com.pl\/en\/wp-json\/wp\/v2\/pages\/39","targetHints":{"allow":["GET"]}}],"collection":[{"href":"https:\/\/sklep.thairai.com.pl\/en\/wp-json\/wp\/v2\/pages"}],"about":[{"href":"https:\/\/sklep.thairai.com.pl\/en\/wp-json\/wp\/v2\/types\/page"}],"author":[{"embeddable":true,"href":"https:\/\/sklep.thairai.com.pl\/en\/wp-json\/wp\/v2\/users\/1"}],"replies":[{"embeddable":true,"href":"https:\/\/sklep.thairai.com.pl\/en\/wp-json\/wp\/v2\/comments?post=39"}],"version-history":[{"count":12,"href":"https:\/\/sklep.thairai.com.pl\/en\/wp-json\/wp\/v2\/pages\/39\/revisions"}],"predecessor-version":[{"id":3733,"href":"https:\/\/sklep.thairai.com.pl\/en\/wp-json\/wp\/v2\/pages\/39\/revisions\/3733"}],"wp:attachment":[{"href":"https:\/\/sklep.thairai.com.pl\/en\/wp-json\/wp\/v2\/media?parent=39"}],"curies":[{"name":"wp","href":"https:\/\/api.w.org\/{rel}","templated":true}]}}