{"id":111,"date":"2024-03-04T15:02:47","date_gmt":"2024-03-04T15:02:47","guid":{"rendered":"http:\/\/sklep.thairai.com.pl\/?post_type=product&#038;p=111"},"modified":"2026-03-10T14:01:11","modified_gmt":"2026-03-10T14:01:11","slug":"tajski-masaz-nog","status":"publish","type":"product","link":"https:\/\/sklep.thairai.com.pl\/en\/product\/tajski-masaz-nog\/","title":{"rendered":"Thai leg massage"},"content":{"rendered":"<div class=\"elementor-column elementor-col-33 elementor-top-column elementor-element elementor-element-0c7f807\" data-id=\"0c7f807\" data-element_type=\"column\">\n<div class=\"elementor-widget-wrap elementor-element-populated\">\n<div class=\"elementor-element elementor-element-f0f1007 elementor-widget elementor-widget-heading\" data-id=\"f0f1007\" data-element_type=\"widget\" data-settings=\"{&quot;ekit_we_effect_on&quot;:&quot;none&quot;}\" data-widget_type=\"heading.default\">\n<div class=\"elementor-widget-container\">\n<p class=\"elementor-heading-title elementor-size-default\">Thai Leg Massage, is a comprehensive therapeutic and relaxing treatment that focuses on the manipulation of the feet and legs using acupressure, reflexology and stretching techniques. The massage begins with a gentle foot warm-up, after which the massage therapist stimulates acupressure points that are associated with various organs and parts of the body, which can affect overall health. Next, stretching, kneading and bending techniques are used to relax tense muscles and joints in the feet. The treatment ends with relaxing movements designed to relax and unwind the feet. This is a popular method that can bring many benefits to the overall well-being and health of the body.<\/p>\n<p>Thai leg massage is recommended for people with tense and tired feet, experiencing pain in various parts of the body, stress and emotional tension, circulation problems and restrictions in joint movement. Both healthy people and those with physical or emotional ailments can benefit from this massage, but it is always advisable to consult with an experienced massage therapist before starting the treatment.<\/p>\n<\/div>\n<\/div>\n<\/div>\n<\/div>\n<div class=\"elementor-column elementor-col-33 elementor-top-column elementor-element elementor-element-c0dbf65\" data-id=\"c0dbf65\" data-element_type=\"column\">\n<div class=\"elementor-widget-wrap elementor-element-populated\">\n<div class=\"elementor-element elementor-element-882b715 elementor-widget elementor-widget-spacer\" data-id=\"882b715\" data-element_type=\"widget\" data-settings=\"{&quot;ekit_we_effect_on&quot;:&quot;none&quot;}\" data-widget_type=\"spacer.default\">\n<div class=\"elementor-widget-container\">\n<div class=\"elementor-spacer\">\n<div class=\"elementor-spacer-inner\">Tajski masa\u017c n\u00f3g mo\u017ce przynie\u015b\u0107 wiele korzy\u015bci, takich jak zmniejszenie napi\u0119cia mi\u0119\u015bniowego, poprawa kr\u0105\u017cenia krwi, z\u0142agodzenie b\u00f3lu, redukcja stresu oraz og\u00f3lna poprawa samopoczucia. Ponadto, uwa\u017ca si\u0119, \u017ce masa\u017c st\u00f3p wp\u0142ywa na r\u00f3wnowag\u0119 energetyczn\u0105 organizmu i mo\u017ce przynie\u015b\u0107 korzy\u015bci dla zdrowia ca\u0142ego cia\u0142a.<\/div>\n<\/div>\n<\/div>\n<\/div>\n<\/div>\n<\/div>","protected":false},"excerpt":{"rendered":"<p>Tajski masa\u017c n\u00f3g, to kompleksowy zabieg terapeutyczny i relaksacyjny, koncentruj\u0105cy si\u0119 na manipulacji st\u00f3p i n\u00f3g za pomoc\u0105 technik akupresury, refleksologii i rozci\u0105gania. Masa\u017c mo\u017ce przynie\u015b\u0107 wiele korzy\u015bci, takich jak zmniejszenie napi\u0119cia mi\u0119\u015bniowego, poprawa kr\u0105\u017cenia krwi, z\u0142agodzenie b\u00f3lu, redukcja stresu oraz og\u00f3lna poprawa samopoczucia.<\/p>\n<p><strong>After ordering, you will receive a voucher for the massage or ritual you have purchased, which will be delivered by email. Please count on it being delivered during the opening hours of our salons. Each voucher remains valid for a period of 6 months (unless the date on the Voucher says otherwise) from the time of purchase, giving you ample time to enjoy this unique relaxation experience.<\/strong><\/p>\n<p>If you have any further questions, please do not hesitate to contact us by phone or via the contact form.<\/p>","protected":false},"featured_media":3669,"template":"","meta":[],"product_cat":[64,58],"product_tag":[],"class_list":{"0":"post-111","1":"product","2":"type-product","3":"status-publish","4":"has-post-thumbnail","6":"product_cat-masaze-czesciowe","7":"product_cat-wszystkie","9":"first","10":"instock","11":"shipping-taxable","12":"purchasable","13":"product-type-variable","14":"has-default-attributes"},"_links":{"self":[{"href":"https:\/\/sklep.thairai.com.pl\/en\/wp-json\/wp\/v2\/product\/111","targetHints":{"allow":["GET"]}}],"collection":[{"href":"https:\/\/sklep.thairai.com.pl\/en\/wp-json\/wp\/v2\/product"}],"about":[{"href":"https:\/\/sklep.thairai.com.pl\/en\/wp-json\/wp\/v2\/types\/product"}],"wp:featuredmedia":[{"embeddable":true,"href":"https:\/\/sklep.thairai.com.pl\/en\/wp-json\/wp\/v2\/media\/3669"}],"wp:attachment":[{"href":"https:\/\/sklep.thairai.com.pl\/en\/wp-json\/wp\/v2\/media?parent=111"}],"wp:term":[{"taxonomy":"product_cat","embeddable":true,"href":"https:\/\/sklep.thairai.com.pl\/en\/wp-json\/wp\/v2\/product_cat?post=111"},{"taxonomy":"product_tag","embeddable":true,"href":"https:\/\/sklep.thairai.com.pl\/en\/wp-json\/wp\/v2\/product_tag?post=111"}],"curies":[{"name":"wp","href":"https:\/\/api.w.org\/{rel}","templated":true}]}}