{"id":123,"date":"2024-03-04T15:11:11","date_gmt":"2024-03-04T15:11:11","guid":{"rendered":"http:\/\/sklep.thairai.com.pl\/?post_type=product&#038;p=123"},"modified":"2026-03-10T14:10:42","modified_gmt":"2026-03-10T14:10:42","slug":"masaz-lomi-lomi","status":"publish","type":"product","link":"https:\/\/sklep.thairai.com.pl\/en\/product\/masaz-lomi-lomi\/","title":{"rendered":"Masa\u017c Lomi Lomi"},"content":{"rendered":"<div class=\"elementor-column elementor-col-33 elementor-top-column elementor-element elementor-element-de2b8fa\" data-id=\"de2b8fa\" data-element_type=\"column\">\n<div class=\"elementor-widget-wrap elementor-element-populated\">\n<div class=\"elementor-element elementor-element-12b54ea elementor-widget elementor-widget-heading\" data-id=\"12b54ea\" data-element_type=\"widget\" data-settings=\"{&quot;ekit_we_effect_on&quot;:&quot;none&quot;}\" data-widget_type=\"heading.default\">\n<div class=\"elementor-widget-container\">\n<p class=\"elementor-heading-title elementor-size-default\">Masa\u017c Lomi Lomi to relaksacyjny masa\u017c pochodz\u0105cy z Hawaj\u00f3w, kt\u00f3ry skupia si\u0119 na przekazywaniu rado\u015bci i g\u0142\u0119bokim odpr\u0119\u017ceniu cia\u0142a i duszy. Technika ta wykorzystuje intensywne naciskanie, ugniatanie i precyzyjne ruchy, kt\u00f3re mia\u0142y pierwotnie charakter rytualny i uzdrawiaj\u0105cy. Podczas zabiegu klient le\u017cy na stole, a masa\u017cysta wykorzystuje r\u00f3\u017cne cz\u0119\u015bci cia\u0142a do masa\u017cu, takie jak otwarte d\u0142onie, palce, nadgarstki i barki, aby stworzy\u0107 kompleksowe do\u015bwiadczenie relaksacyjne. Po masa\u017cu zaleca si\u0119 odpoczynek, ciep\u0142\u0105 k\u0105piel z olejkami eterycznymi i picie du\u017cej ilo\u015bci wody, aby wspom\u00f3c oczyszczanie organizmu.<\/p>\n<\/div>\n<\/div>\n<\/div>\n<\/div>\n<div class=\"elementor-column elementor-col-33 elementor-top-column elementor-element elementor-element-c8f35c6\" data-id=\"c8f35c6\" data-element_type=\"column\">\n<div class=\"elementor-widget-wrap elementor-element-populated\">\n<div class=\"elementor-element elementor-element-2d0f7bd elementor-widget elementor-widget-spacer\" data-id=\"2d0f7bd\" data-element_type=\"widget\" data-settings=\"{&quot;ekit_we_effect_on&quot;:&quot;none&quot;}\" data-widget_type=\"spacer.default\">\n<div class=\"elementor-widget-container\">\n<div class=\"elementor-spacer\">\n<div class=\"elementor-spacer-inner\">Masa\u017c Lomi Lomi jest szczeg\u00f3lnie korzystny dla os\u00f3b zmagaj\u0105cych si\u0119 z depresj\u0105, b\u00f3lami plec\u00f3w i g\u0142owy, reumatyzmem oraz l\u0119kami, poniewa\u017c mo\u017ce przynie\u015b\u0107 ulg\u0119 i redukcj\u0119 tych dolegliwo\u015bci. Dodatkowo, masa\u017c ten dzia\u0142a relaksuj\u0105co i odpr\u0119\u017caj\u0105co, co korzystnie wp\u0142ywa na osoby zmagaj\u0105ce si\u0119 ze stresem, przem\u0119czeniem, d\u0142ugotrwa\u0142ym siedzeniem w jednej pozycji oraz nisk\u0105 odporno\u015bci\u0105 fizyczn\u0105 i psychiczn\u0105. Osoby stosuj\u0105ce kuracje odchudzaj\u0105ce tak\u017ce mog\u0105 skorzysta\u0107 z tego masa\u017cu, gdy\u017c wspomaga relaksacj\u0119 i oczyszczanie organizmu.<\/div>\n<div><\/div>\n<\/div>\n<\/div>\n<\/div>\n<div>Masa\u017c Lomi Lomi to kompleksowy zabieg, kt\u00f3ry dzia\u0142a na wielu poziomach \u2013 redukuje napi\u0119cie mi\u0119\u015bniowe, usuwa blokady wewn\u0119trzne, t\u0142umi z\u0142e emocje i przywraca spok\u00f3j wewn\u0119trzny. Dodatkowo, poprawia kr\u0105\u017cenie krwi i limfy, stymuluje przemian\u0119 materii oraz zaspokaja potrzeb\u0119 kontaktu fizycznego.<\/div>\n<\/div>\n<\/div>","protected":false},"excerpt":{"rendered":"<p>Masa\u017c Lomi Lomi to relaksacyjny masa\u017c pochodz\u0105cy z Hawaj\u00f3w, kt\u00f3ry skupia si\u0119 na przekazywaniu rado\u015bci i g\u0142\u0119bokim odpr\u0119\u017ceniu cia\u0142a i duszy. Technika ta wykorzystuje intensywne naciskanie, ugniatanie i precyzyjne ruchy, kt\u00f3re mia\u0142y pierwotnie charakter rytualny i uzdrawiaj\u0105cy.<\/p>\n<p><strong>After ordering, you will receive a voucher for the massage or ritual you have purchased, which will be delivered by email. Please count on it being delivered during the opening hours of our salons. Each voucher remains valid for a period of 6 months (unless the date on the Voucher says otherwise) from the time of purchase, giving you ample time to enjoy this unique relaxation experience.<\/strong><\/p>\n<p>If you have any further questions, please do not hesitate to contact us by phone or via the contact form.<\/p>","protected":false},"featured_media":3686,"template":"","meta":[],"product_cat":[62,58],"product_tag":[],"class_list":{"0":"post-123","1":"product","2":"type-product","3":"status-publish","4":"has-post-thumbnail","6":"product_cat-masaze-specjalne","7":"product_cat-wszystkie","9":"first","10":"instock","11":"shipping-taxable","12":"purchasable","13":"product-type-variable"},"_links":{"self":[{"href":"https:\/\/sklep.thairai.com.pl\/en\/wp-json\/wp\/v2\/product\/123","targetHints":{"allow":["GET"]}}],"collection":[{"href":"https:\/\/sklep.thairai.com.pl\/en\/wp-json\/wp\/v2\/product"}],"about":[{"href":"https:\/\/sklep.thairai.com.pl\/en\/wp-json\/wp\/v2\/types\/product"}],"wp:featuredmedia":[{"embeddable":true,"href":"https:\/\/sklep.thairai.com.pl\/en\/wp-json\/wp\/v2\/media\/3686"}],"wp:attachment":[{"href":"https:\/\/sklep.thairai.com.pl\/en\/wp-json\/wp\/v2\/media?parent=123"}],"wp:term":[{"taxonomy":"product_cat","embeddable":true,"href":"https:\/\/sklep.thairai.com.pl\/en\/wp-json\/wp\/v2\/product_cat?post=123"},{"taxonomy":"product_tag","embeddable":true,"href":"https:\/\/sklep.thairai.com.pl\/en\/wp-json\/wp\/v2\/product_tag?post=123"}],"curies":[{"name":"wp","href":"https:\/\/api.w.org\/{rel}","templated":true}]}}