{"id":127,"date":"2024-03-04T15:14:05","date_gmt":"2024-03-04T15:14:05","guid":{"rendered":"http:\/\/sklep.thairai.com.pl\/?post_type=product&#038;p=127"},"modified":"2026-03-10T14:00:29","modified_gmt":"2026-03-10T14:00:29","slug":"masaz-kobido-2","status":"publish","type":"product","link":"https:\/\/sklep.thairai.com.pl\/en\/product\/masaz-kobido-2\/","title":{"rendered":"Kobido massage"},"content":{"rendered":"<div class=\"elementor-column elementor-col-33 elementor-top-column elementor-element elementor-element-688a152\" data-id=\"688a152\" data-element_type=\"column\">\n<div class=\"elementor-widget-wrap elementor-element-populated\">\n<div class=\"elementor-element elementor-element-b304b66 elementor-widget elementor-widget-heading\" data-id=\"b304b66\" data-element_type=\"widget\" data-settings=\"{&quot;ekit_we_effect_on&quot;:&quot;none&quot;}\" data-widget_type=\"heading.default\">\n<div class=\"elementor-widget-container\">\n<p class=\"elementor-heading-title elementor-size-default\">Kobido Japanese Lifting Facial Massage is an extraordinary art, focusing on non-surgical facelift, using a combination of traditional Japanese medical concepts and various hand manipulation techniques. The main aim of the massage is to achieve balance in the skin, muscles and associated body by working precisely on acupressure points and activating facial nerves, leading to a natural lifting effect. The massage includes the stages of deep tissue massage, relaxation, drainage, lifting and acupressure, with care taken to avoid pain during the treatment.<\/p>\n<p>Kobido massage is suitable for a variety of age groups and people who want to improve the appearance and condition of facial skin, reduce muscle tension, achieve a lifting effect without the need for surgical procedures and increase the flow of energy in the face. It is particularly beneficial for those with complaints of muscle tension, swelling and toxins, as well as those seeking relaxation and indulgence.<\/p>\n<p>Masa\u017c Kobido to niezwykle korzystny zabieg dla sk\u00f3ry twarzy, kt\u00f3ry stymuluje kr\u0105\u017cenie krwi, redukuje napi\u0119cie mi\u0119\u015bniowe i dzia\u0142a jak naturalny lifting, poprawiaj\u0105c wygl\u0105d cery. Dodatkowo, aktywacja punkt\u00f3w akupresury wspomaga przep\u0142yw energii na twarzy, co przyczynia si\u0119 do przywr\u00f3cenia r\u00f3wnowagi i harmonii. Masa\u017c Kobido ma r\u00f3wnie\u017c dzia\u0142anie relaksuj\u0105ce i odpr\u0119\u017caj\u0105ce, co przek\u0142ada si\u0119 na redukcj\u0119 stresu i popraw\u0119 og\u00f3lnego samopoczucia, a techniki drena\u017cu limfatycznego pomagaj\u0105 w usuwaniu toksyn z organizmu, wspieraj\u0105c proces oczyszczania. Dzi\u0119ki oddzia\u0142ywaniu na punkty zwi\u0105zane z uk\u0142adem nerwowym, masa\u017c mo\u017ce pom\u00f3c w uspokojeniu i zmniejszeniu napi\u0119cia emocjonalnego, a regularne sesje przynosz\u0105 bardziej trwa\u0142e i widoczne efekty.<\/p>\n<\/div>\n<\/div>\n<\/div>\n<\/div>","protected":false},"excerpt":{"rendered":"<p>Kobido Japo\u0144ski Liftinguj\u0105cy Masa\u017c Twarzy to niezwyk\u0142a sztuka, skupiaj\u0105ca si\u0119 na niechirurgicznym liftingu twarzy, wykorzystuj\u0105c kombinacj\u0119 tradycyjnych japo\u0144skich koncepcji medycznych i r\u00f3\u017cnych technik manipulacji r\u0119k\u0105. G\u0142\u00f3wnym celem masa\u017cu jest osi\u0105gni\u0119cie r\u00f3wnowagi w sk\u00f3rze, mi\u0119\u015bniach i powi\u0105zanym ciele poprzez precyzyjne dzia\u0142anie na punktach akupresury i uaktywnianie nerw\u00f3w twarzy, co prowadzi do naturalnego efektu liftingu.<\/p>\n<p><strong>After ordering, you will receive a voucher for the massage or ritual you have purchased, which will be delivered by email. Please count on it being delivered during the opening hours of our salons. Each voucher remains valid for a period of 6 months (unless the date on the Voucher says otherwise) from the time of purchase, giving you ample time to enjoy this unique relaxation experience.<\/strong><\/p>\n<p>If you have any further questions, please do not hesitate to contact us by phone or via the contact form.<\/p>","protected":false},"featured_media":3667,"template":"","meta":[],"product_cat":[64,58],"product_tag":[],"class_list":{"0":"post-127","1":"product","2":"type-product","3":"status-publish","4":"has-post-thumbnail","6":"product_cat-masaze-czesciowe","7":"product_cat-wszystkie","9":"first","10":"instock","11":"shipping-taxable","12":"purchasable","13":"product-type-variable"},"_links":{"self":[{"href":"https:\/\/sklep.thairai.com.pl\/en\/wp-json\/wp\/v2\/product\/127","targetHints":{"allow":["GET"]}}],"collection":[{"href":"https:\/\/sklep.thairai.com.pl\/en\/wp-json\/wp\/v2\/product"}],"about":[{"href":"https:\/\/sklep.thairai.com.pl\/en\/wp-json\/wp\/v2\/types\/product"}],"wp:featuredmedia":[{"embeddable":true,"href":"https:\/\/sklep.thairai.com.pl\/en\/wp-json\/wp\/v2\/media\/3667"}],"wp:attachment":[{"href":"https:\/\/sklep.thairai.com.pl\/en\/wp-json\/wp\/v2\/media?parent=127"}],"wp:term":[{"taxonomy":"product_cat","embeddable":true,"href":"https:\/\/sklep.thairai.com.pl\/en\/wp-json\/wp\/v2\/product_cat?post=127"},{"taxonomy":"product_tag","embeddable":true,"href":"https:\/\/sklep.thairai.com.pl\/en\/wp-json\/wp\/v2\/product_tag?post=127"}],"curies":[{"name":"wp","href":"https:\/\/api.w.org\/{rel}","templated":true}]}}