{"id":134,"date":"2024-03-04T15:21:26","date_gmt":"2024-03-04T15:21:26","guid":{"rendered":"http:\/\/sklep.thairai.com.pl\/?post_type=product&#038;p=134"},"modified":"2026-03-10T14:10:17","modified_gmt":"2026-03-10T14:10:17","slug":"masaz-wyszczuplajacy","status":"publish","type":"product","link":"https:\/\/sklep.thairai.com.pl\/en\/product\/masaz-wyszczuplajacy\/","title":{"rendered":"Masa\u017c antycellulitowy"},"content":{"rendered":"<div class=\"elementor-column elementor-col-33 elementor-top-column elementor-element elementor-element-76c19ca\" data-id=\"76c19ca\" data-element_type=\"column\">\n<div class=\"elementor-widget-wrap elementor-element-populated\">\n<div class=\"elementor-element elementor-element-d653e04 elementor-widget elementor-widget-heading\" data-id=\"d653e04\" data-element_type=\"widget\" data-settings=\"{&quot;ekit_we_effect_on&quot;:&quot;none&quot;}\" data-widget_type=\"heading.default\">\n<div class=\"elementor-widget-container\">\n<p class=\"elementor-heading-title elementor-size-default\">Masa\u017c antycellulitowy to specjalistyczny zabieg, kt\u00f3ry wykorzystuje r\u00f3\u017cne techniki masa\u017cu, przeprowadzany przy u\u017cyciu specjalnych krem\u00f3w i olejk\u00f3w o w\u0142a\u015bciwo\u015bciach antycellulitowych i uj\u0119drniaj\u0105cych. Poprzez te techniki i specjalistyczne produkty, masa\u017c antycellulitowy dzia\u0142a na sk\u00f3r\u0119 i tkank\u0119 t\u0142uszczow\u0105, usuwaj\u0105c cellulit, modeluj\u0105c i wyszczuplaj\u0105c sylwetk\u0119, a tak\u017ce wyg\u0142adzaj\u0105c i uj\u0119drniaj\u0105c sk\u00f3r\u0119. Dodatkowo, masa\u017c ten pobudza kr\u0105\u017cenie krwi, co wspomaga usuwanie toksyn z organizmu. Aby osi\u0105gn\u0105\u0107 najlepsze efekty, zaleca si\u0119 przeprowadzanie regularnych serii masa\u017cu, dostosowanych do indywidualnych potrzeb i cel\u00f3w klienta.<\/p>\n<\/div>\n<\/div>\n<div class=\"elementor-element elementor-element-4abfec3 elementor-widget elementor-widget-text-editor\" data-id=\"4abfec3\" data-element_type=\"widget\" data-settings=\"{&quot;ekit_we_effect_on&quot;:&quot;none&quot;}\" data-widget_type=\"text-editor.default\">\n<div class=\"elementor-widget-container\">\n<p>Masa\u017c antycellulitowy jest szczeg\u00f3lnie polecany dla os\u00f3b z problemem cellulitu, nadmiern\u0105 tkank\u0105 t\u0142uszczow\u0105 i zanieczyszczeniami sk\u00f3ry, oraz dla tych, kt\u00f3rzy pragn\u0105 poprawi\u0107 wygl\u0105d i kondycj\u0119 sk\u00f3ry. W po\u0142\u0105czeniu z odpowiedni\u0105 diet\u0105 i aktywno\u015bci\u0105 fizyczn\u0105, masa\u017c antycellulitowy mo\u017ce pom\u00f3c osi\u0105gn\u0105\u0107 lepsze efekty w poprawie wygl\u0105du sylwetki.<\/p>\n<p>Masa\u017c antycellulitowy przynosi korzystne efekty, takie jak redukcja cellulitu, uelastycznienie sk\u00f3ry oraz wsparcie procesu odchudzania poprzez redukcj\u0119 tkanki t\u0142uszczowej. Dodatkowo, masa\u017c wspomaga detoksykacj\u0119 organizmu, dzia\u0142a relaksuj\u0105co, co zmniejsza stres, oraz przyczynia si\u0119 do wyszczuplenia sylwetki i kszta\u0142towania cia\u0142a. Aby osi\u0105gn\u0105\u0107 najlepsze wyniki, zaleca si\u0119 \u0142\u0105czenie masa\u017cu odchudzaj\u0105cego z odpowiedni\u0105 diet\u0105, regularn\u0105 aktywno\u015bci\u0105 fizyczn\u0105 i zdrowym stylem \u017cycia.<\/p>\n<\/div>\n<\/div>\n<\/div>\n<\/div>","protected":false},"excerpt":{"rendered":"<p>Masa\u017c antycellulitowy to specjalistyczny zabieg, kt\u00f3ry wykorzystuje r\u00f3\u017cne techniki masa\u017cu, przeprowadzany przy u\u017cyciu specjalnych krem\u00f3w i olejk\u00f3w o w\u0142a\u015bciwo\u015bciach antycellulitowych i uj\u0119drniaj\u0105cych. Poprzez te techniki i specjalistyczne produkty, masa\u017c antycellulitowy dzia\u0142a na sk\u00f3r\u0119 i tkank\u0119 t\u0142uszczow\u0105, usuwaj\u0105c cellulit, modeluj\u0105c i wyszczuplaj\u0105c sylwetk\u0119, a tak\u017ce wyg\u0142adzaj\u0105c i uj\u0119drniaj\u0105c sk\u00f3r\u0119.<\/p>\n<p><strong>After ordering, you will receive a voucher for the massage or ritual you have purchased, which will be delivered by email. Please count on it being delivered during the opening hours of our salons. Each voucher remains valid for a period of 6 months (unless the date on the Voucher says otherwise) from the time of purchase, giving you ample time to enjoy this unique relaxation experience.<\/strong><\/p>\n<p>If you have any further questions, please do not hesitate to contact us by phone or via the contact form.<\/p>","protected":false},"featured_media":3685,"template":"","meta":[],"product_cat":[62,58],"product_tag":[],"class_list":{"0":"post-134","1":"product","2":"type-product","3":"status-publish","4":"has-post-thumbnail","6":"product_cat-masaze-specjalne","7":"product_cat-wszystkie","9":"first","10":"instock","11":"shipping-taxable","12":"purchasable","13":"product-type-variable"},"_links":{"self":[{"href":"https:\/\/sklep.thairai.com.pl\/en\/wp-json\/wp\/v2\/product\/134","targetHints":{"allow":["GET"]}}],"collection":[{"href":"https:\/\/sklep.thairai.com.pl\/en\/wp-json\/wp\/v2\/product"}],"about":[{"href":"https:\/\/sklep.thairai.com.pl\/en\/wp-json\/wp\/v2\/types\/product"}],"wp:featuredmedia":[{"embeddable":true,"href":"https:\/\/sklep.thairai.com.pl\/en\/wp-json\/wp\/v2\/media\/3685"}],"wp:attachment":[{"href":"https:\/\/sklep.thairai.com.pl\/en\/wp-json\/wp\/v2\/media?parent=134"}],"wp:term":[{"taxonomy":"product_cat","embeddable":true,"href":"https:\/\/sklep.thairai.com.pl\/en\/wp-json\/wp\/v2\/product_cat?post=134"},{"taxonomy":"product_tag","embeddable":true,"href":"https:\/\/sklep.thairai.com.pl\/en\/wp-json\/wp\/v2\/product_tag?post=134"}],"curies":[{"name":"wp","href":"https:\/\/api.w.org\/{rel}","templated":true}]}}