{"id":138,"date":"2024-03-04T15:25:19","date_gmt":"2024-03-04T15:25:19","guid":{"rendered":"http:\/\/sklep.thairai.com.pl\/?post_type=product&#038;p=138"},"modified":"2026-03-10T14:05:02","modified_gmt":"2026-03-10T14:05:02","slug":"masaz-tajski-dla-dwojga","status":"publish","type":"product","link":"https:\/\/sklep.thairai.com.pl\/en\/product\/masaz-tajski-dla-dwojga\/","title":{"rendered":"Masa\u017c tajski klasyczny dla dwojga"},"content":{"rendered":"<p>Classical Thai massage is a traditional massage originating in Thailand that stands out from other types of massage. It is performed without the use of oil, and the person undergoing the treatment dresses in a special loose outfit provided by the salon. It is a very intense experience, where the masseuse uses not only the hands, but also the forearms, elbows, knees and even the feet.<\/p>\n<p>The technique combines elements of acupressure, reflexology and so-called passive yoga, making it a variation of deep massage. During the session, the client changes the position of the body several times \u2013 from lying on the stomach, to lying on the back, to the side position, to sitting.<\/p>\n<p>The main goal of classic Thai massage is to relax muscles, restore flexibility and improve the range of motion in the joints.<\/p>\n<p>Ten rodzaj masa\u017cu jest szczeg\u00f3lnie polecany osobom, kt\u00f3re preferuj\u0105 zabiegi bez olejk\u00f3w, a jednocze\u015bnie chc\u0105 skorzysta\u0107 z dobrodziejstw masa\u017cu orientalnego. Zalecany jest r\u00f3wnie\u017c dla os\u00f3b odczuwaj\u0105cych spadek energii i zm\u0119czenie, zw\u0142aszcza dla tych, kt\u00f3rzy maj\u0105 ma\u0142o ruchu i pracuj\u0105 w pozycji siedz\u0105cej. Masa\u017c tajski mo\u017ce by\u0107 r\u00f3wnie\u017c pomocny w rehabilitacji po urazach oraz w regeneracji po intensywnym wysi\u0142ku fizycznym. Jest odpowiedni zar\u00f3wno dla kobiet, jak i dla m\u0119\u017cczyzn.<\/p>\n<p>Masa\u017c jest skutecznym sposobem na:<\/p>\n<ul>\n<li>z\u0142agodzenie napi\u0119cia i rozlu\u017anienie spi\u0119tych mi\u0119\u015bni,<\/li>\n<li>przyspieszenie metabolizmu i lepsze wykorzystanie substancji od\u017cywczych w organizmie,<\/li>\n<li>redukcj\u0119 stresu i zwi\u0119kszenie poziomu energii,<\/li>\n<li>ulg\u0119 w b\u00f3lach powsta\u0142ych na skutek wielogodzinnej pracy w pozycji siedz\u0105cej,<\/li>\n<li>zniwelowanie dolegliwo\u015bci spowodowanych wad\u0105 postawy<\/li>\n<\/ul>\n<p>Dzi\u0119ki tej terapii mo\u017cemy cieszy\u0107 si\u0119 z ukojenia dla cia\u0142a i umys\u0142u, a tak\u017ce do\u015bwiadczy\u0107 poprawy samopoczucia i og\u00f3lnej kondycji. Masa\u017c pomaga nam wyr\u00f3wna\u0107 harmoni\u0119 wewn\u0119trzn\u0105 i odzyska\u0107 witalno\u015b\u0107, pozwalaj\u0105c na pe\u0142n\u0105 satysfakcj\u0119 z \u017cycia.<\/p>\n<p>Efekty tego masa\u017cu s\u0105 odczuwalne nawet kilka dni po zako\u0144czeniu terapii. To naprawd\u0119 wyj\u0105tkowe \u201cdo\u015bwiadczenie\u201d, kt\u00f3rego warto spr\u00f3bowa\u0107, aby zazna\u0107 jego zbawiennego wp\u0142ywu na cia\u0142o i umys\u0142.<\/p>","protected":false},"excerpt":{"rendered":"<p>Classic Thai massage is an intensive form of massage, combining elements of acupressure and passive yoga, and is recommended for those who prefer treatments without oils and suffer from muscle tension, fatigue and a sedentary lifestyle.<\/p>\n<p><strong>After ordering, you will receive a voucher for the massage or ritual you have purchased, which will be delivered by email. Please count on it being delivered during the opening hours of our salons. Each voucher remains valid for a period of 6 months (unless the date on the Voucher says otherwise) from the time of purchase, giving you ample time to enjoy this unique relaxation experience.<\/strong><\/p>\n<p>If you have any further questions, please do not hesitate to contact us by phone or via the contact form.<\/p>","protected":false},"featured_media":3677,"template":"","meta":[],"product_cat":[68,58],"product_tag":[],"class_list":{"0":"post-138","1":"product","2":"type-product","3":"status-publish","4":"has-post-thumbnail","6":"product_cat-masaze-dla-par","7":"product_cat-wszystkie","9":"first","10":"instock","11":"shipping-taxable","12":"purchasable","13":"product-type-variable"},"_links":{"self":[{"href":"https:\/\/sklep.thairai.com.pl\/en\/wp-json\/wp\/v2\/product\/138","targetHints":{"allow":["GET"]}}],"collection":[{"href":"https:\/\/sklep.thairai.com.pl\/en\/wp-json\/wp\/v2\/product"}],"about":[{"href":"https:\/\/sklep.thairai.com.pl\/en\/wp-json\/wp\/v2\/types\/product"}],"wp:featuredmedia":[{"embeddable":true,"href":"https:\/\/sklep.thairai.com.pl\/en\/wp-json\/wp\/v2\/media\/3677"}],"wp:attachment":[{"href":"https:\/\/sklep.thairai.com.pl\/en\/wp-json\/wp\/v2\/media?parent=138"}],"wp:term":[{"taxonomy":"product_cat","embeddable":true,"href":"https:\/\/sklep.thairai.com.pl\/en\/wp-json\/wp\/v2\/product_cat?post=138"},{"taxonomy":"product_tag","embeddable":true,"href":"https:\/\/sklep.thairai.com.pl\/en\/wp-json\/wp\/v2\/product_tag?post=138"}],"curies":[{"name":"wp","href":"https:\/\/api.w.org\/{rel}","templated":true}]}}