{"id":142,"date":"2024-03-04T15:27:49","date_gmt":"2024-03-04T15:27:49","guid":{"rendered":"http:\/\/sklep.thairai.com.pl\/?post_type=product&#038;p=142"},"modified":"2026-03-10T14:04:37","modified_gmt":"2026-03-10T14:04:37","slug":"masaz-balijski-dla-dwojga","status":"publish","type":"product","link":"https:\/\/sklep.thairai.com.pl\/en\/product\/masaz-balijski-dla-dwojga\/","title":{"rendered":"Masa\u017c balijski dla dwojga"},"content":{"rendered":"<p>Balinese massage originated on the beautiful island of Bali, nicknamed \u201cthe island of happy people.\u201d It is a form of massage that combines a variety of techniques such as reflexology, aromatherapy, acupressure and Ayurveda. During this treatment, the therapist uses oils of natural origin, previously selected by the client, which penetrate the skin, providing hydration and nourishment. The masseur gently applies pressure to specific areas on the body, reaching the deeper layers of the muscles and stimulating blood and lymph circulation.<\/p>\n<p>This treatment consists of smooth, yet firm and deep movements that bring relief and relaxation. Balinese massage has a beneficial effect on the body, bringing many benefits such as reducing muscle tension, relieving migraines, improving joint flexibility and increasing mobility. It also has a positive effect on the quality of sleep, improves blood circulation and the functioning of the lymphatic system, supports the body\u2019s cleansing process and strengthens the immune system.<\/p>\n<p>The way the massage is performed is adjusted to the client\u2019s preferences, i.e. it can be more relaxing or more intense, depending on individual needs.<\/p>\n<p>Zalecamy masa\u017c balijski szczeg\u00f3lnie osobom, kt\u00f3re dopiero rozpoczynaj\u0105 przygod\u0119 z masa\u017cem orientalnym, a tak\u017ce tym, kt\u00f3rzy sp\u0119dzaj\u0105 du\u017co czasu w pozycji siedz\u0105cej, odczuwaj\u0105 stres i maj\u0105 problemy z b\u00f3lem karku i kr\u0119gos\u0142upa. To wspania\u0142a forma masa\u017cu, kt\u00f3ra przyniesie odpr\u0119\u017cenie, ulg\u0119 i niesamowity zastrzyk energii.<\/p>\n<p>Masa\u017c balijski przyczynia si\u0119 do pe\u0142nej harmonii mi\u0119dzy cia\u0142em a dusz\u0105, a tak\u017ce przynosi wiele korzy\u015bci, takich jak g\u0142\u0119boki relaks, redukcja stresu i zm\u0119czenia, ulga w bezsenno\u015bci, poprawa ruchomo\u015bci, zmniejszenie napi\u0119cia mi\u0119\u015bniowego i b\u00f3li plec\u00f3w, bark\u00f3w i szyi. Dodatkowo, oczyszcza organizm, poprawia kr\u0105\u017cenie krwi, reguluje przemian\u0119 materii i uk\u0142ad hormonalny, a tak\u017ce nawil\u017ca, od\u017cywia i wyg\u0142adza sk\u00f3r\u0119, redukuj\u0105c cellulit. Masa\u017c ten pozytywnie wp\u0142ywa na nastr\u00f3j, \u0142agodzi b\u00f3le g\u0142owy i migreny, wspiera leczenie alergii, poprawia jako\u015b\u0107 snu oraz pomaga w utracie wagi. Wreszcie, dzia\u0142a uspokajaj\u0105co na emocje i przywraca wewn\u0119trzn\u0105 r\u00f3wnowag\u0119.<\/p>","protected":false},"excerpt":{"rendered":"<p>Balinese massage is a form of massage originating from the island of Bali, combining a variety of techniques, recommended for those who are new to Oriental massage and those who experience stress, spend a lot of time sitting and have problems with neck and back pain, bringing relaxation and renewed energy.<\/p>\n<p><strong>After ordering, you will receive a voucher for the massage or ritual you have purchased, which will be delivered by email. Please count on it being delivered during the opening hours of our salons. Each voucher remains valid for a period of 6 months (unless the date on the Voucher says otherwise) from the time of purchase, giving you ample time to enjoy this unique relaxation experience.<\/strong><\/p>\n<p>If you have any further questions, please do not hesitate to contact us by phone or via the contact form.<\/p>","protected":false},"featured_media":3676,"template":"","meta":[],"product_cat":[68,58],"product_tag":[],"class_list":{"0":"post-142","1":"product","2":"type-product","3":"status-publish","4":"has-post-thumbnail","6":"product_cat-masaze-dla-par","7":"product_cat-wszystkie","9":"first","10":"instock","11":"shipping-taxable","12":"purchasable","13":"product-type-variable"},"_links":{"self":[{"href":"https:\/\/sklep.thairai.com.pl\/en\/wp-json\/wp\/v2\/product\/142","targetHints":{"allow":["GET"]}}],"collection":[{"href":"https:\/\/sklep.thairai.com.pl\/en\/wp-json\/wp\/v2\/product"}],"about":[{"href":"https:\/\/sklep.thairai.com.pl\/en\/wp-json\/wp\/v2\/types\/product"}],"wp:featuredmedia":[{"embeddable":true,"href":"https:\/\/sklep.thairai.com.pl\/en\/wp-json\/wp\/v2\/media\/3676"}],"wp:attachment":[{"href":"https:\/\/sklep.thairai.com.pl\/en\/wp-json\/wp\/v2\/media?parent=142"}],"wp:term":[{"taxonomy":"product_cat","embeddable":true,"href":"https:\/\/sklep.thairai.com.pl\/en\/wp-json\/wp\/v2\/product_cat?post=142"},{"taxonomy":"product_tag","embeddable":true,"href":"https:\/\/sklep.thairai.com.pl\/en\/wp-json\/wp\/v2\/product_tag?post=142"}],"curies":[{"name":"wp","href":"https:\/\/api.w.org\/{rel}","templated":true}]}}