{"id":150,"date":"2024-03-04T15:31:59","date_gmt":"2024-03-04T15:31:59","guid":{"rendered":"http:\/\/sklep.thairai.com.pl\/?post_type=product&#038;p=150"},"modified":"2026-03-10T14:03:35","modified_gmt":"2026-03-10T14:03:35","slug":"masaz-firmowy-thai-rai-dla-dwojga","status":"publish","type":"product","link":"https:\/\/sklep.thairai.com.pl\/en\/product\/masaz-firmowy-thai-rai-dla-dwojga\/","title":{"rendered":"Masa\u017c Firmowy Thai Rai dla dwojga"},"content":{"rendered":"<p style=\"font-weight: 400;\">The Thai Rai corporate massage is a unique treatment that combines several harmonious techniques to provide a satisfying experience for the most demanding clients.<\/p>\n<p style=\"font-weight: 400;\">This comprehensive massage includes:<\/p>\n<ol style=\"font-weight: 400;\">\n<li>Classic Thai massage, which effectively reduces muscle tension and relieves pains resulting from a sedentary lifestyle.<\/li>\n<li>Massage with herbal stamps, which acts as a cleansing and detoxifying agent, improving the lymphatic system, removing toxins and increasing the firmness and elasticity of the skin.<\/li>\n<li>Thai oil massage, which benefits muscles and skin, reducing migraines, chronic headaches and providing complete relaxation.<\/li>\n<\/ol>\n<p style=\"font-weight: 400;\">All of these techniques work perfectly together to create a comprehensive offering that satisfies even the most sophisticated customer preferences. Thai Rai massage is not only an enjoyable experience, but also an effective treatment to improve the condition of the body and mind.<\/p>\n<p>Thai Rai\u2019s corporate massage combines harmonious techniques that are suitable for a wide range of people, including those experiencing muscle tension and pains related to lifestyle or physical activity. The treatment also caters to those seeking to cleanse the body, improve skin firmness and those suffering from migraines and chronic headaches who need relaxation and tension reduction. Thai Rai massage is suitable for a variety of age groups and is an excellent option for those who want a holistic therapeutic experience that combines relaxation with body enhancement.<\/p>\n<p>Masa\u017c firmowy Thai Rai to kompleksowy zabieg, kt\u00f3ry oferuje szereg korzystnych efekt\u00f3w dla klient\u00f3w. Dzi\u0119ki r\u00f3\u017cnym technikom, takim jak klasyczny masa\u017c tajski, masa\u017c stemplami zio\u0142owymi i masa\u017c tajski olejowy, klient mo\u017ce do\u015bwiadczy\u0107 redukcji napi\u0119cia mi\u0119\u015bniowego, oczyszczenia organizmu z toksyn, redukcji migren i b\u00f3l\u00f3w g\u0142owy, poprawy kondycji cia\u0142a i umys\u0142u oraz zwi\u0119kszenia j\u0119drno\u015bci i elastyczno\u015bci sk\u00f3ry. Ten kompleksowy masa\u017c nie tylko dostarcza przyjemno\u015bci, ale r\u00f3wnie\u017c wp\u0142ywa pozytywnie na og\u00f3lne samopoczucie i zdrowie klient\u00f3w, zale\u017cnie od indywidualnych cech organizmu i regularno\u015bci sesji.<\/p>","protected":false},"excerpt":{"rendered":"<p>Thai Rai corporate massage is a harmonious treatment that combines classical Thai massage, herbal stem massage and Thai oil massage, which brings a number of beneficial effects, providing a comprehensive therapeutic experience for clients.<\/p>\n<p><strong>After ordering, you will receive a voucher for the massage or ritual you have purchased, which will be delivered by email. Please count on it being delivered during the opening hours of our salons. Each voucher remains valid for a period of 6 months (unless the date on the Voucher says otherwise) from the time of purchase, giving you ample time to enjoy this unique relaxation experience.<\/strong><\/p>\n<p>If you have any further questions, please do not hesitate to contact us by phone or via the contact form.<\/p>","protected":false},"featured_media":3674,"template":"","meta":[],"product_cat":[68,58],"product_tag":[],"class_list":{"0":"post-150","1":"product","2":"type-product","3":"status-publish","4":"has-post-thumbnail","6":"product_cat-masaze-dla-par","7":"product_cat-wszystkie","9":"first","10":"instock","11":"shipping-taxable","12":"purchasable","13":"product-type-variable","14":"has-default-attributes"},"_links":{"self":[{"href":"https:\/\/sklep.thairai.com.pl\/en\/wp-json\/wp\/v2\/product\/150","targetHints":{"allow":["GET"]}}],"collection":[{"href":"https:\/\/sklep.thairai.com.pl\/en\/wp-json\/wp\/v2\/product"}],"about":[{"href":"https:\/\/sklep.thairai.com.pl\/en\/wp-json\/wp\/v2\/types\/product"}],"wp:featuredmedia":[{"embeddable":true,"href":"https:\/\/sklep.thairai.com.pl\/en\/wp-json\/wp\/v2\/media\/3674"}],"wp:attachment":[{"href":"https:\/\/sklep.thairai.com.pl\/en\/wp-json\/wp\/v2\/media?parent=150"}],"wp:term":[{"taxonomy":"product_cat","embeddable":true,"href":"https:\/\/sklep.thairai.com.pl\/en\/wp-json\/wp\/v2\/product_cat?post=150"},{"taxonomy":"product_tag","embeddable":true,"href":"https:\/\/sklep.thairai.com.pl\/en\/wp-json\/wp\/v2\/product_tag?post=150"}],"curies":[{"name":"wp","href":"https:\/\/api.w.org\/{rel}","templated":true}]}}