{"id":3005,"date":"2025-10-07T14:57:41","date_gmt":"2025-10-07T14:57:41","guid":{"rendered":"https:\/\/sklep.thairai.com.pl\/?post_type=product&#038;p=3005"},"modified":"2026-03-10T13:53:12","modified_gmt":"2026-03-10T13:53:12","slug":"tajski-masaz-olejowy-goracym-olejkiem-pomaranczowym-z-chili","status":"publish","type":"product","link":"https:\/\/sklep.thairai.com.pl\/en\/product\/tajski-masaz-olejowy-goracym-olejkiem-pomaranczowym-z-chili\/","title":{"rendered":"Masa\u017c tajski olejowy gor\u0105cym olejkiem pomara\u0144czowym z chili"},"content":{"rendered":"<section class=\"elementor-section elementor-top-section elementor-element elementor-element-10e2dba elementor-section-boxed elementor-section-height-default elementor-section-height-default elementskit-parallax-multi-container\" data-id=\"10e2dba\" data-element_type=\"section\" data-settings=\"{&quot;ekit_has_onepagescroll_dot&quot;:&quot;yes&quot;}\">\n<div class=\"elementor-container elementor-column-gap-default\">\n<div class=\"elementor-column elementor-col-100 elementor-top-column elementor-element elementor-element-a10e331\" data-id=\"a10e331\" data-element_type=\"column\">\n<div class=\"elementor-widget-wrap elementor-element-populated\">\n<div class=\"elementor-element elementor-element-d7aad2c elementor-widget elementor-widget-text-editor\" data-id=\"d7aad2c\" data-element_type=\"widget\" data-settings=\"{&quot;ekit_we_effect_on&quot;:&quot;none&quot;}\" data-widget_type=\"text-editor.default\">\n<div class=\"elementor-widget-container\">\n<p>Masa\u017c tajski olejowy gor\u0105cym olejkiem pomara\u0144czowym z chili to relaksuj\u0105ca i harmonizuj\u0105ca kombinacja technik akupresury i element\u00f3w ajurwedy. Zabieg nie tylko redukuje napi\u0119cie i stres, ale r\u00f3wnie\u017c wspiera odporno\u015b\u0107, oczyszcza organizm z toksyn oraz od\u017cywia i uelastycznia sk\u00f3r\u0119.<\/p>\n<p>Podczas masa\u017cu, klient korzysta z jednorazowej bielizny zapewnionej przez salon, a terapeuta wykonuje sekwencj\u0119 ruch\u00f3w rozlu\u017aniaj\u0105cych ca\u0142e cia\u0142o &#8211; od n\u00f3g, przez klatk\u0119 piersiow\u0105, r\u0119ce i ramiona, a\u017c po plecy, kark i g\u0142ow\u0119. Gor\u0105cy olejek pomara\u0144czowy z delikatn\u0105 nut\u0105 chili dodaje masa\u017cowi aromatycznej intensywno\u015bci, pobudza zmys\u0142y i pot\u0119guje uczucie g\u0142\u0119bokiego odpr\u0119\u017cenia.<\/p>\n<p>Zabieg jest idealny dla os\u00f3b pragn\u0105cych g\u0142\u0119bokiego relaksu, r\u00f3wnocze\u015bnie dbaj\u0105cych o piel\u0119gnacj\u0119 sk\u00f3ry. Polecany tak\u017ce dla tych, kt\u00f3rzy zmagaj\u0105 si\u0119 ze stresem, zm\u0119czeniem, problemami ze snem lub chc\u0105 odzyska\u0107 r\u00f3wnowag\u0119 psychiczn\u0105. Masa\u017c ten jest \u0142agodniejsz\u0105 wersj\u0105 klasycznego masa\u017cu tajskiego, odpowiedni\u0105 r\u00f3wnie\u017c dla os\u00f3b aktywnych lub preferuj\u0105cych delikatniejsze techniki.<\/p>\n<p>Masa\u017c tajski olejowy z gor\u0105cym olejkiem pomara\u0144czowym z chili dzia\u0142a relaksuj\u0105co, redukuje napi\u0119cie mi\u0119\u015bniowe i stres, wspiera popraw\u0119 kr\u0105\u017cenia oraz oczyszcza organizm z toksyn. Aromatyczny olejek intensywnie nawil\u017ca i od\u017cywia sk\u00f3r\u0119, a jego rozgrzewaj\u0105cy efekt dodatkowo wspomaga regeneracj\u0119 mi\u0119\u015bni. Zabieg sprzyja poprawie jako\u015bci snu, harmonizuje cia\u0142o i umys\u0142 oraz pozostawia uczucie lekko\u015bci i odpr\u0119\u017cenia, kt\u00f3re d\u0142ugo utrzymuje si\u0119 po zako\u0144czeniu sesji.<\/p>\n<\/div>\n<\/div>\n<\/div>\n<\/div>\n<\/div>\n<\/section>\n<section class=\"elementor-section elementor-top-section elementor-element elementor-element-249cc9a elementor-section-boxed elementor-section-height-default elementor-section-height-default elementskit-parallax-multi-container\" data-id=\"249cc9a\" data-element_type=\"section\" data-settings=\"{&quot;ekit_has_onepagescroll_dot&quot;:&quot;yes&quot;}\">\n<div class=\"elementor-container elementor-column-gap-default\">\n<div class=\"elementor-column elementor-col-33 elementor-top-column elementor-element elementor-element-f02329e\" data-id=\"f02329e\" data-element_type=\"column\">\n<div class=\"elementor-widget-wrap elementor-element-populated\">\n<div class=\"elementor-element elementor-element-99bae69 elementor-widget elementor-widget-image\" data-id=\"99bae69\" data-element_type=\"widget\" data-settings=\"{&quot;ekit_we_effect_on&quot;:&quot;none&quot;}\" data-widget_type=\"image.default\"><\/div>\n<\/div>\n<\/div>\n<\/div>\n<\/section>","protected":false},"excerpt":{"rendered":"<section class=\"elementor-section elementor-top-section elementor-element elementor-element-10e2dba elementor-section-boxed elementor-section-height-default elementor-section-height-default elementskit-parallax-multi-container\" data-id=\"10e2dba\" data-element_type=\"section\" data-settings=\"{&quot;ekit_has_onepagescroll_dot&quot;:&quot;yes&quot;}\">\n<div class=\"elementor-container elementor-column-gap-default\">\n<div class=\"elementor-column elementor-col-100 elementor-top-column elementor-element elementor-element-a10e331\" data-id=\"a10e331\" data-element_type=\"column\">\n<div class=\"elementor-widget-wrap elementor-element-populated\">\n<div class=\"elementor-element elementor-element-d7aad2c elementor-widget elementor-widget-text-editor\" data-id=\"d7aad2c\" data-element_type=\"widget\" data-settings=\"{&quot;ekit_we_effect_on&quot;:&quot;none&quot;}\" data-widget_type=\"text-editor.default\">\n<div class=\"elementor-widget-container\">\n<p>Masa\u017c tajski olejowy gor\u0105cym olejkiem pomara\u0144czowym z chili to relaksuj\u0105ca i harmonizuj\u0105ca kombinacja technik akupresury i element\u00f3w ajurwedy. Zabieg nie tylko redukuje napi\u0119cie i stres, ale r\u00f3wnie\u017c wspiera odporno\u015b\u0107, oczyszcza organizm z toksyn oraz od\u017cywia i uelastycznia sk\u00f3r\u0119.<\/p>\n<\/div>\n<\/div>\n<\/div>\n<\/div>\n<\/div>\n<\/section>\n<p><strong>After ordering, you will receive a voucher for the massage or ritual you have purchased, which will be delivered by email. Please count on it being delivered during the opening hours of our salons. Each voucher remains valid for a period of 6 months (unless the date on the Voucher says otherwise) from the time of purchase, giving you ample time to enjoy this unique relaxation experience.<\/strong><\/p>\n<p>If you have any further questions, please do not hesitate to contact us by phone or via the contact form.<\/p>","protected":false},"featured_media":3654,"template":"","meta":[],"product_cat":[60],"product_tag":[],"class_list":{"0":"post-3005","1":"product","2":"type-product","3":"status-publish","4":"has-post-thumbnail","6":"product_cat-masaze","8":"first","9":"instock","10":"shipping-taxable","11":"purchasable","12":"product-type-variable"},"_links":{"self":[{"href":"https:\/\/sklep.thairai.com.pl\/en\/wp-json\/wp\/v2\/product\/3005","targetHints":{"allow":["GET"]}}],"collection":[{"href":"https:\/\/sklep.thairai.com.pl\/en\/wp-json\/wp\/v2\/product"}],"about":[{"href":"https:\/\/sklep.thairai.com.pl\/en\/wp-json\/wp\/v2\/types\/product"}],"wp:featuredmedia":[{"embeddable":true,"href":"https:\/\/sklep.thairai.com.pl\/en\/wp-json\/wp\/v2\/media\/3654"}],"wp:attachment":[{"href":"https:\/\/sklep.thairai.com.pl\/en\/wp-json\/wp\/v2\/media?parent=3005"}],"wp:term":[{"taxonomy":"product_cat","embeddable":true,"href":"https:\/\/sklep.thairai.com.pl\/en\/wp-json\/wp\/v2\/product_cat?post=3005"},{"taxonomy":"product_tag","embeddable":true,"href":"https:\/\/sklep.thairai.com.pl\/en\/wp-json\/wp\/v2\/product_tag?post=3005"}],"curies":[{"name":"wp","href":"https:\/\/api.w.org\/{rel}","templated":true}]}}