{"id":3013,"date":"2025-10-07T15:02:09","date_gmt":"2025-10-07T15:02:09","guid":{"rendered":"https:\/\/sklep.thairai.com.pl\/?post_type=product&#038;p=3013"},"modified":"2026-03-10T13:52:43","modified_gmt":"2026-03-10T13:52:43","slug":"balijski-masaz-goracym-olejkiem-pomaranczowym-z-chili","status":"publish","type":"product","link":"https:\/\/sklep.thairai.com.pl\/en\/product\/balijski-masaz-goracym-olejkiem-pomaranczowym-z-chili\/","title":{"rendered":"Balijski masa\u017c gor\u0105cym olejkiem pomara\u0144czowym z chili"},"content":{"rendered":"<p>Masa\u017c olejkiem pomara\u0144czowym z chili to wyj\u0105tkowy zabieg \u0142\u0105cz\u0105cy orientalne techniki masa\u017cu z moc\u0105 natury. Rozgrzewaj\u0105cy olejek, o cytrusowym zapachu z nut\u0105 pikantnego chili, dzia\u0142a pobudzaj\u0105co, poprawia kr\u0105\u017cenie i rozlu\u017ania napi\u0119te mi\u0119\u015bnie. Naturalne sk\u0142adniki intensywnie od\u017cywiaj\u0105 sk\u00f3r\u0119, dodaj\u0105c jej spr\u0119\u017cysto\u015bci i blasku, a przy tym wspieraj\u0105 regeneracj\u0119 ca\u0142ego organizmu. Podczas masa\u017cu ca\u0142e cia\u0142o zostaje otulone ciep\u0142ym olejkiem. Zabieg rozpoczyna si\u0119 od n\u00f3g i st\u00f3p, gdzie masa\u017cystka wprowadza odpr\u0119\u017caj\u0105ce ruchy, nast\u0119pnie przechodzi do plec\u00f3w, ramion i karku, uwalniaj\u0105c od napi\u0119\u0107. W drugiej cz\u0119\u015bci masa\u017cu skupia si\u0119 na klatce piersiowej, d\u0142oniach i przedramionach, by przywr\u00f3ci\u0107 lekko\u015b\u0107 i swobod\u0119 ruchu. Sesj\u0119 ko\u0144czy masa\u017c g\u0142owy, kt\u00f3ry wycisza i harmonizuje.<\/p>\n<p>Polecany osobom zm\u0119czonym, zestresowanym, z obni\u017conym nastrojem i uczuciem braku energii. Doskona\u0142y dla os\u00f3b, kt\u00f3re jesieni\u0105 odczuwaj\u0105 wych\u0142odzenie organizmu, chc\u0105 wzmocni\u0107 odporno\u015b\u0107, poprawi\u0107 samopoczucie i zadba\u0107 o sk\u00f3r\u0119.<\/p>\n<p>Masa\u017c gor\u0105cym olejkiem pomara\u0144czowym z chili intensywnie rozlu\u017ania mi\u0119\u015bnie i przyjemnie rozgrzewa ca\u0142e cia\u0142o. Poprawia kr\u0105\u017cenie krwi i wspiera metabolizm, co sprzyja lepszej regeneracji organizmu. Regularne sesje pomagaj\u0105 redukowa\u0107 stres i napi\u0119cie nerwowe, a tak\u017ce wyra\u017anie poprawiaj\u0105 nastr\u00f3j i dodaj\u0105 energii. Zabieg doskonale od\u017cywia, wyg\u0142adza i roz\u015bwietla sk\u00f3r\u0119, przywracaj\u0105c jej zdrowy wygl\u0105d i spr\u0119\u017cysto\u015b\u0107. Dodatkowo wzmacnia odporno\u015b\u0107 i wspiera og\u00f3lne samopoczucie na co dzie\u0144.<\/p>","protected":false},"excerpt":{"rendered":"<p>Masa\u017c olejkiem pomara\u0144czowym z chili to wyj\u0105tkowy zabieg \u0142\u0105cz\u0105cy orientalne techniki masa\u017cu z moc\u0105 natury. Rozgrzewaj\u0105cy olejek, o cytrusowym zapachu z nut\u0105 pikantnego chili, dzia\u0142a pobudzaj\u0105co, poprawia kr\u0105\u017cenie i rozlu\u017ania napi\u0119te mi\u0119\u015bnie. Naturalne sk\u0142adniki intensywnie od\u017cywiaj\u0105 sk\u00f3r\u0119, dodaj\u0105c jej spr\u0119\u017cysto\u015bci i blasku, a przy tym wspieraj\u0105 regeneracj\u0119 ca\u0142ego organizmu.<\/p>\n<p><strong>After ordering, you will receive a voucher for the massage or ritual you have purchased, which will be delivered by email. Please count on it being delivered during the opening hours of our salons. Each voucher remains valid for a period of 6 months (unless the date on the Voucher says otherwise) from the time of purchase, giving you ample time to enjoy this unique relaxation experience.<\/strong><\/p>\n<p>If you have any further questions, please do not hesitate to contact us by phone or via the contact form.<\/p>","protected":false},"featured_media":3653,"template":"","meta":[],"product_cat":[60],"product_tag":[],"class_list":{"0":"post-3013","1":"product","2":"type-product","3":"status-publish","4":"has-post-thumbnail","6":"product_cat-masaze","8":"first","9":"instock","10":"shipping-taxable","11":"purchasable","12":"product-type-variable"},"_links":{"self":[{"href":"https:\/\/sklep.thairai.com.pl\/en\/wp-json\/wp\/v2\/product\/3013","targetHints":{"allow":["GET"]}}],"collection":[{"href":"https:\/\/sklep.thairai.com.pl\/en\/wp-json\/wp\/v2\/product"}],"about":[{"href":"https:\/\/sklep.thairai.com.pl\/en\/wp-json\/wp\/v2\/types\/product"}],"wp:featuredmedia":[{"embeddable":true,"href":"https:\/\/sklep.thairai.com.pl\/en\/wp-json\/wp\/v2\/media\/3653"}],"wp:attachment":[{"href":"https:\/\/sklep.thairai.com.pl\/en\/wp-json\/wp\/v2\/media?parent=3013"}],"wp:term":[{"taxonomy":"product_cat","embeddable":true,"href":"https:\/\/sklep.thairai.com.pl\/en\/wp-json\/wp\/v2\/product_cat?post=3013"},{"taxonomy":"product_tag","embeddable":true,"href":"https:\/\/sklep.thairai.com.pl\/en\/wp-json\/wp\/v2\/product_tag?post=3013"}],"curies":[{"name":"wp","href":"https:\/\/api.w.org\/{rel}","templated":true}]}}