{"id":3020,"date":"2025-10-07T15:05:38","date_gmt":"2025-10-07T15:05:38","guid":{"rendered":"https:\/\/sklep.thairai.com.pl\/?post_type=product&#038;p=3020"},"modified":"2026-03-10T13:52:17","modified_gmt":"2026-03-10T13:52:17","slug":"masaz-balijski-maslem-shea-pomarancza-z-chili","status":"publish","type":"product","link":"https:\/\/sklep.thairai.com.pl\/en\/product\/masaz-balijski-maslem-shea-pomarancza-z-chili\/","title":{"rendered":"Masa\u017c balijski mas\u0142em shea (pomara\u0144cza z chili)"},"content":{"rendered":"<p>To odpr\u0119\u017caj\u0105cy masa\u017c ca\u0142ego cia\u0142a, kt\u00f3ry \u0142\u0105czy tradycyjne techniki masa\u017cu balijskiego z od\u017cywczym i rozgrzewaj\u0105cym dzia\u0142aniem naturalnego mas\u0142a shea o zapachu pomara\u0144czy i chili. Ciep\u0142e mas\u0142o g\u0142\u0119boko nawil\u017ca i regeneruje sk\u00f3r\u0119, a jego energetyzuj\u0105cy aromat pobudza zmys\u0142y i poprawia nastr\u00f3j. Masa\u017c nie tylko rozlu\u017ania napi\u0119te mi\u0119\u015bnie, ale tak\u017ce otula cia\u0142o intensywnym uczuciem ciep\u0142a i komfortu.<\/p>\n<p>Masa\u017c balijski mas\u0142em shea jest polecany osobom zm\u0119czonym, zestresowanym i spi\u0119tym. Zalecany jest r\u00f3wnie\u017c dla tych, kt\u00f3rzy poszukuj\u0105 g\u0142\u0119bokiego relaksu i intensywnej piel\u0119gnacji sk\u00f3ry.<\/p>\n<p>Sk\u00f3ra staje si\u0119 g\u0142adka, j\u0119drna i intensywnie od\u017cywiona. Masa\u017c \u0142agodzi stres, rozlu\u017ania mi\u0119\u015bnie, poprawia kr\u0105\u017cenie i dodaje energii. Rozgrzewaj\u0105ce dzia\u0142anie chili wspiera metabolizm, a \u015bwie\u017cy aromat pomara\u0144czy poprawia nastr\u00f3j i przywraca lekko\u015b\u0107 cia\u0142a.<\/p>","protected":false},"excerpt":{"rendered":"<p>To odpr\u0119\u017caj\u0105cy masa\u017c ca\u0142ego cia\u0142a, kt\u00f3ry \u0142\u0105czy tradycyjne techniki masa\u017cu balijskiego z od\u017cywczym i rozgrzewaj\u0105cym dzia\u0142aniem naturalnego mas\u0142a shea o zapachu pomara\u0144czy i chili. Ciep\u0142e mas\u0142o g\u0142\u0119boko nawil\u017ca i regeneruje sk\u00f3r\u0119, a jego energetyzuj\u0105cy aromat pobudza zmys\u0142y i poprawia nastr\u00f3j. Masa\u017c nie tylko rozlu\u017ania napi\u0119te mi\u0119\u015bnie, ale tak\u017ce otula cia\u0142o intensywnym uczuciem ciep\u0142a i komfortu.<\/p>\n<p><strong>After ordering, you will receive a voucher for the massage or ritual you have purchased, which will be delivered by email. Please count on it being delivered during the opening hours of our salons. Each voucher remains valid for a period of 6 months (unless the date on the Voucher says otherwise) from the time of purchase, giving you ample time to enjoy this unique relaxation experience.<\/strong><\/p>\n<p>If you have any further questions, please do not hesitate to contact us by phone or via the contact form.<\/p>","protected":false},"featured_media":3652,"template":"","meta":[],"product_cat":[60],"product_tag":[],"class_list":{"0":"post-3020","1":"product","2":"type-product","3":"status-publish","4":"has-post-thumbnail","6":"product_cat-masaze","8":"first","9":"instock","10":"shipping-taxable","11":"purchasable","12":"product-type-variable"},"_links":{"self":[{"href":"https:\/\/sklep.thairai.com.pl\/en\/wp-json\/wp\/v2\/product\/3020","targetHints":{"allow":["GET"]}}],"collection":[{"href":"https:\/\/sklep.thairai.com.pl\/en\/wp-json\/wp\/v2\/product"}],"about":[{"href":"https:\/\/sklep.thairai.com.pl\/en\/wp-json\/wp\/v2\/types\/product"}],"wp:featuredmedia":[{"embeddable":true,"href":"https:\/\/sklep.thairai.com.pl\/en\/wp-json\/wp\/v2\/media\/3652"}],"wp:attachment":[{"href":"https:\/\/sklep.thairai.com.pl\/en\/wp-json\/wp\/v2\/media?parent=3020"}],"wp:term":[{"taxonomy":"product_cat","embeddable":true,"href":"https:\/\/sklep.thairai.com.pl\/en\/wp-json\/wp\/v2\/product_cat?post=3020"},{"taxonomy":"product_tag","embeddable":true,"href":"https:\/\/sklep.thairai.com.pl\/en\/wp-json\/wp\/v2\/product_tag?post=3020"}],"curies":[{"name":"wp","href":"https:\/\/api.w.org\/{rel}","templated":true}]}}