{"id":3028,"date":"2025-10-07T16:49:27","date_gmt":"2025-10-07T16:49:27","guid":{"rendered":"https:\/\/sklep.thairai.com.pl\/?post_type=product&#038;p=3028"},"modified":"2026-03-10T13:51:46","modified_gmt":"2026-03-10T13:51:46","slug":"balijski-masaz-miodem","status":"publish","type":"product","link":"https:\/\/sklep.thairai.com.pl\/en\/product\/balijski-masaz-miodem\/","title":{"rendered":"Balijski masa\u017c miodem"},"content":{"rendered":"<p>To relaksacyjny masa\u017c ca\u0142ego cia\u0142a \u0142\u0105cz\u0105cy techniki balijskie z dobroczynnymi w\u0142a\u015bciwo\u015bciami naturalnego miodu. Masa\u017c nie tylko rozlu\u017ania mi\u0119\u015bnie i koi zmys\u0142y, ale tak\u017ce intensywnie od\u017cywia, wyg\u0142adza i regeneruje sk\u00f3r\u0119, nadaj\u0105c jej mi\u0119kko\u015b\u0107 i promienny wygl\u0105d.<\/p>\n<p>Balijski masa\u017c miodem jest odpowiedni dla os\u00f3b zm\u0119czonych, zestresowanych, pragn\u0105cych odpr\u0119\u017cenia i jednoczesnej piel\u0119gnacji sk\u00f3ry. Szczeg\u00f3lnie polecany przy suchej, wymagaj\u0105cej regeneracji sk\u00f3rze.<\/p>\n<p>Sk\u00f3ra staje si\u0119 g\u0142adka, mi\u0119kka i intensywnie nawil\u017cona. Mi\u00f3d wspomaga detoksykacj\u0119 organizmu, dzia\u0142a przeciwzapalnie i poprawia elastyczno\u015b\u0107 sk\u00f3ry. Masa\u017c redukuje napi\u0119cie mi\u0119\u015bniowe, wspiera kr\u0105\u017cenie i poprawia samopoczucie, pozostawiaj\u0105c uczucie lekko\u015bci i g\u0142\u0119bokiego relaksu.<\/p>","protected":false},"excerpt":{"rendered":"<p>To relaksacyjny masa\u017c ca\u0142ego cia\u0142a \u0142\u0105cz\u0105cy techniki balijskie z dobroczynnymi w\u0142a\u015bciwo\u015bciami naturalnego miodu. Masa\u017c nie tylko rozlu\u017ania mi\u0119\u015bnie i koi zmys\u0142y, ale tak\u017ce intensywnie od\u017cywia, wyg\u0142adza i regeneruje sk\u00f3r\u0119, nadaj\u0105c jej mi\u0119kko\u015b\u0107 i promienny wygl\u0105d.<\/p>\n<p><strong>After ordering, you will receive a voucher for the massage or ritual you have purchased, which will be delivered by email. Please count on it being delivered during the opening hours of our salons. Each voucher remains valid for a period of 6 months (unless the date on the Voucher says otherwise) from the time of purchase, giving you ample time to enjoy this unique relaxation experience.<\/strong><\/p>\n<p>If you have any further questions, please do not hesitate to contact us by phone or via the contact form.<\/p>","protected":false},"featured_media":3651,"template":"","meta":[],"product_cat":[60],"product_tag":[],"class_list":{"0":"post-3028","1":"product","2":"type-product","3":"status-publish","4":"has-post-thumbnail","6":"product_cat-masaze","8":"first","9":"instock","10":"shipping-taxable","11":"purchasable","12":"product-type-variable"},"_links":{"self":[{"href":"https:\/\/sklep.thairai.com.pl\/en\/wp-json\/wp\/v2\/product\/3028","targetHints":{"allow":["GET"]}}],"collection":[{"href":"https:\/\/sklep.thairai.com.pl\/en\/wp-json\/wp\/v2\/product"}],"about":[{"href":"https:\/\/sklep.thairai.com.pl\/en\/wp-json\/wp\/v2\/types\/product"}],"wp:featuredmedia":[{"embeddable":true,"href":"https:\/\/sklep.thairai.com.pl\/en\/wp-json\/wp\/v2\/media\/3651"}],"wp:attachment":[{"href":"https:\/\/sklep.thairai.com.pl\/en\/wp-json\/wp\/v2\/media?parent=3028"}],"wp:term":[{"taxonomy":"product_cat","embeddable":true,"href":"https:\/\/sklep.thairai.com.pl\/en\/wp-json\/wp\/v2\/product_cat?post=3028"},{"taxonomy":"product_tag","embeddable":true,"href":"https:\/\/sklep.thairai.com.pl\/en\/wp-json\/wp\/v2\/product_tag?post=3028"}],"curies":[{"name":"wp","href":"https:\/\/api.w.org\/{rel}","templated":true}]}}