{"id":3032,"date":"2025-10-07T16:58:23","date_gmt":"2025-10-07T16:58:23","guid":{"rendered":"https:\/\/sklep.thairai.com.pl\/?post_type=product&#038;p=3032"},"modified":"2026-03-10T14:07:11","modified_gmt":"2026-03-10T14:07:11","slug":"masaz-kobido-holistic-z-balijskim","status":"publish","type":"product","link":"https:\/\/sklep.thairai.com.pl\/en\/product\/masaz-kobido-holistic-z-balijskim\/","title":{"rendered":"Masa\u017c kobido Holistic (z balijskim\/tajskim)"},"content":{"rendered":"<p>To wyj\u0105tkowy rytua\u0142 \u0142\u0105cz\u0105cy japo\u0144ski masa\u017c Kobido z rewitalizuj\u0105cym zabiegiem piel\u0119gnacyjnym na twarz oraz masa\u017cem balijskim lub tajskim ca\u0142ego cia\u0142a. Dzi\u0119ki temu kompleksowo dzia\u0142a zar\u00f3wno na urod\u0119, jak i samopoczucie \u2013 odm\u0142adza sk\u00f3r\u0119, usuwa napi\u0119cia i wprowadza w stan g\u0142\u0119bokiego odpr\u0119\u017cenia.<\/p>\n<p>Masa\u017c Kobido Holistic jest polecany osobom, kt\u00f3re chc\u0105 kompleksowo zadba\u0107 o wygl\u0105d sk\u00f3ry i kondycj\u0119 cia\u0142a, a przy tym zredukowa\u0107 stres i napi\u0119cia. To propozycja dla wszystkich szukaj\u0105cych zar\u00f3wno odnowy biologicznej, jak i chwili prawdziwego ukojenia.<\/p>\n<p>Sk\u00f3ra twarzy staje si\u0119 wyg\u0142adzona, j\u0119drna i pe\u0142na blasku. Mi\u0119\u015bnie twarzy rozlu\u017aniaj\u0105 si\u0119, co sprzyja naturalnemu efektowi liftingu. Balijski lub tajski masa\u017c ca\u0142ego cia\u0142a usuwa napi\u0119cia i przywraca swobodny przep\u0142yw energii. Umys\u0142 i cia\u0142o odzyskuj\u0105 spok\u00f3j, lekko\u015b\u0107 i r\u00f3wnowag\u0119.<\/p>","protected":false},"excerpt":{"rendered":"<p>To wyj\u0105tkowy rytua\u0142 \u0142\u0105cz\u0105cy japo\u0144ski masa\u017c Kobido z rewitalizuj\u0105cym zabiegiem piel\u0119gnacyjnym na twarz oraz masa\u017cem balijskim lub tajskim ca\u0142ego cia\u0142a. Dzi\u0119ki temu kompleksowo dzia\u0142a zar\u00f3wno na urod\u0119, jak i samopoczucie \u2013 odm\u0142adza sk\u00f3r\u0119, usuwa napi\u0119cia i wprowadza w stan g\u0142\u0119bokiego odpr\u0119\u017cenia.<\/p>\n<p><strong>After ordering, you will receive a voucher for the massage or ritual you have purchased, which will be delivered by email. Please count on it being delivered during the opening hours of our salons. Each voucher remains valid for a period of 6 months (unless the date on the Voucher says otherwise) from the time of purchase, giving you ample time to enjoy this unique relaxation experience.<\/strong><\/p>\n<p>If you have any further questions, please do not hesitate to contact us by phone or via the contact form.<\/p>","protected":false},"featured_media":3679,"template":"","meta":[],"product_cat":[62],"product_tag":[],"class_list":{"0":"post-3032","1":"product","2":"type-product","3":"status-publish","4":"has-post-thumbnail","6":"product_cat-masaze-specjalne","8":"first","9":"instock","10":"shipping-taxable","11":"purchasable","12":"product-type-variable"},"_links":{"self":[{"href":"https:\/\/sklep.thairai.com.pl\/en\/wp-json\/wp\/v2\/product\/3032","targetHints":{"allow":["GET"]}}],"collection":[{"href":"https:\/\/sklep.thairai.com.pl\/en\/wp-json\/wp\/v2\/product"}],"about":[{"href":"https:\/\/sklep.thairai.com.pl\/en\/wp-json\/wp\/v2\/types\/product"}],"wp:featuredmedia":[{"embeddable":true,"href":"https:\/\/sklep.thairai.com.pl\/en\/wp-json\/wp\/v2\/media\/3679"}],"wp:attachment":[{"href":"https:\/\/sklep.thairai.com.pl\/en\/wp-json\/wp\/v2\/media?parent=3032"}],"wp:term":[{"taxonomy":"product_cat","embeddable":true,"href":"https:\/\/sklep.thairai.com.pl\/en\/wp-json\/wp\/v2\/product_cat?post=3032"},{"taxonomy":"product_tag","embeddable":true,"href":"https:\/\/sklep.thairai.com.pl\/en\/wp-json\/wp\/v2\/product_tag?post=3032"}],"curies":[{"name":"wp","href":"https:\/\/api.w.org\/{rel}","templated":true}]}}