{"id":3035,"date":"2025-10-07T17:00:39","date_gmt":"2025-10-07T17:00:39","guid":{"rendered":"https:\/\/sklep.thairai.com.pl\/?post_type=product&#038;p=3035"},"modified":"2026-03-10T13:58:13","modified_gmt":"2026-03-10T13:58:13","slug":"masaz-kobido-anti-aging","status":"publish","type":"product","link":"https:\/\/sklep.thairai.com.pl\/en\/product\/masaz-kobido-anti-aging\/","title":{"rendered":"Masa\u017c kobido Anti-Aging"},"content":{"rendered":"<p>Kobido Anti-Aging to intensywny, japo\u0144ski masa\u017c twarzy po\u0142\u0105czony z maseczk\u0105 peelinguj\u0105c\u0105 i od\u017cywcz\u0105. Unikalne techniki manualne pobudzaj\u0105 kr\u0105\u017cenie, rozlu\u017aniaj\u0105 napi\u0119cia mi\u0119\u015bniowe i stymuluj\u0105 produkcj\u0119 kolagenu, a specjalnie dobrana piel\u0119gnacja dodatkowo oczyszcza, wyg\u0142adza i od\u017cywia sk\u00f3r\u0119.<\/p>\n<p>Dla os\u00f3b, kt\u00f3re chc\u0105 naturalnie odm\u0142odzi\u0107 wygl\u0105d twarzy, zredukowa\u0107 napi\u0119cia mi\u0119\u015bniowe i poprawi\u0107 kondycj\u0119 sk\u00f3ry. Idealny zabieg dla tych, kt\u00f3rzy szukaj\u0105 alternatywy dla inwazyjnych metod anti-aging.<\/p>\n<p>Masa\u017c sp\u0142yca zmarszczki i poprawia owal twarzy. Sk\u00f3ra staje si\u0119 bardziej napi\u0119ta, j\u0119drna i pe\u0142na blasku. Zabieg redukuje obrz\u0119ki i usprawnia kr\u0105\u017cenie. Daje g\u0142\u0119boki relaks i poczucie odpr\u0119\u017cenia ca\u0142ego cia\u0142a.<\/p>","protected":false},"excerpt":{"rendered":"<p>Kobido Anti-Aging to intensywny, japo\u0144ski masa\u017c twarzy po\u0142\u0105czony z maseczk\u0105 peelinguj\u0105c\u0105 i od\u017cywcz\u0105. Unikalne techniki manualne pobudzaj\u0105 kr\u0105\u017cenie, rozlu\u017aniaj\u0105 napi\u0119cia mi\u0119\u015bniowe i stymuluj\u0105 produkcj\u0119 kolagenu, a specjalnie dobrana piel\u0119gnacja dodatkowo oczyszcza, wyg\u0142adza i od\u017cywia sk\u00f3r\u0119.<\/p>\n<p><strong>After ordering, you will receive a voucher for the massage or ritual you have purchased, which will be delivered by email. Please count on it being delivered during the opening hours of our salons. Each voucher remains valid for a period of 6 months (unless the date on the Voucher says otherwise) from the time of purchase, giving you ample time to enjoy this unique relaxation experience.<\/strong><\/p>\n<p>If you have any further questions, please do not hesitate to contact us by phone or via the contact form.<\/p>","protected":false},"featured_media":3662,"template":"","meta":[],"product_cat":[64],"product_tag":[],"class_list":{"0":"post-3035","1":"product","2":"type-product","3":"status-publish","4":"has-post-thumbnail","6":"product_cat-masaze-czesciowe","8":"first","9":"instock","10":"shipping-taxable","11":"purchasable","12":"product-type-variable"},"_links":{"self":[{"href":"https:\/\/sklep.thairai.com.pl\/en\/wp-json\/wp\/v2\/product\/3035","targetHints":{"allow":["GET"]}}],"collection":[{"href":"https:\/\/sklep.thairai.com.pl\/en\/wp-json\/wp\/v2\/product"}],"about":[{"href":"https:\/\/sklep.thairai.com.pl\/en\/wp-json\/wp\/v2\/types\/product"}],"wp:featuredmedia":[{"embeddable":true,"href":"https:\/\/sklep.thairai.com.pl\/en\/wp-json\/wp\/v2\/media\/3662"}],"wp:attachment":[{"href":"https:\/\/sklep.thairai.com.pl\/en\/wp-json\/wp\/v2\/media?parent=3035"}],"wp:term":[{"taxonomy":"product_cat","embeddable":true,"href":"https:\/\/sklep.thairai.com.pl\/en\/wp-json\/wp\/v2\/product_cat?post=3035"},{"taxonomy":"product_tag","embeddable":true,"href":"https:\/\/sklep.thairai.com.pl\/en\/wp-json\/wp\/v2\/product_tag?post=3035"}],"curies":[{"name":"wp","href":"https:\/\/api.w.org\/{rel}","templated":true}]}}