{"id":3124,"date":"2025-11-25T16:59:00","date_gmt":"2025-11-25T16:59:00","guid":{"rendered":"https:\/\/sklep.thairai.com.pl\/?post_type=product&#038;p=3124"},"modified":"2026-03-10T11:17:49","modified_gmt":"2026-03-10T11:17:49","slug":"grota-solna","status":"publish","type":"product","link":"https:\/\/sklep.thairai.com.pl\/en\/product\/grota-solna\/","title":{"rendered":"Grota solna"},"content":{"rendered":"<p>Grota Solna stanowi przestrze\u0144 g\u0142\u0119bokiego relaksu, kt\u00f3rej unikalny mikroklimat powsta\u0142 dzi\u0119ki naturalnym kryszta\u0142om soli. Powietrze jest bogate w cenne mikroelementy, takie jak jod, magnez, wap\u0144 i potas. Seans wspiera funkcjonowanie uk\u0142adu oddechowego, wzmacnia odporno\u015b\u0107 i skutecznie redukuje poziom stresu. Regularne korzystanie z groty solnej znacz\u0105co poprawia og\u00f3lne samopoczucie, kondycj\u0119 sk\u00f3ry oraz witalno\u015b\u0107 ca\u0142ego organizmu. Wn\u0119trze groty zosta\u0142o zaprojektowane tak, aby wiernie imitowa\u0107 naturalne jaskinie solne. \u015aciany s\u0105 wy\u0142o\u017cone bry\u0142ami soli, a subtelne pod\u015bwietlenie tworzy niepowtarzaln\u0105, relaksuj\u0105c\u0105 po\u015bwiat\u0119. Go\u015bcie maj\u0105 mo\u017cliwo\u015b\u0107 odpr\u0119\u017cenia si\u0119 na wygodnych le\u017cakach, pozwalaj\u0105c, by otuli\u0142a ich delikatna, orze\u017awiaj\u0105ca bryza. Panuj\u0105ca atmosfera sprzyja g\u0142\u0119bokiemu odpr\u0119\u017ceniu umys\u0142u.<\/p>\n<p>Zabieg jest szczeg\u00f3lnie zalecany dla os\u00f3b, kt\u00f3re borykaj\u0105 si\u0119 z dolegliwo\u015bciami uk\u0142adu oddechowego (astma, nie\u017cyt nosa, zapalenie oskrzeli lub p\u0142uc, pylica, katar sienny) lub potrzebuj\u0105 wsparcia uk\u0142adu pokarmowego lub borykaj\u0105 si\u0119 z niedoborami mikroelement\u00f3w. Sprawdzi si\u0119 te\u017c dla tych, kt\u00f3rzy zmagaj\u0105 si\u0119 z problemami dermatologicznymi (tr\u0105dzik, AZS, egzema, \u0142uszczyca), albo poszukuj\u0105 wzmocnienia uk\u0142adu nerwowego w okresach napi\u0119cia i stresu.<\/p>\n<p>Pobyt w grocie solnej oddzia\u0142uje kompleksowo na ca\u0142y organizm \u2013 stymuluje uk\u0142ad nerwowy, pokarmowy, oddechowy i immunologiczny. Sk\u00f3ra staje si\u0119 bardziej dotleniona, cia\u0142o odpr\u0119\u017cone, a umys\u0142 wyciszony.<\/p>","protected":false},"excerpt":{"rendered":"<p>Grota Solna stanowi przestrze\u0144 g\u0142\u0119bokiego relaksu, kt\u00f3rej unikalny mikroklimat powsta\u0142 dzi\u0119ki naturalnym kryszta\u0142om soli. Powietrze jest bogate w cenne mikroelementy, takie jak jod, magnez, wap\u0144 i potas. Seans wspiera funkcjonowanie uk\u0142adu oddechowego, wzmacnia odporno\u015b\u0107 i skutecznie redukuje poziom stresu. Regularne korzystanie z groty solnej znacz\u0105co poprawia og\u00f3lne samopoczucie, kondycj\u0119 sk\u00f3ry oraz witalno\u015b\u0107 ca\u0142ego organizmu.<\/p>\n<p><strong>Po dokonaniu zam\u00f3wienia, otrzymacie Pa\u0144stwo voucher na zakupiony masa\u017c lub rytua\u0142, kt\u00f3ry zostanie dostarczony drog\u0105 e-mailow\u0105. Prosimy liczy\u0107 na jego dostarczenie w ci\u0105gu godzin pracy naszego salonu. Ka\u017cdy voucher pozostaje wa\u017cny przez okres 6 miesi\u0119cy (chyba \u017ce data na Voucherze m\u00f3wi inaczej) od momentu zakupu, daj\u0105c Wam wystarczaj\u0105co du\u017co czasu na skorzystanie z tego wyj\u0105tkowego do\u015bwiadczenia relaksacyjnego. *Vouchery z kategorii SPA mo\u017cliwe s\u0105 do zrealizowania tylko w Salonie SPA w Ostro\u0142\u0119ce na ulicy Bohater\u00f3w Warszawy 29.<\/strong><\/p>\n<p>If you have any further questions, please do not hesitate to contact us by phone or via the contact form.<\/p>","protected":false},"featured_media":3623,"template":"","meta":[],"product_cat":[196],"product_tag":[],"class_list":{"0":"post-3124","1":"product","2":"type-product","3":"status-publish","4":"has-post-thumbnail","6":"product_cat-spa","8":"first","9":"instock","10":"shipping-taxable","11":"purchasable","12":"product-type-variable","13":"has-default-attributes"},"_links":{"self":[{"href":"https:\/\/sklep.thairai.com.pl\/en\/wp-json\/wp\/v2\/product\/3124","targetHints":{"allow":["GET"]}}],"collection":[{"href":"https:\/\/sklep.thairai.com.pl\/en\/wp-json\/wp\/v2\/product"}],"about":[{"href":"https:\/\/sklep.thairai.com.pl\/en\/wp-json\/wp\/v2\/types\/product"}],"wp:featuredmedia":[{"embeddable":true,"href":"https:\/\/sklep.thairai.com.pl\/en\/wp-json\/wp\/v2\/media\/3623"}],"wp:attachment":[{"href":"https:\/\/sklep.thairai.com.pl\/en\/wp-json\/wp\/v2\/media?parent=3124"}],"wp:term":[{"taxonomy":"product_cat","embeddable":true,"href":"https:\/\/sklep.thairai.com.pl\/en\/wp-json\/wp\/v2\/product_cat?post=3124"},{"taxonomy":"product_tag","embeddable":true,"href":"https:\/\/sklep.thairai.com.pl\/en\/wp-json\/wp\/v2\/product_tag?post=3124"}],"curies":[{"name":"wp","href":"https:\/\/api.w.org\/{rel}","templated":true}]}}