{"id":3135,"date":"2025-11-25T18:35:05","date_gmt":"2025-11-25T18:35:05","guid":{"rendered":"https:\/\/sklep.thairai.com.pl\/?post_type=product&#038;p=3135"},"modified":"2026-03-10T11:17:14","modified_gmt":"2026-03-10T11:17:14","slug":"harmony-head-spa","status":"publish","type":"product","link":"https:\/\/sklep.thairai.com.pl\/en\/product\/harmony-head-spa\/","title":{"rendered":"Harmony Head SPA"},"content":{"rendered":"<p>Harmony Head SPA to rytua\u0142, kt\u00f3ry prowadzi Ci\u0119 w pe\u0142n\u0105 podr\u00f3\u017c relaksu i odnowy. Zabieg \u0142\u0105czy delikatn\u0105 aromaterapi\u0119, masa\u017c g\u0142owy, szyi i plec\u00f3w, piel\u0119gnacj\u0119 twarzy oraz kompleksow\u0105 trosk\u0119 o w\u0142osy, tworz\u0105c sp\u00f3jn\u0105 sekwencj\u0119 odpr\u0119\u017cenia dla cia\u0142a i umys\u0142u. Podczas rytua\u0142u ka\u017cdy element ma swoje znaczenie \u2013 od koj\u0105cego masa\u017cu po od\u017cywiaj\u0105ce zabiegi piel\u0119gnacyjne, kt\u00f3re przywracaj\u0105 r\u00f3wnowag\u0119 i witalno\u015b\u0107. Od pierwszych chwil poczujesz, jak napi\u0119cie dnia ust\u0119puje, a cia\u0142o si\u0119 rozlu\u017ania. Twarz i sk\u00f3ra g\u0142owy zostaj\u0105 od\u015bwie\u017cone, mi\u0119\u015bnie szyi i plec\u00f3w zrelaksowane, a w\u0142osy odzyskuj\u0105 naturalny blask i lekko\u015b\u0107. Aromaty unosz\u0105ce si\u0119 w przestrzeni pot\u0119guj\u0105 uczucie spokoju i harmonii, pomagaj\u0105c odci\u0105\u0107 si\u0119 od codziennego zgie\u0142ku. Ca\u0142y rytua\u0142 ko\u0144czy si\u0119 przyjemnym poczuciem energii i r\u00f3wnowagi, pozostawiaj\u0105c cia\u0142o lekkie, sk\u00f3r\u0119 promienn\u0105, a w\u0142osy mi\u0119kkie i pe\u0142ne witalno\u015bci. To do\u015bwiadczenie, kt\u00f3re nie tylko piel\u0119gnuje, ale i regeneruje, pozwalaj\u0105c na chwil\u0119 prawdziwego odpr\u0119\u017cenia, harmonii i wewn\u0119trznego spokoju.<\/p>\n<p>Rytua\u0142 jest stworzony dla os\u00f3b pragn\u0105cych kompleksowego relaksu i odpr\u0119\u017cenia po stresuj\u0105cym dniu, dla tych, kt\u00f3rzy chc\u0105 poprawi\u0107 kondycj\u0119 w\u0142os\u00f3w, sk\u00f3ry g\u0142owy i twarzy oraz poczu\u0107 wewn\u0119trzn\u0105 r\u00f3wnowag\u0119. Doskonale sprawdzi si\u0119 dla ka\u017cdego, kto potrzebuje chwili wytchnienia i odbudowy energetycznej.<\/p>\n<p>Podczas zabiegu poczujesz rozlu\u017anienie mi\u0119\u015bni, popraw\u0119 kr\u0105\u017cenia i natychmiastowe odpr\u0119\u017cenie. Twarz i okolice oczu odzyskaj\u0105 \u015bwie\u017co\u015b\u0107, a w\u0142osy b\u0119d\u0105 mi\u0119kkie, l\u015bni\u0105ce i pe\u0142ne witalno\u015bci. Po rytuale cia\u0142o i umys\u0142 staj\u0105 si\u0119 zrelaksowane, a energia wraca w naturalny spos\u00f3b, daj\u0105c poczucie lekko\u015bci i harmonii.<\/p>","protected":false},"excerpt":{"rendered":"<p>Harmony Head SPA to rytua\u0142, kt\u00f3ry prowadzi Ci\u0119 w pe\u0142n\u0105 podr\u00f3\u017c relaksu i odnowy. Zabieg \u0142\u0105czy delikatn\u0105 aromaterapi\u0119, masa\u017c g\u0142owy, szyi i plec\u00f3w, piel\u0119gnacj\u0119 twarzy oraz kompleksow\u0105 trosk\u0119 o w\u0142osy, tworz\u0105c sp\u00f3jn\u0105 sekwencj\u0119 odpr\u0119\u017cenia dla cia\u0142a i umys\u0142u. To do\u015bwiadczenie, kt\u00f3re nie tylko piel\u0119gnuje, ale i regeneruje, pozwalaj\u0105c na chwil\u0119 prawdziwego odpr\u0119\u017cenia, harmonii i wewn\u0119trznego spokoju.<\/p>\n<p><strong>Po dokonaniu zam\u00f3wienia, otrzymacie Pa\u0144stwo voucher na zakupiony masa\u017c lub rytua\u0142, kt\u00f3ry zostanie dostarczony drog\u0105 e-mailow\u0105. Prosimy liczy\u0107 na jego dostarczenie w ci\u0105gu godzin pracy naszego salonu. Ka\u017cdy voucher pozostaje wa\u017cny przez okres 6 miesi\u0119cy (chyba \u017ce data na Voucherze m\u00f3wi inaczej) od momentu zakupu, daj\u0105c Wam wystarczaj\u0105co du\u017co czasu na skorzystanie z tego wyj\u0105tkowego do\u015bwiadczenia relaksacyjnego. *Vouchery z kategorii SPA mo\u017cliwe s\u0105 do zrealizowania tylko w Salonie SPA w Ostro\u0142\u0119ce na ulicy Bohater\u00f3w Warszawy 29.<\/strong><\/p>\n<p>If you have any further questions, please do not hesitate to contact us by phone or via the contact form.<\/p>","protected":false},"featured_media":3622,"template":"","meta":[],"product_cat":[196],"product_tag":[],"class_list":{"0":"post-3135","1":"product","2":"type-product","3":"status-publish","4":"has-post-thumbnail","6":"product_cat-spa","8":"first","9":"instock","10":"shipping-taxable","11":"purchasable","12":"product-type-variable","13":"has-default-attributes"},"_links":{"self":[{"href":"https:\/\/sklep.thairai.com.pl\/en\/wp-json\/wp\/v2\/product\/3135","targetHints":{"allow":["GET"]}}],"collection":[{"href":"https:\/\/sklep.thairai.com.pl\/en\/wp-json\/wp\/v2\/product"}],"about":[{"href":"https:\/\/sklep.thairai.com.pl\/en\/wp-json\/wp\/v2\/types\/product"}],"wp:featuredmedia":[{"embeddable":true,"href":"https:\/\/sklep.thairai.com.pl\/en\/wp-json\/wp\/v2\/media\/3622"}],"wp:attachment":[{"href":"https:\/\/sklep.thairai.com.pl\/en\/wp-json\/wp\/v2\/media?parent=3135"}],"wp:term":[{"taxonomy":"product_cat","embeddable":true,"href":"https:\/\/sklep.thairai.com.pl\/en\/wp-json\/wp\/v2\/product_cat?post=3135"},{"taxonomy":"product_tag","embeddable":true,"href":"https:\/\/sklep.thairai.com.pl\/en\/wp-json\/wp\/v2\/product_tag?post=3135"}],"curies":[{"name":"wp","href":"https:\/\/api.w.org\/{rel}","templated":true}]}}