{"id":3145,"date":"2025-11-25T18:54:23","date_gmt":"2025-11-25T18:54:23","guid":{"rendered":"https:\/\/sklep.thairai.com.pl\/?post_type=product&#038;p=3145"},"modified":"2026-03-10T11:13:42","modified_gmt":"2026-03-10T11:13:42","slug":"tranquillity-body-scrub-ritual-comfort-zone","status":"publish","type":"product","link":"https:\/\/sklep.thairai.com.pl\/en\/product\/tranquillity-body-scrub-ritual-comfort-zone\/","title":{"rendered":"Tranquillity\u2122 Body Scrub Ritual"},"content":{"rendered":"<p>Kr\u00f3tka, ale niezwykle odpr\u0119\u017caj\u0105ca ceremonia, idealna dla tych, kt\u00f3rzy pragn\u0105 b\u0142yskawicznego resetu cia\u0142a i umys\u0142u. Rytua\u0142 rozpoczyna delikatne powitanie aromaterapeutyczn\u0105 lini\u0105 Tranquillity\u2122, po kt\u00f3rym wykonywany jest subtelny masa\u017c twarzy p\u0119dzelkami, wprowadzaj\u0105cy w stan g\u0142\u0119bokiego wyciszenia. Nast\u0119pnie na cia\u0142o aplikowany jest od\u017cywczy peeling, kt\u00f3ry wyg\u0142adza sk\u00f3r\u0119, pobudza mikrokr\u0105\u017cenie i przywraca jej jedwabist\u0105 mi\u0119kko\u015b\u0107. Zabieg ko\u0144czy nawil\u017caj\u0105ca piel\u0119gnacja, pozostawiaj\u0105ca sk\u00f3r\u0119 g\u0142adk\u0105, promienn\u0105 i przyjemnie otulon\u0105 aromatem Tranquillity\u2122.<\/p>","protected":false},"excerpt":{"rendered":"<p>Kr\u00f3tka, ale niezwykle odpr\u0119\u017caj\u0105ca ceremonia, idealna dla tych, kt\u00f3rzy pragn\u0105 b\u0142yskawicznego resetu cia\u0142a i umys\u0142u. Rytua\u0142 rozpoczyna delikatne powitanie aromaterapeutyczn\u0105 lini\u0105 Tranquillity\u2122, po kt\u00f3rym wykonywany jest subtelny masa\u017c twarzy. Nast\u0119pnie na cia\u0142o aplikowany jest od\u017cywczy peeling.\u00a0 Zabieg ko\u0144czy nawil\u017caj\u0105ca piel\u0119gnacja, pozostawiaj\u0105ca sk\u00f3r\u0119 g\u0142adk\u0105, promienn\u0105 i przyjemnie otulon\u0105 aromatem Tranquillity\u2122.<\/p>\n<p><strong>Po dokonaniu zam\u00f3wienia, otrzymacie Pa\u0144stwo voucher na zakupiony masa\u017c lub rytua\u0142, kt\u00f3ry zostanie dostarczony drog\u0105 e-mailow\u0105. Prosimy liczy\u0107 na jego dostarczenie w ci\u0105gu godzin pracy naszego salonu. Ka\u017cdy voucher pozostaje wa\u017cny przez okres 6 miesi\u0119cy (chyba \u017ce data na Voucherze m\u00f3wi inaczej) od momentu zakupu, daj\u0105c Wam wystarczaj\u0105co du\u017co czasu na skorzystanie z tego wyj\u0105tkowego do\u015bwiadczenia relaksacyjnego. *Vouchery z kategorii SPA mo\u017cliwe s\u0105 do zrealizowania tylko w Salonie SPA w Ostro\u0142\u0119ce na ulicy Bohater\u00f3w Warszawy 29.<\/strong><\/p>\n<p>If you have any further questions, please do not hesitate to contact us by phone or via the contact form.<\/p>","protected":false},"featured_media":3618,"template":"","meta":[],"product_cat":[196],"product_tag":[],"class_list":{"0":"post-3145","1":"product","2":"type-product","3":"status-publish","4":"has-post-thumbnail","6":"product_cat-spa","8":"first","9":"instock","10":"shipping-taxable","11":"purchasable","12":"product-type-variable"},"_links":{"self":[{"href":"https:\/\/sklep.thairai.com.pl\/en\/wp-json\/wp\/v2\/product\/3145","targetHints":{"allow":["GET"]}}],"collection":[{"href":"https:\/\/sklep.thairai.com.pl\/en\/wp-json\/wp\/v2\/product"}],"about":[{"href":"https:\/\/sklep.thairai.com.pl\/en\/wp-json\/wp\/v2\/types\/product"}],"wp:featuredmedia":[{"embeddable":true,"href":"https:\/\/sklep.thairai.com.pl\/en\/wp-json\/wp\/v2\/media\/3618"}],"wp:attachment":[{"href":"https:\/\/sklep.thairai.com.pl\/en\/wp-json\/wp\/v2\/media?parent=3145"}],"wp:term":[{"taxonomy":"product_cat","embeddable":true,"href":"https:\/\/sklep.thairai.com.pl\/en\/wp-json\/wp\/v2\/product_cat?post=3145"},{"taxonomy":"product_tag","embeddable":true,"href":"https:\/\/sklep.thairai.com.pl\/en\/wp-json\/wp\/v2\/product_tag?post=3145"}],"curies":[{"name":"wp","href":"https:\/\/api.w.org\/{rel}","templated":true}]}}