{"id":3151,"date":"2025-11-25T19:04:08","date_gmt":"2025-11-25T19:04:08","guid":{"rendered":"https:\/\/sklep.thairai.com.pl\/?post_type=product&#038;p=3151"},"modified":"2026-03-10T11:11:55","modified_gmt":"2026-03-10T11:11:55","slug":"himalayan-ritual","status":"publish","type":"product","link":"https:\/\/sklep.thairai.com.pl\/en\/product\/himalayan-ritual\/","title":{"rendered":"Himalayan Salt Ritual"},"content":{"rendered":"<p>Himalayan Salt Ritual to g\u0142\u0119boko regeneruj\u0105ca ceremonia dla cia\u0142a i twarzy, inspirowana moc\u0105 natury i energi\u0105 himalajskich kryszta\u0142\u00f3w soli. Zabieg przywraca wewn\u0119trzn\u0105 r\u00f3wnowag\u0119 i witalno\u015b\u0107, oczyszcza organizm oraz otula zmys\u0142y ciep\u0142em i spokojem. Rytua\u0142 rozpoczyna si\u0119 masa\u017cem cia\u0142a z u\u017cyciem rozgrzanych kamieni solnych, kt\u00f3re uwalniaj\u0105 cenne minera\u0142y i delikatnie pobudzaj\u0105 kr\u0105\u017cenie. Nast\u0119pnie aplikowany jest wrapping solny, kt\u00f3ry wspiera detoksykacj\u0119 organizmu, \u0142agodzi b\u00f3le mi\u0119\u015bni i staw\u00f3w oraz skutecznie pobudza metabolizm. To doskona\u0142a propozycja dla os\u00f3b zmagaj\u0105cych si\u0119 z napi\u0119ciem, zm\u0119czeniem, obrz\u0119kami czy utrat\u0105 energii. Ca\u0142o\u015b\u0107 dope\u0142nia masa\u017c twarzy Comfort Touch, wykonywany na antyoksydacyjnym olejku [ comfort zone ]. Zabieg koi zmys\u0142y, rozlu\u017ania mi\u0119\u015bnie twarzy i przywraca sk\u00f3rze m\u0142odzie\u0144czy blask, \u015bwie\u017co\u015b\u0107 i witalno\u015b\u0107. Efektem rytua\u0142u jest g\u0142adka, uj\u0119drniona i od\u017cywiona sk\u00f3ra, lekko\u015b\u0107 w ciele oraz uczucie g\u0142\u0119bokiego odpr\u0119\u017cenia. To wyj\u0105tkowe do\u015bwiadczenie, kt\u00f3re \u0142\u0105czy si\u0142\u0119 natury z nowoczesn\u0105 piel\u0119gnacj\u0105, pozwalaj\u0105c odnale\u017a\u0107 harmoni\u0119 pomi\u0119dzy cia\u0142em, umys\u0142em i energi\u0105.<\/p>","protected":false},"excerpt":{"rendered":"<p>Himalayan Salt Ritual to g\u0142\u0119boko regeneruj\u0105ca ceremonia dla cia\u0142a i twarzy, inspirowana moc\u0105 natury i energi\u0105 himalajskich kryszta\u0142\u00f3w soli. Zabieg przywraca wewn\u0119trzn\u0105 r\u00f3wnowag\u0119 i witalno\u015b\u0107, oczyszcza organizm oraz otula zmys\u0142y ciep\u0142em i spokojem. Efektem rytua\u0142u jest g\u0142adka, uj\u0119drniona i od\u017cywiona sk\u00f3ra, lekko\u015b\u0107 w ciele oraz uczucie g\u0142\u0119bokiego odpr\u0119\u017cenia. To wyj\u0105tkowe do\u015bwiadczenie, kt\u00f3re \u0142\u0105czy si\u0142\u0119 natury z nowoczesn\u0105 piel\u0119gnacj\u0105, pozwalaj\u0105c odnale\u017a\u0107 harmoni\u0119 pomi\u0119dzy cia\u0142em, umys\u0142em i energi\u0105.<\/p>\n<p><strong>Po dokonaniu zam\u00f3wienia, otrzymacie Pa\u0144stwo voucher na zakupiony masa\u017c lub rytua\u0142, kt\u00f3ry zostanie dostarczony drog\u0105 e-mailow\u0105. Prosimy liczy\u0107 na jego dostarczenie w ci\u0105gu godzin pracy naszego salonu. Ka\u017cdy voucher pozostaje wa\u017cny przez okres 6 miesi\u0119cy (chyba \u017ce data na Voucherze m\u00f3wi inaczej) od momentu zakupu, daj\u0105c Wam wystarczaj\u0105co du\u017co czasu na skorzystanie z tego wyj\u0105tkowego do\u015bwiadczenia relaksacyjnego. *Vouchery z kategorii SPA mo\u017cliwe s\u0105 do zrealizowania tylko w Salonie SPA w Ostro\u0142\u0119ce na ulicy Bohater\u00f3w Warszawy 29.<\/strong><\/p>\n<p>If you have any further questions, please do not hesitate to contact us by phone or via the contact form.<\/p>","protected":false},"featured_media":3615,"template":"","meta":[],"product_cat":[196],"product_tag":[],"class_list":{"0":"post-3151","1":"product","2":"type-product","3":"status-publish","4":"has-post-thumbnail","6":"product_cat-spa","8":"first","9":"instock","10":"shipping-taxable","11":"purchasable","12":"product-type-variable","13":"has-default-attributes"},"_links":{"self":[{"href":"https:\/\/sklep.thairai.com.pl\/en\/wp-json\/wp\/v2\/product\/3151","targetHints":{"allow":["GET"]}}],"collection":[{"href":"https:\/\/sklep.thairai.com.pl\/en\/wp-json\/wp\/v2\/product"}],"about":[{"href":"https:\/\/sklep.thairai.com.pl\/en\/wp-json\/wp\/v2\/types\/product"}],"wp:featuredmedia":[{"embeddable":true,"href":"https:\/\/sklep.thairai.com.pl\/en\/wp-json\/wp\/v2\/media\/3615"}],"wp:attachment":[{"href":"https:\/\/sklep.thairai.com.pl\/en\/wp-json\/wp\/v2\/media?parent=3151"}],"wp:term":[{"taxonomy":"product_cat","embeddable":true,"href":"https:\/\/sklep.thairai.com.pl\/en\/wp-json\/wp\/v2\/product_cat?post=3151"},{"taxonomy":"product_tag","embeddable":true,"href":"https:\/\/sklep.thairai.com.pl\/en\/wp-json\/wp\/v2\/product_tag?post=3151"}],"curies":[{"name":"wp","href":"https:\/\/api.w.org\/{rel}","templated":true}]}}