{"id":3153,"date":"2025-11-25T19:07:00","date_gmt":"2025-11-25T19:07:00","guid":{"rendered":"https:\/\/sklep.thairai.com.pl\/?post_type=product&#038;p=3153"},"modified":"2026-03-10T11:11:17","modified_gmt":"2026-03-10T11:11:17","slug":"sauna-ganbanyoku","status":"publish","type":"product","link":"https:\/\/sklep.thairai.com.pl\/en\/product\/sauna-ganbanyoku\/","title":{"rendered":"Sauna Ganbanyoku"},"content":{"rendered":"<p>Ganbanyoku to wyj\u0105tkowa, japo\u0144ska forma \u201esauny na le\u017c\u0105co\u201d, kt\u00f3ra \u0142\u0105czy w sobie staro\u017cytn\u0105 m\u0105dro\u015b\u0107 Wschodu z nowoczesnym podej\u015bciem do regeneracji cia\u0142a i umys\u0142u. Seans odbywa si\u0119 na podgrzewanych p\u0142ytach z naturalnej ska\u0142y magmowej, bogatej w cenne minera\u0142y \u2013 czarn\u0105 krzemionk\u0119, krzemiany i kwarc. To w\u0142a\u015bnie one emituj\u0105 naturalne promieniowanie podczerwone i jony ujemne, kt\u00f3re delikatnie przenikaj\u0105 w g\u0142\u0105b cia\u0142a, pobudzaj\u0105c procesy oczyszczania i odnowy. W odr\u00f3\u017cnieniu od tradycyjnych saun, temperatura w Ganbanyoku jest ni\u017csza (ok. 40\u201345\u00b0C), dzi\u0119ki czemu zabieg jest w pe\u0142ni komfortowy i bezpieczny, nawet dla os\u00f3b wra\u017cliwych na wysokie temperatury. Seans pozwala na g\u0142\u0119boki relaks i odpr\u0119\u017cenie, przy jednoczesnym skutecznym wsparciu proces\u00f3w regeneracyjnych organizmu.<\/p>\n<p>Sauna Ganbanyoku jest idealna dla os\u00f3b poszukuj\u0105cych g\u0142\u0119bokiego relaksu, regeneracji i odnowy, a tak\u017ce dla tych, kt\u00f3rzy \u017ale znosz\u0105 klasyczne sauny. Rekomendowana jest w stanach zm\u0119czenia, przy napi\u0119ciu mi\u0119\u015bniowym, obni\u017conej odporno\u015bci oraz w trosce o zdrowy i promienny wygl\u0105d sk\u00f3ry.<\/p>\n<p>Regularne korzystanie z sauny Ganbanyoku skutecznie oczyszcza organizm z toksyn, poprawia kr\u0105\u017cenie i stymuluje metabolizm. Wzmacnia odporno\u015b\u0107, przyspiesza procesy regeneracyjne i przywraca witalno\u015b\u0107 ca\u0142emu organizmowi. Sk\u00f3ra staje si\u0119 bardziej j\u0119drna, g\u0142adka i elastyczna, a cellulit ulega widocznemu zmniejszeniu. Ciep\u0142o kamieni \u0142agodzi b\u00f3le mi\u0119\u015bni i staw\u00f3w, rozlu\u017ania napi\u0119cia i wprowadza cia\u0142o w stan g\u0142\u0119bokiego odpr\u0119\u017cenia. Po seansie odczuwalna jest lekko\u015b\u0107, spok\u00f3j i wewn\u0119trzna r\u00f3wnowaga.<\/p>","protected":false},"excerpt":{"rendered":"<p>Ganbanyoku to wyj\u0105tkowa, japo\u0144ska forma \u201esauny na le\u017c\u0105co\u201d, kt\u00f3ra \u0142\u0105czy w sobie staro\u017cytn\u0105 m\u0105dro\u015b\u0107 Wschodu z nowoczesnym podej\u015bciem do regeneracji cia\u0142a i umys\u0142u. Seans odbywa si\u0119 na podgrzewanych p\u0142ytach z naturalnej ska\u0142y magmowej, bogatej w cenne minera\u0142y \u2013 czarn\u0105 krzemionk\u0119, krzemiany i kwarc. Seans pozwala na g\u0142\u0119boki relaks i odpr\u0119\u017cenie, przy jednoczesnym skutecznym wsparciu proces\u00f3w regeneracyjnych organizmu.<\/p>\n<p><strong>Po dokonaniu zam\u00f3wienia, otrzymacie Pa\u0144stwo voucher na zakupiony masa\u017c lub rytua\u0142, kt\u00f3ry zostanie dostarczony drog\u0105 e-mailow\u0105. Prosimy liczy\u0107 na jego dostarczenie w ci\u0105gu godzin pracy naszego salonu. Ka\u017cdy voucher pozostaje wa\u017cny przez okres 6 miesi\u0119cy (chyba \u017ce data na Voucherze m\u00f3wi inaczej) od momentu zakupu, daj\u0105c Wam wystarczaj\u0105co du\u017co czasu na skorzystanie z tego wyj\u0105tkowego do\u015bwiadczenia relaksacyjnego. *Vouchery z kategorii SPA mo\u017cliwe s\u0105 do zrealizowania tylko w Salonie SPA w Ostro\u0142\u0119ce na ulicy Bohater\u00f3w Warszawy 29.<\/strong><\/p>\n<p>If you have any further questions, please do not hesitate to contact us by phone or via the contact form.<\/p>","protected":false},"featured_media":3614,"template":"","meta":[],"product_cat":[196],"product_tag":[],"class_list":{"0":"post-3153","1":"product","2":"type-product","3":"status-publish","4":"has-post-thumbnail","6":"product_cat-spa","8":"first","9":"instock","10":"shipping-taxable","11":"purchasable","12":"product-type-variable","13":"has-default-attributes"},"_links":{"self":[{"href":"https:\/\/sklep.thairai.com.pl\/en\/wp-json\/wp\/v2\/product\/3153","targetHints":{"allow":["GET"]}}],"collection":[{"href":"https:\/\/sklep.thairai.com.pl\/en\/wp-json\/wp\/v2\/product"}],"about":[{"href":"https:\/\/sklep.thairai.com.pl\/en\/wp-json\/wp\/v2\/types\/product"}],"wp:featuredmedia":[{"embeddable":true,"href":"https:\/\/sklep.thairai.com.pl\/en\/wp-json\/wp\/v2\/media\/3614"}],"wp:attachment":[{"href":"https:\/\/sklep.thairai.com.pl\/en\/wp-json\/wp\/v2\/media?parent=3153"}],"wp:term":[{"taxonomy":"product_cat","embeddable":true,"href":"https:\/\/sklep.thairai.com.pl\/en\/wp-json\/wp\/v2\/product_cat?post=3153"},{"taxonomy":"product_tag","embeddable":true,"href":"https:\/\/sklep.thairai.com.pl\/en\/wp-json\/wp\/v2\/product_tag?post=3153"}],"curies":[{"name":"wp","href":"https:\/\/api.w.org\/{rel}","templated":true}]}}