{"id":3159,"date":"2025-11-25T19:23:29","date_gmt":"2025-11-25T19:23:29","guid":{"rendered":"https:\/\/sklep.thairai.com.pl\/?post_type=product&#038;p=3159"},"modified":"2026-03-10T11:10:05","modified_gmt":"2026-03-10T11:10:05","slug":"hand-spa","status":"publish","type":"product","link":"https:\/\/sklep.thairai.com.pl\/en\/product\/hand-spa\/","title":{"rendered":"Hand SPA"},"content":{"rendered":"<p>Hand SPA to kompleksowy zabieg piel\u0119gnacyjny d\u0142oni o charakterze parafinowym. Zabieg rozpoczyna precyzyjne oczyszczenie, kt\u00f3re przygotowuje sk\u00f3r\u0119 d\u0142oni na przyj\u0119cie cennych sk\u0142adnik\u00f3w. To etap g\u0142\u0119bokiego wyg\u0142adzenia, gdzie aplikowany jest specjalistyczny peeling- jego drobinki delikatnie usuwaj\u0105 martwe kom\u00f3rki nask\u00f3rka. Peeling zapewnia natychmiastowe wyg\u0142adzenie d\u0142oni, wyr\u00f3wnuje ich koloryt oraz znacz\u0105co zwi\u0119ksza ch\u0142onno\u015b\u0107 sk\u00f3ry na substancje aktywne. Sk\u00f3r\u0119 d\u0142oni od\u017cywia otulaj\u0105cy masa\u017c aromatycznym olejkiem. Jest to chwila g\u0142\u0119bokiego odpr\u0119\u017cenia, kt\u00f3ra nie tylko relaksuje, ale r\u00f3wnie\u017c stymuluje kr\u0105\u017cenie i dostarcza intensywnej dawki sk\u0142adnik\u00f3w od\u017cywczych. Kulminacyjnym punktem jest termiczny opatrunek, czyli k\u0105piel w ciep\u0142ej parafinie. Tworzy ona na sk\u00f3rze opatrunek okluzyjny- termiczn\u0105 barier\u0119, kt\u00f3ra niczym kokon otula, zatrzymuj\u0105c wilgo\u0107 oraz ciep\u0142o. Dzi\u0119ki temu, dobroczynne sk\u0142adniki olejku wnikaj\u0105 do najg\u0142\u0119bszych warstw nask\u00f3rka, zapewniaj\u0105c nawil\u017cenie, od\u017cywienie i regeneracj\u0119. Rytua\u0142 piel\u0119gnacyjny d\u0142oni ko\u0144czy si\u0119 aplikacj\u0105 kremu, kt\u00f3ra nast\u0119puje po usuni\u0119ciu parafiny, utrwalaj\u0105c efekt jedwabistej g\u0142adko\u015bci i blasku.<\/p>\n<p>Zabieg jest stworzony dla os\u00f3b z such\u0105, zniszczon\u0105 lub szorstk\u0105 sk\u00f3r\u0105 d\u0142oni, a tak\u017ce tych, kt\u00f3rzy pragn\u0105 nada\u0107 im m\u0142odszy, zadbany wygl\u0105d. To tak\u017ce idealny wyb\u00f3r dla os\u00f3b nara\u017conych na dzia\u0142anie detergent\u00f3w lub czynnik\u00f3w atmosferycznych.<\/p>\n<p>Po zabiegu d\u0142onie staj\u0105 si\u0119 wyj\u0105tkowo g\u0142adkie, mi\u0119kkie i g\u0142\u0119boko nawil\u017cone. Sk\u00f3ra odzyskuje elastyczno\u015b\u0107, a paznokcie zostaj\u0105 wzmocnione. Regularne Hand SPA spowalnia procesy starzenia si\u0119 sk\u00f3ry d\u0142oni, przywracaj\u0105c im zdrowy, promienny wygl\u0105d i d\u0142ugotrwa\u0142y komfort.<\/p>","protected":false},"excerpt":{"rendered":"<p>Hand SPA to kompleksowy zabieg piel\u0119gnacyjny d\u0142oni o charakterze parafinowym. Zabieg rozpoczyna precyzyjne oczyszczenie, kt\u00f3re przygotowuje sk\u00f3r\u0119 d\u0142oni na przyj\u0119cie cennych sk\u0142adnik\u00f3w. Aplikowany jest specjalistyczny peeling- jego drobinki delikatnie usuwaj\u0105 martwe kom\u00f3rki nask\u00f3rka. Sk\u00f3r\u0119 d\u0142oni od\u017cywia otulaj\u0105cy masa\u017c aromatycznym olejkiem.\u00a0 Kulminacyjnym punktem jest termiczny opatrunek, czyli k\u0105piel w ciep\u0142ej parafinie. Rytua\u0142 piel\u0119gnacyjny d\u0142oni ko\u0144czy si\u0119 aplikacj\u0105 kremu.<\/p>\n<p><strong>Po dokonaniu zam\u00f3wienia, otrzymacie Pa\u0144stwo voucher na zakupiony masa\u017c lub rytua\u0142, kt\u00f3ry zostanie dostarczony drog\u0105 e-mailow\u0105. Prosimy liczy\u0107 na jego dostarczenie w ci\u0105gu godzin pracy naszego salonu. Ka\u017cdy voucher pozostaje wa\u017cny przez okres 6 miesi\u0119cy (chyba \u017ce data na Voucherze m\u00f3wi inaczej) od momentu zakupu, daj\u0105c Wam wystarczaj\u0105co du\u017co czasu na skorzystanie z tego wyj\u0105tkowego do\u015bwiadczenia relaksacyjnego. *Vouchery z kategorii SPA mo\u017cliwe s\u0105 do zrealizowania tylko w Salonie SPA w Ostro\u0142\u0119ce na ulicy Bohater\u00f3w Warszawy 29.<\/strong><\/p>\n<p>If you have any further questions, please do not hesitate to contact us by phone or via the contact form.<\/p>","protected":false},"featured_media":3612,"template":"","meta":[],"product_cat":[196],"product_tag":[],"class_list":{"0":"post-3159","1":"product","2":"type-product","3":"status-publish","4":"has-post-thumbnail","6":"product_cat-spa","8":"first","9":"instock","10":"shipping-taxable","11":"purchasable","12":"product-type-variable","13":"has-default-attributes"},"_links":{"self":[{"href":"https:\/\/sklep.thairai.com.pl\/en\/wp-json\/wp\/v2\/product\/3159","targetHints":{"allow":["GET"]}}],"collection":[{"href":"https:\/\/sklep.thairai.com.pl\/en\/wp-json\/wp\/v2\/product"}],"about":[{"href":"https:\/\/sklep.thairai.com.pl\/en\/wp-json\/wp\/v2\/types\/product"}],"wp:featuredmedia":[{"embeddable":true,"href":"https:\/\/sklep.thairai.com.pl\/en\/wp-json\/wp\/v2\/media\/3612"}],"wp:attachment":[{"href":"https:\/\/sklep.thairai.com.pl\/en\/wp-json\/wp\/v2\/media?parent=3159"}],"wp:term":[{"taxonomy":"product_cat","embeddable":true,"href":"https:\/\/sklep.thairai.com.pl\/en\/wp-json\/wp\/v2\/product_cat?post=3159"},{"taxonomy":"product_tag","embeddable":true,"href":"https:\/\/sklep.thairai.com.pl\/en\/wp-json\/wp\/v2\/product_tag?post=3159"}],"curies":[{"name":"wp","href":"https:\/\/api.w.org\/{rel}","templated":true}]}}