{"id":3163,"date":"2025-11-25T19:32:57","date_gmt":"2025-11-25T19:32:57","guid":{"rendered":"https:\/\/sklep.thairai.com.pl\/?post_type=product&#038;p=3163"},"modified":"2026-03-10T11:54:20","modified_gmt":"2026-03-10T11:54:20","slug":"rytual-hammam-masaz-tajski-lub-balijski-2","status":"publish","type":"product","link":"https:\/\/sklep.thairai.com.pl\/en\/product\/rytual-hammam-masaz-tajski-lub-balijski-2\/","title":{"rendered":"Rytua\u0142 Hammam (turecki)+ masa\u017c tajski lub balijski dla dwojga"},"content":{"rendered":"<p>Ten wyj\u0105tkowy rytua\u0142 to wielowiekowa, tradycyjna turecka ceremonia \u0142a\u017ani, kt\u00f3ra jest synonimem g\u0142\u0119bokiego oczyszczenia, relaksu i ca\u0142kowitej odnowy cia\u0142a i umys\u0142u. Ceremonia rozpoczyna si\u0119 od rozgrzania cia\u0142a w ciep\u0142ej parze, co skutecznie otwiera pory sk\u00f3ry i przygotowuje j\u0105 do dalszych etap\u00f3w piel\u0119gnacji. Nast\u0119pnie nast\u0119puje intensywne, lecz delikatne oczyszczenie sk\u00f3ry z u\u017cyciem czarnego myd\u0142a maroka\u0144skiego oraz specjalnej r\u0119kawicy Kessa. Ten kluczowy etap skutecznie usuwa martwe kom\u00f3rki nask\u00f3rka, umo\u017cliwiaj\u0105c sk\u00f3rze swobodne oddychanie i absorpcj\u0119 sk\u0142adnik\u00f3w od\u017cywczych. Zabieg ko\u0144czy turecki masa\u017c obfit\u0105 pian\u0105 z naturalnego myd\u0142a oliwkowego, kt\u00f3ra jest aplikowana na cia\u0142o i rozprowadzana delikatnymi, masuj\u0105cymi ruchami, zapewniaj\u0105c g\u0142\u0119bokie odpr\u0119\u017cenie oraz intensywne nawil\u017cenie. Do\u015bwiadczenie wzbogacone jest o masa\u017c tajski lub balijski.<\/p>\n<p>Rytua\u0142 polecany jest dla os\u00f3b pragn\u0105cych g\u0142\u0119bokiego oczyszczenia, regeneracji i relaksu, a tak\u017ce dla tych, kt\u00f3rzy potrzebuj\u0105 rozlu\u017anienia mi\u0119\u015bni i wsparcia detoksykacji organizmu.<\/p>\n<p>Po zabiegu sk\u00f3ra staje si\u0119 jedwabi\u015bcie g\u0142adka, oczyszczona i pe\u0142na blasku, cia\u0142o odzyskuje lekko\u015b\u0107, a umys\u0142- spok\u00f3j. Hammam wspiera naturaln\u0105 regeneracj\u0119, poprawia ukrwienie, uj\u0119drnia i wyg\u0142adza sk\u00f3r\u0119, a ciep\u0142o i masa\u017c przynosz\u0105 g\u0142\u0119boki relaks oraz wewn\u0119trzn\u0105 harmoni\u0119.<\/p>","protected":false},"excerpt":{"rendered":"<p>Rytua\u0142 Hammam to wielowiekowa, tradycyjna turecka ceremonia \u0142a\u017ani, kt\u00f3ra jest synonimem g\u0142\u0119bokiego oczyszczenia, relaksu i ca\u0142kowitej odnowy cia\u0142a i umys\u0142u. Ceremonia rozpoczyna si\u0119 od rozgrzania cia\u0142a w ciep\u0142ej parze, co skutecznie otwiera pory sk\u00f3ry i przygotowuje j\u0105 do dalszych etap\u00f3w piel\u0119gnacji. Nast\u0119pnie nast\u0119puje intensywne, lecz delikatne oczyszczenie sk\u00f3ry z u\u017cyciem czarnego myd\u0142a maroka\u0144skiego oraz specjalnej r\u0119kawicy Kessa. Do\u015bwiadczenie wzbogacone jest o masa\u017c tajski lub balijski.<\/p>\n<p><strong>Po dokonaniu zam\u00f3wienia, otrzymacie Pa\u0144stwo voucher na zakupiony masa\u017c lub rytua\u0142, kt\u00f3ry zostanie dostarczony drog\u0105 e-mailow\u0105. Prosimy liczy\u0107 na jego dostarczenie w ci\u0105gu godzin pracy naszego salonu. Ka\u017cdy voucher pozostaje wa\u017cny przez okres 6 miesi\u0119cy (chyba \u017ce data na Voucherze m\u00f3wi inaczej) od momentu zakupu, daj\u0105c Wam wystarczaj\u0105co du\u017co czasu na skorzystanie z tego wyj\u0105tkowego do\u015bwiadczenia relaksacyjnego. *Vouchery z kategorii SPA mo\u017cliwe s\u0105 do zrealizowania tylko w Salonie SPA w Ostro\u0142\u0119ce na ulicy Bohater\u00f3w Warszawy 29.<\/strong><\/p>\n<p>If you have any further questions, please do not hesitate to contact us by phone or via the contact form.<\/p>","protected":false},"featured_media":3637,"template":"","meta":[],"product_cat":[197],"product_tag":[],"class_list":{"0":"post-3163","1":"product","2":"type-product","3":"status-publish","4":"has-post-thumbnail","6":"product_cat-spa-dla-dwojga","8":"first","9":"instock","10":"shipping-taxable","11":"purchasable","12":"product-type-variable","13":"has-default-attributes"},"_links":{"self":[{"href":"https:\/\/sklep.thairai.com.pl\/en\/wp-json\/wp\/v2\/product\/3163","targetHints":{"allow":["GET"]}}],"collection":[{"href":"https:\/\/sklep.thairai.com.pl\/en\/wp-json\/wp\/v2\/product"}],"about":[{"href":"https:\/\/sklep.thairai.com.pl\/en\/wp-json\/wp\/v2\/types\/product"}],"wp:featuredmedia":[{"embeddable":true,"href":"https:\/\/sklep.thairai.com.pl\/en\/wp-json\/wp\/v2\/media\/3637"}],"wp:attachment":[{"href":"https:\/\/sklep.thairai.com.pl\/en\/wp-json\/wp\/v2\/media?parent=3163"}],"wp:term":[{"taxonomy":"product_cat","embeddable":true,"href":"https:\/\/sklep.thairai.com.pl\/en\/wp-json\/wp\/v2\/product_cat?post=3163"},{"taxonomy":"product_tag","embeddable":true,"href":"https:\/\/sklep.thairai.com.pl\/en\/wp-json\/wp\/v2\/product_tag?post=3163"}],"curies":[{"name":"wp","href":"https:\/\/api.w.org\/{rel}","templated":true}]}}