{"id":3173,"date":"2025-11-25T19:49:52","date_gmt":"2025-11-25T19:49:52","guid":{"rendered":"https:\/\/sklep.thairai.com.pl\/?post_type=product&#038;p=3173"},"modified":"2026-03-10T11:53:49","modified_gmt":"2026-03-10T11:53:49","slug":"tranquillity-face-body-ritual","status":"publish","type":"product","link":"https:\/\/sklep.thairai.com.pl\/en\/product\/tranquillity-face-body-ritual\/","title":{"rendered":"Tranquillity\u2122 Face &#038; Body Ritual dla dwojga"},"content":{"rendered":"<p>Zabieg \u0142\u0105cz\u0105cy aromaterapi\u0119, masa\u017c i piel\u0119gnacj\u0119, stworzony dla os\u00f3b potrzebuj\u0105cych kompleksowego, g\u0142\u0119bokiego ukojenia. Rytua\u0142 rozpoczyna si\u0119 powitaniem zapachem Tranquillity\u2122 i \u201ek\u0105piel\u0105 Kleopatry\u201d, podczas kt\u00f3rej jedwabisty olejek otula cia\u0142o, od\u017cywia i przygotowuje sk\u00f3r\u0119 na dalsze etapy relaksu. Nast\u0119pnie wykonywany jest relaksacyjny masa\u017c cia\u0142a oraz demakija\u017c i masa\u017c twarzy \u2013 techniki te dzia\u0142aj\u0105 koj\u0105co, redukuj\u0105 napi\u0119cia i przywracaj\u0105 r\u00f3wnowag\u0119 uk\u0142adu nerwowego. Po zabiegu cia\u0142o jest rozlu\u017anione, a twarz odzyskuje naturalny blask i wypocz\u0119ty wygl\u0105d.<\/p>","protected":false},"excerpt":{"rendered":"<p>Zabieg \u0142\u0105cz\u0105cy aromaterapi\u0119, masa\u017c i piel\u0119gnacj\u0119, stworzony dla os\u00f3b potrzebuj\u0105cych kompleksowego, g\u0142\u0119bokiego ukojenia. Rytua\u0142 rozpoczyna si\u0119 powitaniem zapachem Tranquillity\u2122 i \u201ek\u0105piel\u0105 Kleopatry\u201d. Nast\u0119pnie wykonywany jest relaksacyjny masa\u017c cia\u0142a oraz demakija\u017c i masa\u017c twarzy. Po zabiegu cia\u0142o jest rozlu\u017anione, a twarz odzyskuje naturalny blask i wypocz\u0119ty wygl\u0105d.<\/p>\n<p><strong>Po dokonaniu zam\u00f3wienia, otrzymacie Pa\u0144stwo voucher na zakupiony masa\u017c lub rytua\u0142, kt\u00f3ry zostanie dostarczony drog\u0105 e-mailow\u0105. Prosimy liczy\u0107 na jego dostarczenie w ci\u0105gu godzin pracy naszego salonu. Ka\u017cdy voucher pozostaje wa\u017cny przez okres 6 miesi\u0119cy (chyba \u017ce data na Voucherze m\u00f3wi inaczej) od momentu zakupu, daj\u0105c Wam wystarczaj\u0105co du\u017co czasu na skorzystanie z tego wyj\u0105tkowego do\u015bwiadczenia relaksacyjnego. *Vouchery z kategorii SPA mo\u017cliwe s\u0105 do zrealizowania tylko w Salonie SPA w Ostro\u0142\u0119ce na ulicy Bohater\u00f3w Warszawy 29.<\/strong><\/p>\n<p>If you have any further questions, please do not hesitate to contact us by phone or via the contact form.<\/p>","protected":false},"featured_media":3636,"template":"","meta":[],"product_cat":[197],"product_tag":[],"class_list":{"0":"post-3173","1":"product","2":"type-product","3":"status-publish","4":"has-post-thumbnail","6":"product_cat-spa-dla-dwojga","8":"first","9":"instock","10":"shipping-taxable","11":"purchasable","12":"product-type-variable","13":"has-default-attributes"},"_links":{"self":[{"href":"https:\/\/sklep.thairai.com.pl\/en\/wp-json\/wp\/v2\/product\/3173","targetHints":{"allow":["GET"]}}],"collection":[{"href":"https:\/\/sklep.thairai.com.pl\/en\/wp-json\/wp\/v2\/product"}],"about":[{"href":"https:\/\/sklep.thairai.com.pl\/en\/wp-json\/wp\/v2\/types\/product"}],"wp:featuredmedia":[{"embeddable":true,"href":"https:\/\/sklep.thairai.com.pl\/en\/wp-json\/wp\/v2\/media\/3636"}],"wp:attachment":[{"href":"https:\/\/sklep.thairai.com.pl\/en\/wp-json\/wp\/v2\/media?parent=3173"}],"wp:term":[{"taxonomy":"product_cat","embeddable":true,"href":"https:\/\/sklep.thairai.com.pl\/en\/wp-json\/wp\/v2\/product_cat?post=3173"},{"taxonomy":"product_tag","embeddable":true,"href":"https:\/\/sklep.thairai.com.pl\/en\/wp-json\/wp\/v2\/product_tag?post=3173"}],"curies":[{"name":"wp","href":"https:\/\/api.w.org\/{rel}","templated":true}]}}