{"id":3175,"date":"2025-11-25T19:51:19","date_gmt":"2025-11-25T19:51:19","guid":{"rendered":"https:\/\/sklep.thairai.com.pl\/?post_type=product&#038;p=3175"},"modified":"2026-03-10T11:53:20","modified_gmt":"2026-03-10T11:53:20","slug":"tranquillity-deluxe-ritual","status":"publish","type":"product","link":"https:\/\/sklep.thairai.com.pl\/en\/product\/tranquillity-deluxe-ritual\/","title":{"rendered":"Tranquillity\u2122 Deluxe Ritual dla dwojga"},"content":{"rendered":"<p>Najpe\u0142niejsze, luksusowe do\u015bwiadczenie Tranquillity\u2122, stworzone dla tych, kt\u00f3rzy pragn\u0105 zanurzy\u0107 si\u0119 w g\u0142\u0119bokim spokoju i kompleksowej piel\u0119gnacji. Ceremoni\u0119 otwiera aromatyczne powitanie kosmetykami z kultowej linii zapachowej Tranquillity\u2122, po kt\u00f3rym wykonywany jest demakija\u017c i aksamitny peeling. Nast\u0119pnie rytua\u0142 obejmuje masa\u017c, relaksacyjn\u0105 prac\u0119 p\u0119dzelkami oraz pe\u0142n\u0105 piel\u0119gnacj\u0119 ko\u0144cow\u0105. To 90 minut harmonii, kt\u00f3ra wycisza, rozlu\u017ania ka\u017cdy napi\u0119ty mi\u0119sie\u0144 i pozostawia sk\u00f3r\u0119 mi\u0119kk\u0105, od\u017cywion\u0105 i roz\u015bwietlon\u0105.<\/p>","protected":false},"excerpt":{"rendered":"<p>Najpe\u0142niejsze, luksusowe do\u015bwiadczenie Tranquillity\u2122, stworzone dla tych, kt\u00f3rzy pragn\u0105 zanurzy\u0107 si\u0119 w g\u0142\u0119bokim spokoju i kompleksowej piel\u0119gnacji. Ceremoni\u0119 otwiera aromatyczne powitanie kosmetykami z kultowej linii zapachowej Tranquillity\u2122, po kt\u00f3rym wykonywany jest demakija\u017c i aksamitny peeling. Nast\u0119pnie rytua\u0142 obejmuje masa\u017c, relaksacyjn\u0105 prac\u0119 p\u0119dzelkami oraz pe\u0142n\u0105 piel\u0119gnacj\u0119 ko\u0144cow\u0105.<\/p>\n<p><strong>Po dokonaniu zam\u00f3wienia, otrzymacie Pa\u0144stwo voucher na zakupiony masa\u017c lub rytua\u0142, kt\u00f3ry zostanie dostarczony drog\u0105 e-mailow\u0105. Prosimy liczy\u0107 na jego dostarczenie w ci\u0105gu godzin pracy naszego salonu. Ka\u017cdy voucher pozostaje wa\u017cny przez okres 6 miesi\u0119cy (chyba \u017ce data na Voucherze m\u00f3wi inaczej) od momentu zakupu, daj\u0105c Wam wystarczaj\u0105co du\u017co czasu na skorzystanie z tego wyj\u0105tkowego do\u015bwiadczenia relaksacyjnego. *Vouchery z kategorii SPA mo\u017cliwe s\u0105 do zrealizowania tylko w Salonie SPA w Ostro\u0142\u0119ce na ulicy Bohater\u00f3w Warszawy 29.<\/strong><\/p>\n<p>If you have any further questions, please do not hesitate to contact us by phone or via the contact form.<\/p>","protected":false},"featured_media":3635,"template":"","meta":[],"product_cat":[197],"product_tag":[],"class_list":{"0":"post-3175","1":"product","2":"type-product","3":"status-publish","4":"has-post-thumbnail","6":"product_cat-spa-dla-dwojga","8":"first","9":"instock","10":"shipping-taxable","11":"purchasable","12":"product-type-variable","13":"has-default-attributes"},"_links":{"self":[{"href":"https:\/\/sklep.thairai.com.pl\/en\/wp-json\/wp\/v2\/product\/3175","targetHints":{"allow":["GET"]}}],"collection":[{"href":"https:\/\/sklep.thairai.com.pl\/en\/wp-json\/wp\/v2\/product"}],"about":[{"href":"https:\/\/sklep.thairai.com.pl\/en\/wp-json\/wp\/v2\/types\/product"}],"wp:featuredmedia":[{"embeddable":true,"href":"https:\/\/sklep.thairai.com.pl\/en\/wp-json\/wp\/v2\/media\/3635"}],"wp:attachment":[{"href":"https:\/\/sklep.thairai.com.pl\/en\/wp-json\/wp\/v2\/media?parent=3175"}],"wp:term":[{"taxonomy":"product_cat","embeddable":true,"href":"https:\/\/sklep.thairai.com.pl\/en\/wp-json\/wp\/v2\/product_cat?post=3175"},{"taxonomy":"product_tag","embeddable":true,"href":"https:\/\/sklep.thairai.com.pl\/en\/wp-json\/wp\/v2\/product_tag?post=3175"}],"curies":[{"name":"wp","href":"https:\/\/api.w.org\/{rel}","templated":true}]}}