{"id":3268,"date":"2025-12-10T16:57:55","date_gmt":"2025-12-10T16:57:55","guid":{"rendered":"https:\/\/sklep.thairai.com.pl\/?post_type=product&#038;p=3268"},"modified":"2026-03-10T11:44:05","modified_gmt":"2026-03-10T11:44:05","slug":"himalayan-salt-ritual-grota-solna","status":"publish","type":"product","link":"https:\/\/sklep.thairai.com.pl\/en\/product\/himalayan-salt-ritual-grota-solna\/","title":{"rendered":"Himalayan Salt Ritual + Grota Solna"},"content":{"rendered":"<p data-start=\"227\" data-end=\"473\">To wyj\u0105tkowy, dwustopniowy rytua\u0142 g\u0142\u0119bokiej regeneracji, kt\u00f3ry \u0142\u0105czy od\u017cywcz\u0105 moc himalajskich kryszta\u0142\u00f3w soli z terapeutycznym mikroklimatem groty solnej. Zabieg piel\u0119gnuje cia\u0142o i twarz, odpr\u0119\u017ca umys\u0142 oraz oczyszcza organizm na wielu poziomach.<\/p>\n<p data-start=\"475\" data-end=\"992\">Pierwszym etapem jest Himalayan Salt Ritual- kompleksowa ceremonia inspirowana energi\u0105 natury. Rozpoczyna j\u0105 masa\u017c cia\u0142a z u\u017cyciem rozgrzanych kamieni solnych, kt\u00f3re uwalniaj\u0105 minera\u0142y i pobudzaj\u0105 kr\u0105\u017cenie, wprowadzaj\u0105c cia\u0142o w stan g\u0142\u0119bokiego relaksu. Nast\u0119pnie aplikowany jest wrapping solny, wspieraj\u0105cy detoksykacj\u0119, redukuj\u0105cy napi\u0119cia i przywracaj\u0105cy lekko\u015b\u0107. Ca\u0142o\u015b\u0107 dope\u0142nia masa\u017c twarzy Comfort Touch na antyoksydacyjnym olejku, kt\u00f3ry wyg\u0142adza, roz\u015bwietla i regeneruje sk\u00f3r\u0119, nadaj\u0105c jej \u015bwie\u017co\u015b\u0107 i witalno\u015b\u0107.<\/p>\n<p data-start=\"994\" data-end=\"1325\">Drugim etapem jest sesja w Grocie Solnej, gdzie naturalne kryszta\u0142y soli tworz\u0105 mikroklimat bogaty w jod, magnez, wap\u0144 i potas. Wdech po wdechu cia\u0142o wype\u0142nia si\u0119 minera\u0142ami, uk\u0142ad oddechowy pracuje swobodniej, a napi\u0119cie opuszcza ca\u0142y organizm. To idealny moment na wyciszenie, pe\u0142ny odpoczynek zmys\u0142\u00f3w i harmonizacj\u0119 energii.<\/p>\n<p data-start=\"1327\" data-end=\"1598\">Po\u0142\u0105czenie tych dw\u00f3ch do\u015bwiadcze\u0144 daje efekty odczuwalne natychmiast: g\u0142adk\u0105, uj\u0119drnion\u0105 sk\u00f3r\u0119, lekko\u015b\u0107 w ciele, spokojniejszy oddech i pe\u0142ne odpr\u0119\u017cenie umys\u0142u. To doskona\u0142y rytua\u0142 dla os\u00f3b potrzebuj\u0105cych regeneracji, oczyszczenia oraz przywr\u00f3cenia wewn\u0119trznej r\u00f3wnowagi.<\/p>","protected":false},"excerpt":{"rendered":"<p>Himalayan Salt Ritual + sesja w Grocie Solnej\u00a0to po\u0142\u0105czenie g\u0142\u0119bokiej regeneracji cia\u0142a i twarzy z dobroczynnym dzia\u0142aniem naturalnych kryszta\u0142\u00f3w soli. Rytua\u0142 z rozgrzanymi kamieniami i solnym wrappingiem przywraca lekko\u015b\u0107, oczyszcza organizm i intensywnie relaksuje. Sesja w grocie solnej dope\u0142nia zabieg, wzmacniaj\u0105c oddech, wyciszaj\u0105c umys\u0142 i nasycaj\u0105c cia\u0142o cennymi minera\u0142ami.<\/p>\n<p><strong>Po dokonaniu zam\u00f3wienia, otrzymacie Pa\u0144stwo voucher na zakupiony masa\u017c lub rytua\u0142, kt\u00f3ry zostanie dostarczony drog\u0105 e-mailow\u0105. Prosimy liczy\u0107 na jego dostarczenie w ci\u0105gu godzin pracy naszego salonu. Ka\u017cdy voucher pozostaje wa\u017cny przez okres 6 miesi\u0119cy (chyba \u017ce data na Voucherze m\u00f3wi inaczej) od momentu zakupu, daj\u0105c Wam wystarczaj\u0105co du\u017co czasu na skorzystanie z tego wyj\u0105tkowego do\u015bwiadczenia relaksacyjnego. *Vouchery z kategorii SPA mo\u017cliwe s\u0105 do zrealizowania tylko w Salonie SPA w Ostro\u0142\u0119ce na ulicy Bohater\u00f3w Warszawy 29.<\/strong><\/p>\n<p>If you have any further questions, please do not hesitate to contact us by phone or via the contact form.<\/p>","protected":false},"featured_media":3626,"template":"","meta":[],"product_cat":[196],"product_tag":[],"class_list":{"0":"post-3268","1":"product","2":"type-product","3":"status-publish","4":"has-post-thumbnail","6":"product_cat-spa","8":"first","9":"instock","10":"shipping-taxable","11":"purchasable","12":"product-type-variable","13":"has-default-attributes"},"_links":{"self":[{"href":"https:\/\/sklep.thairai.com.pl\/en\/wp-json\/wp\/v2\/product\/3268","targetHints":{"allow":["GET"]}}],"collection":[{"href":"https:\/\/sklep.thairai.com.pl\/en\/wp-json\/wp\/v2\/product"}],"about":[{"href":"https:\/\/sklep.thairai.com.pl\/en\/wp-json\/wp\/v2\/types\/product"}],"wp:featuredmedia":[{"embeddable":true,"href":"https:\/\/sklep.thairai.com.pl\/en\/wp-json\/wp\/v2\/media\/3626"}],"wp:attachment":[{"href":"https:\/\/sklep.thairai.com.pl\/en\/wp-json\/wp\/v2\/media?parent=3268"}],"wp:term":[{"taxonomy":"product_cat","embeddable":true,"href":"https:\/\/sklep.thairai.com.pl\/en\/wp-json\/wp\/v2\/product_cat?post=3268"},{"taxonomy":"product_tag","embeddable":true,"href":"https:\/\/sklep.thairai.com.pl\/en\/wp-json\/wp\/v2\/product_tag?post=3268"}],"curies":[{"name":"wp","href":"https:\/\/api.w.org\/{rel}","templated":true}]}}