{"id":3507,"date":"2026-02-11T16:10:06","date_gmt":"2026-02-11T16:10:06","guid":{"rendered":"https:\/\/sklep.thairai.com.pl\/?post_type=product&#038;p=3507"},"modified":"2026-03-10T14:06:33","modified_gmt":"2026-03-10T14:06:33","slug":"masaz-bambusami","status":"publish","type":"product","link":"https:\/\/sklep.thairai.com.pl\/en\/product\/masaz-bambusami\/","title":{"rendered":"Masa\u017c bambusami"},"content":{"rendered":"<p>Masa\u017c bambusami to g\u0142\u0119boko relaksacyjny i jednocze\u015bnie intensywnie regeneruj\u0105cy zabieg, kt\u00f3ry \u0142\u0105czy tradycyjne techniki masa\u017cu z wykorzystaniem naturalnych pa\u0142eczek bambusowych o r\u00f3\u017cnej wielko\u015bci. Ciep\u0142e, g\u0142adkie bambusy pozwalaj\u0105 na precyzyjn\u0105 prac\u0119 z mi\u0119\u015bniami, pomagaj\u0105c rozlu\u017ani\u0107 napi\u0119cia, pobudzi\u0107 kr\u0105\u017cenie oraz przywr\u00f3ci\u0107 cia\u0142u lekko\u015b\u0107. Rytmiczne, p\u0142ynne ruchy wprowadzaj\u0105 organizm w stan g\u0142\u0119bokiego odpr\u0119\u017cenia, a jednocze\u015bnie skutecznie stymuluj\u0105 tkanki, wspieraj\u0105c ich regeneracj\u0119.<\/p>\n<p>Masa\u017c ten polecany jest osobom odczuwaj\u0105cym przewlek\u0142e napi\u0119cie mi\u0119\u015bniowe, sztywno\u015b\u0107 cia\u0142a oraz zm\u0119czenie wynikaj\u0105ce ze stresu lub siedz\u0105cego trybu \u017cycia. Doskonale sprawdzi si\u0119 r\u00f3wnie\u017c u os\u00f3b aktywnych fizycznie, kt\u00f3re potrzebuj\u0105 regeneracji po wysi\u0142ku, a tak\u017ce u tych, kt\u00f3rzy chc\u0105 po\u0142\u0105czy\u0107 relaks z wyra\u017anie odczuwaln\u0105 prac\u0105 na mi\u0119\u015bniach. To tak\u017ce dobra propozycja dla os\u00f3b poszukuj\u0105cych masa\u017cu o g\u0142\u0119bszym, bardziej zdecydowanym dzia\u0142aniu, ale nadal utrzymanego w atmosferze relaksu.<\/p>\n<p>Po zabiegu cia\u0142o staje si\u0119 wyra\u017anie rozlu\u017anione, a napi\u0119cie mi\u0119\u015bniowe ulega zmniejszeniu. Masa\u017c wspiera popraw\u0119 kr\u0105\u017cenia krwi i limfy, co sprzyja lepszemu dotlenieniu tkanek oraz usuwaniu nagromadzonych toksyn. Jednocze\u015bnie rytmiczne ruchy i ciep\u0142o bambus\u00f3w dzia\u0142aj\u0105 koj\u0105co na uk\u0142ad nerwowy, przynosz\u0105c uczucie g\u0142\u0119bokiego spokoju i regeneracji ca\u0142ego organizmu.<\/p>","protected":false},"excerpt":{"rendered":"<p>Masa\u017c bambusami to g\u0142\u0119boko relaksacyjny i jednocze\u015bnie intensywnie regeneruj\u0105cy zabieg, kt\u00f3ry \u0142\u0105czy tradycyjne techniki masa\u017cu z wykorzystaniem naturalnych pa\u0142eczek bambusowych o r\u00f3\u017cnej wielko\u015bci. Ciep\u0142e, g\u0142adkie bambusy pozwalaj\u0105 na precyzyjn\u0105 prac\u0119 z mi\u0119\u015bniami, pomagaj\u0105c rozlu\u017ani\u0107 napi\u0119cia, pobudzi\u0107 kr\u0105\u017cenie oraz przywr\u00f3ci\u0107 cia\u0142u lekko\u015b\u0107.<\/p>\n<p><strong>Po dokonaniu zam\u00f3wienia, otrzymacie Pa\u0144stwo voucher na zakupiony masa\u017c lub rytua\u0142, kt\u00f3ry zostanie dostarczony drog\u0105 e-mailow\u0105. Prosimy liczy\u0107 na jego dostarczenie w ci\u0105gu godzin pracy naszego salonu. Ka\u017cdy voucher pozostaje wa\u017cny przez okres 6 miesi\u0119cy (chyba \u017ce data na Voucherze m\u00f3wi inaczej) od momentu zakupu, daj\u0105c Wam wystarczaj\u0105co du\u017co czasu na skorzystanie z tego wyj\u0105tkowego do\u015bwiadczenia relaksacyjnego. *Vouchery z kategorii SPA mo\u017cliwe s\u0105 do zrealizowania tylko w Salonie SPA w Ostro\u0142\u0119ce na ulicy Bohater\u00f3w Warszawy 29.<\/strong><\/p>\n<p>If you have any further questions, please do not hesitate to contact us by phone or via the contact form.<\/p>","protected":false},"featured_media":3678,"template":"","meta":[],"product_cat":[62],"product_tag":[],"class_list":{"0":"post-3507","1":"product","2":"type-product","3":"status-publish","4":"has-post-thumbnail","6":"product_cat-masaze-specjalne","8":"first","9":"instock","10":"shipping-taxable","11":"purchasable","12":"product-type-variable"},"_links":{"self":[{"href":"https:\/\/sklep.thairai.com.pl\/en\/wp-json\/wp\/v2\/product\/3507","targetHints":{"allow":["GET"]}}],"collection":[{"href":"https:\/\/sklep.thairai.com.pl\/en\/wp-json\/wp\/v2\/product"}],"about":[{"href":"https:\/\/sklep.thairai.com.pl\/en\/wp-json\/wp\/v2\/types\/product"}],"wp:featuredmedia":[{"embeddable":true,"href":"https:\/\/sklep.thairai.com.pl\/en\/wp-json\/wp\/v2\/media\/3678"}],"wp:attachment":[{"href":"https:\/\/sklep.thairai.com.pl\/en\/wp-json\/wp\/v2\/media?parent=3507"}],"wp:term":[{"taxonomy":"product_cat","embeddable":true,"href":"https:\/\/sklep.thairai.com.pl\/en\/wp-json\/wp\/v2\/product_cat?post=3507"},{"taxonomy":"product_tag","embeddable":true,"href":"https:\/\/sklep.thairai.com.pl\/en\/wp-json\/wp\/v2\/product_tag?post=3507"}],"curies":[{"name":"wp","href":"https:\/\/api.w.org\/{rel}","templated":true}]}}