{"id":3530,"date":"2026-02-11T16:59:06","date_gmt":"2026-02-11T16:59:06","guid":{"rendered":"https:\/\/sklep.thairai.com.pl\/?post_type=product&#038;p=3530"},"modified":"2026-03-10T11:51:12","modified_gmt":"2026-03-10T11:51:12","slug":"rytual-hammam-marokanski-dla-dwojga","status":"publish","type":"product","link":"https:\/\/sklep.thairai.com.pl\/en\/product\/rytual-hammam-marokanski-dla-dwojga\/","title":{"rendered":"Rytua\u0142 Hammam maroka\u0144ski dla dwojga"},"content":{"rendered":"<p>Rytua\u0142 Hammam maroka\u0144ski to tradycyjna ceremonia \u0142a\u017ani, kt\u00f3ra \u0142\u0105czy oczyszczenie cia\u0142a z g\u0142\u0119bok\u0105 regeneracj\u0105 i relaksem. Zabieg rozpoczyna si\u0119 od rozgrzania cia\u0142a w aromatycznej parze, co otwiera pory sk\u00f3ry i przygotowuje j\u0105 do dalszych etap\u00f3w piel\u0119gnacji. Nast\u0119pnie sk\u00f3ra jest delikatnie oczyszczana czarnym myd\u0142em maroka\u0144skim przy u\u017cyciu r\u0119kawicy Kessa, co usuwa martwy nask\u00f3rek i pozostawia cia\u0142o mi\u0119kkie oraz wyg\u0142adzone.<\/p>\n<p>Kolejnym etapem jest aplikacja naturalnej glinki maroka\u0144skiej, bogatej w minera\u0142y, kt\u00f3ra dzia\u0142a oczyszczaj\u0105co, od\u017cywczo i \u0142agodz\u0105co. Po\u0142\u0105czenie glinki z delikatnym masa\u017cem stymuluje mikrokr\u0105\u017cenie, wspiera regeneracj\u0119 sk\u00f3ry i pomaga uwolni\u0107 napi\u0119cie mi\u0119\u015bniowe, zapewniaj\u0105c pe\u0142ne odpr\u0119\u017cenie cia\u0142a i zmys\u0142\u00f3w.<\/p>\n<p>Zabieg polecany jest osobom, kt\u00f3re pragn\u0105 g\u0142\u0119bokiego oczyszczenia, regeneracji sk\u00f3ry i odnowy biologicznej. Idealny dla os\u00f3b zm\u0119czonych, zestresowanych lub potrzebuj\u0105cych rozlu\u017anienia mi\u0119\u015bni i wsparcia naturalnej detoksykacji organizmu.<\/p>\n<p>Sk\u00f3ra po zabiegu staje si\u0119 g\u0142adka, od\u017cywiona i promienna, a cia\u0142o odzyskuje lekko\u015b\u0107 i komfort. Glinka wspomaga regeneracj\u0119, poprawia elastyczno\u015b\u0107 sk\u00f3ry i wspiera naturalny proces oczyszczania, a rytua\u0142 wprowadza cia\u0142o i umys\u0142 w stan spokoju i harmonii.<\/p>","protected":false},"excerpt":{"rendered":"<p>Rytua\u0142 Hammam maroka\u0144ski to tradycyjna ceremonia \u0142a\u017ani, kt\u00f3ra \u0142\u0105czy oczyszczenie cia\u0142a z g\u0142\u0119bok\u0105 regeneracj\u0105 i relaksem.<\/p>\n<p><strong>Po dokonaniu zam\u00f3wienia, otrzymacie Pa\u0144stwo voucher na zakupiony masa\u017c lub rytua\u0142, kt\u00f3ry zostanie dostarczony drog\u0105 e-mailow\u0105. Prosimy liczy\u0107 na jego dostarczenie w ci\u0105gu godzin pracy naszego salonu. Ka\u017cdy voucher pozostaje wa\u017cny przez okres 6 miesi\u0119cy (chyba \u017ce data na Voucherze m\u00f3wi inaczej) od momentu zakupu, daj\u0105c Wam wystarczaj\u0105co du\u017co czasu na skorzystanie z tego wyj\u0105tkowego do\u015bwiadczenia relaksacyjnego. *Vouchery z kategorii SPA mo\u017cliwe s\u0105 do zrealizowania tylko w Salonie SPA w Ostro\u0142\u0119ce na ulicy Bohater\u00f3w Warszawy 29.<\/strong><\/p>\n<p>If you have any further questions, please do not hesitate to contact us by phone or via the contact form.<\/p>","protected":false},"featured_media":3631,"template":"","meta":[],"product_cat":[197],"product_tag":[],"class_list":{"0":"post-3530","1":"product","2":"type-product","3":"status-publish","4":"has-post-thumbnail","6":"product_cat-spa-dla-dwojga","8":"first","9":"instock","10":"shipping-taxable","11":"purchasable","12":"product-type-variable","13":"has-default-attributes"},"_links":{"self":[{"href":"https:\/\/sklep.thairai.com.pl\/en\/wp-json\/wp\/v2\/product\/3530","targetHints":{"allow":["GET"]}}],"collection":[{"href":"https:\/\/sklep.thairai.com.pl\/en\/wp-json\/wp\/v2\/product"}],"about":[{"href":"https:\/\/sklep.thairai.com.pl\/en\/wp-json\/wp\/v2\/types\/product"}],"wp:featuredmedia":[{"embeddable":true,"href":"https:\/\/sklep.thairai.com.pl\/en\/wp-json\/wp\/v2\/media\/3631"}],"wp:attachment":[{"href":"https:\/\/sklep.thairai.com.pl\/en\/wp-json\/wp\/v2\/media?parent=3530"}],"wp:term":[{"taxonomy":"product_cat","embeddable":true,"href":"https:\/\/sklep.thairai.com.pl\/en\/wp-json\/wp\/v2\/product_cat?post=3530"},{"taxonomy":"product_tag","embeddable":true,"href":"https:\/\/sklep.thairai.com.pl\/en\/wp-json\/wp\/v2\/product_tag?post=3530"}],"curies":[{"name":"wp","href":"https:\/\/api.w.org\/{rel}","templated":true}]}}