{"id":3532,"date":"2026-02-11T17:03:24","date_gmt":"2026-02-11T17:03:24","guid":{"rendered":"https:\/\/sklep.thairai.com.pl\/?post_type=product&#038;p=3532"},"modified":"2026-03-10T11:50:39","modified_gmt":"2026-03-10T11:50:39","slug":"feet-spa-dla-dwojga","status":"publish","type":"product","link":"https:\/\/sklep.thairai.com.pl\/en\/product\/feet-spa-dla-dwojga\/","title":{"rendered":"Feet SPA dla dwojga"},"content":{"rendered":"<p>Feet SPA to kompleksowa, intensywnie regeneruj\u0105ca kuracja dla st\u00f3p, kt\u00f3ra ma na celu przywr\u00f3cenie im lekko\u015bci, g\u0142adko\u015bci i doskona\u0142ego wygl\u0105du. Zabieg rozpoczyna si\u0119 od dok\u0142adnego oczyszczenia st\u00f3p i k\u0105pieli relaksacyjnej, kt\u00f3ra zmi\u0119kcza nask\u00f3rek. Nast\u0119puje moment intensywnego wyg\u0142adzenia, w kt\u00f3rym za pomoc\u0105 delikatnego masa\u017cu aplikowany jest peeling. Ten etap usuwa zrogowacia\u0142y nask\u00f3rek, niweluje nier\u00f3wno\u015bci sk\u00f3ry, zmi\u0119kcza oraz wspomaga wch\u0142anianie substancji od\u017cywczych, przywracaj\u0105c stopom g\u0142adko\u015b\u0107. Po z\u0142uszczeniu, sk\u00f3ra st\u00f3p jest g\u0142\u0119boko od\u017cywiana poprzez masa\u017c olejkiem. Jest to chwila g\u0142\u0119bokiej ulgi i odpr\u0119\u017cenia, kt\u00f3ra dociera do zm\u0119czonych mi\u0119\u015bni, stymuluje kr\u0105\u017cenie i dostarcza intensywnej dawki sk\u0142adnik\u00f3w aktywnych, odpowiadaj\u0105cych za d\u0142ugotrwa\u0142\u0105 popraw\u0119 kondycji sk\u00f3ry. Kulminacyjnym punktem jest termiczny opatrunek- k\u0105piel w ciep\u0142ej parafinie. Tworzy ona na sk\u00f3rze warstw\u0119 okluzyjn\u0105\u2013 termiczn\u0105 barier\u0119, kt\u00f3ra niczym kokon otula stopy zatrzymuj\u0105c wilgo\u0107 i ciep\u0142o. Dzi\u0119ki temu, dobroczynne sk\u0142adniki z olejku wnikaj\u0105 do najg\u0142\u0119bszych warstw nask\u00f3rka, zapewniaj\u0105c wysoki poziom nawil\u017cenia, regeneracj\u0119 oraz ukojenie. Zabieg zamyka aplikacja kremu, kt\u00f3ra nast\u0119puje po usuni\u0119ciu parafiny, utrwalaj\u0105c uczucie lekko\u015bci, g\u0142adko\u015bci i komfortu.<\/p>\n<p>Feet SPA jest idealne dla os\u00f3b z such\u0105, zrogowacia\u0142\u0105 lub p\u0119kaj\u0105c\u0105 sk\u00f3r\u0105 st\u00f3p, z uczuciem ci\u0119\u017cko\u015bci n\u00f3g lub problemami z kr\u0105\u017ceniem. Doskonale sprawdzi si\u0119 r\u00f3wnie\u017c u os\u00f3b sp\u0119dzaj\u0105cych wiele godzin na stoj\u0105co lub odczuwaj\u0105cych zm\u0119czenie st\u00f3p.<\/p>\n<p>Po zabiegu stopy staj\u0105 si\u0119 mi\u0119kkie, g\u0142adkie i doskonale nawil\u017cone, a uczucie ci\u0119\u017cko\u015bci ust\u0119puje lekko\u015bci i odpr\u0119\u017ceniu. Poprawia si\u0119 mikrokr\u0105\u017cenie, sk\u00f3ra odzyskuje elastyczno\u015b\u0107, a efekt regeneracji utrzymuje si\u0119 przez d\u0142ugi czas. Feet SPA zapewnia uczucie \u015bwie\u017co\u015bci, ukojenia i pe\u0142nego komfortu przy ka\u017cdym kroku.<\/p>","protected":false},"excerpt":{"rendered":"<p>Feet SPA to kompleksowa, intensywnie regeneruj\u0105ca kuracja dla st\u00f3p, kt\u00f3ra ma na celu przywr\u00f3cenie im lekko\u015bci, g\u0142adko\u015bci i doskona\u0142ego wygl\u0105du. Zabieg rozpoczyna si\u0119 od dok\u0142adnego oczyszczenia st\u00f3p i k\u0105pieli relaksacyjnej. Nast\u0119pnie za pomoc\u0105 delikatnego masa\u017cu aplikowany jest peeling. Po z\u0142uszczeniu, sk\u00f3ra st\u00f3p jest g\u0142\u0119boko od\u017cywiana poprzez masa\u017c olejkiem. Kulminacyjnym punktem jest termiczny opatrunek- k\u0105piel w ciep\u0142ej parafinie. Zabieg zamyka aplikacja kremu.<\/p>\n<p><strong>Po dokonaniu zam\u00f3wienia, otrzymacie Pa\u0144stwo voucher na zakupiony masa\u017c lub rytua\u0142, kt\u00f3ry zostanie dostarczony drog\u0105 e-mailow\u0105. Prosimy liczy\u0107 na jego dostarczenie w ci\u0105gu godzin pracy naszego salonu. Ka\u017cdy voucher pozostaje wa\u017cny przez okres 6 miesi\u0119cy (chyba \u017ce data na Voucherze m\u00f3wi inaczej) od momentu zakupu, daj\u0105c Wam wystarczaj\u0105co du\u017co czasu na skorzystanie z tego wyj\u0105tkowego do\u015bwiadczenia relaksacyjnego. *Vouchery z kategorii SPA mo\u017cliwe s\u0105 do zrealizowania tylko w Salonie SPA w Ostro\u0142\u0119ce na ulicy Bohater\u00f3w Warszawy 29.<\/strong><\/p>\n<p>If you have any further questions, please do not hesitate to contact us by phone or via the contact form.<\/p>","protected":false},"featured_media":3630,"template":"","meta":[],"product_cat":[197],"product_tag":[],"class_list":{"0":"post-3532","1":"product","2":"type-product","3":"status-publish","4":"has-post-thumbnail","6":"product_cat-spa-dla-dwojga","8":"first","9":"instock","10":"shipping-taxable","11":"purchasable","12":"product-type-variable","13":"has-default-attributes"},"_links":{"self":[{"href":"https:\/\/sklep.thairai.com.pl\/en\/wp-json\/wp\/v2\/product\/3532","targetHints":{"allow":["GET"]}}],"collection":[{"href":"https:\/\/sklep.thairai.com.pl\/en\/wp-json\/wp\/v2\/product"}],"about":[{"href":"https:\/\/sklep.thairai.com.pl\/en\/wp-json\/wp\/v2\/types\/product"}],"wp:featuredmedia":[{"embeddable":true,"href":"https:\/\/sklep.thairai.com.pl\/en\/wp-json\/wp\/v2\/media\/3630"}],"wp:attachment":[{"href":"https:\/\/sklep.thairai.com.pl\/en\/wp-json\/wp\/v2\/media?parent=3532"}],"wp:term":[{"taxonomy":"product_cat","embeddable":true,"href":"https:\/\/sklep.thairai.com.pl\/en\/wp-json\/wp\/v2\/product_cat?post=3532"},{"taxonomy":"product_tag","embeddable":true,"href":"https:\/\/sklep.thairai.com.pl\/en\/wp-json\/wp\/v2\/product_tag?post=3532"}],"curies":[{"name":"wp","href":"https:\/\/api.w.org\/{rel}","templated":true}]}}