{"id":3581,"date":"2026-03-05T15:53:58","date_gmt":"2026-03-05T15:53:58","guid":{"rendered":"https:\/\/sklep.thairai.com.pl\/?post_type=product&#038;p=3581"},"modified":"2026-03-10T11:56:44","modified_gmt":"2026-03-10T11:56:44","slug":"rytual-zlotej-ksiezniczki-orientu","status":"publish","type":"product","link":"https:\/\/sklep.thairai.com.pl\/en\/product\/rytual-zlotej-ksiezniczki-orientu\/","title":{"rendered":"Rytua\u0142 Z\u0142otej Ksi\u0119\u017cniczki Orientu"},"content":{"rendered":"<p>Rytua\u0142 Z\u0142otej Ksi\u0119\u017cniczki Orientu to luksusowa ceremonia piel\u0119gnacji inspirowana orientalnymi rytua\u0142ami pi\u0119kna, \u0142\u0105cz\u0105ca od\u017cywcz\u0105 k\u0105piel mleczno-miodow\u0105 z relaksacyjnym balijskim masa\u017cem miodem. Ciep\u0142a, aromatyczna k\u0105piel otula cia\u0142o, zmi\u0119kcza i intensywnie nawil\u017ca sk\u00f3r\u0119, wprowadzaj\u0105c w stan g\u0142\u0119bokiego odpr\u0119\u017cenia. Nast\u0119pnie d\u0142ugie, p\u0142ynne ruchy balijskiego masa\u017cu w po\u0142\u0105czeniu z dobroczynnymi w\u0142a\u015bciwo\u015bciami naturalnego miodu wyg\u0142adzaj\u0105, regeneruj\u0105 i przywracaj\u0105 sk\u00f3rze jedwabist\u0105 mi\u0119kko\u015b\u0107 oraz promienny blask.<\/p>\n<p>To wyj\u0105tkowy rytua\u0142 dla os\u00f3b pragn\u0105cych po\u0142\u0105czy\u0107 g\u0142\u0119boki relaks z intensywn\u0105, naturaln\u0105 piel\u0119gnacj\u0105- chwila tylko dla Ciebie, w kt\u00f3rej cia\u0142o odzyskuje komfort, a zmys\u0142y zanurzaj\u0105 si\u0119 w s\u0142odkim, koj\u0105cym spokoju Orientu.<\/p>\n<p>&nbsp;<\/p>\n<p>Od\u017cywcza k\u0105piel mleczno-miodowa<\/p>\n<p>Od\u017cywcza k\u0105piel mleczno-miodowa to otulaj\u0105cy zabieg piel\u0119gnacyjny, kt\u00f3ry przynosi sk\u00f3rze intensywne od\u017cywienie, a cia\u0142u i umys\u0142owi g\u0142\u0119boki relaks. Po\u0142\u0105czenie mleka i naturalnego miodu od wiek\u00f3w cenione jest za swoje w\u0142a\u015bciwo\u015bci regeneruj\u0105ce, nawil\u017caj\u0105ce i wyg\u0142adzaj\u0105ce, dlatego zabieg ten stanowi doskona\u0142y wst\u0119p do dalszej piel\u0119gnacji lub masa\u017cu.<\/p>\n<p>Ciep\u0142a, aromatyczna k\u0105piel pomaga rozlu\u017ani\u0107 mi\u0119\u015bnie, poprawia kr\u0105\u017cenie i wprowadza organizm w stan przyjemnego odpr\u0119\u017cenia. Mleko dzia\u0142a zmi\u0119kczaj\u0105co i wyg\u0142adzaj\u0105co, wspieraj\u0105c naturaln\u0105 barier\u0119 ochronn\u0105 sk\u00f3ry, natomiast mi\u00f3d intensywnie nawil\u017ca, od\u017cywia i koi, przywracaj\u0105c sk\u00f3rze komfort oraz elastyczno\u015b\u0107. Sk\u00f3ra staje si\u0119 bardziej podatna na wch\u0142anianie sk\u0142adnik\u00f3w aktywnych, a ca\u0142e cia\u0142o stopniowo odpuszcza napi\u0119cia.<\/p>\n<p>&nbsp;<\/p>\n<p>Balijski masa\u017c miodem<\/p>\n<p>To relaksacyjny masa\u017c ca\u0142ego cia\u0142a \u0142\u0105cz\u0105cy techniki balijskie z dobroczynnymi w\u0142a\u015bciwo\u015bciami naturalnego miodu. Masa\u017c nie tylko rozlu\u017ania mi\u0119\u015bnie i koi zmys\u0142y, ale tak\u017ce intensywnie od\u017cywia, wyg\u0142adza i regeneruje sk\u00f3r\u0119, nadaj\u0105c jej mi\u0119kko\u015b\u0107 i promienny wygl\u0105d.<\/p>","protected":false},"excerpt":{"rendered":"<p>Rytua\u0142 Z\u0142otej Ksi\u0119\u017cniczki Orientu to luksusowa ceremonia piel\u0119gnacji inspirowana orientalnymi rytua\u0142ami pi\u0119kna, \u0142\u0105cz\u0105ca od\u017cywcz\u0105 k\u0105piel mleczno-miodow\u0105 z relaksacyjnym balijskim masa\u017cem miodem. Ciep\u0142a, aromatyczna k\u0105piel otula cia\u0142o, zmi\u0119kcza i intensywnie nawil\u017ca sk\u00f3r\u0119, wprowadzaj\u0105c w stan g\u0142\u0119bokiego odpr\u0119\u017cenia. Nast\u0119pnie d\u0142ugie, p\u0142ynne ruchy balijskiego masa\u017cu w po\u0142\u0105czeniu z dobroczynnymi w\u0142a\u015bciwo\u015bciami naturalnego miodu wyg\u0142adzaj\u0105, regeneruj\u0105 i przywracaj\u0105 sk\u00f3rze jedwabist\u0105 mi\u0119kko\u015b\u0107 oraz promienny blask.<\/p>\n<p><strong>Po dokonaniu zam\u00f3wienia, otrzymacie Pa\u0144stwo voucher na zakupiony masa\u017c lub rytua\u0142, kt\u00f3ry zostanie dostarczony drog\u0105 e-mailow\u0105. Prosimy liczy\u0107 na jego dostarczenie w ci\u0105gu godzin pracy naszego salonu. Ka\u017cdy voucher pozostaje wa\u017cny przez okres 6 miesi\u0119cy (chyba \u017ce data na Voucherze m\u00f3wi inaczej) od momentu zakupu, daj\u0105c Wam wystarczaj\u0105co du\u017co czasu na skorzystanie z tego wyj\u0105tkowego do\u015bwiadczenia relaksacyjnego. *Vouchery z kategorii SPA mo\u017cliwe s\u0105 do zrealizowania tylko w Salonie SPA w Ostro\u0142\u0119ce na ulicy Bohater\u00f3w Warszawy 29.<\/strong><\/p>\n<p>If you have any further questions, please do not hesitate to contact us by phone or via the contact form.<\/p>","protected":false},"featured_media":3640,"template":"","meta":[],"product_cat":[199],"product_tag":[],"class_list":{"0":"post-3581","1":"product","2":"type-product","3":"status-publish","4":"has-post-thumbnail","6":"product_cat-rytualy-spa","8":"first","9":"instock","10":"shipping-taxable","11":"purchasable","12":"product-type-variable"},"_links":{"self":[{"href":"https:\/\/sklep.thairai.com.pl\/en\/wp-json\/wp\/v2\/product\/3581","targetHints":{"allow":["GET"]}}],"collection":[{"href":"https:\/\/sklep.thairai.com.pl\/en\/wp-json\/wp\/v2\/product"}],"about":[{"href":"https:\/\/sklep.thairai.com.pl\/en\/wp-json\/wp\/v2\/types\/product"}],"wp:featuredmedia":[{"embeddable":true,"href":"https:\/\/sklep.thairai.com.pl\/en\/wp-json\/wp\/v2\/media\/3640"}],"wp:attachment":[{"href":"https:\/\/sklep.thairai.com.pl\/en\/wp-json\/wp\/v2\/media?parent=3581"}],"wp:term":[{"taxonomy":"product_cat","embeddable":true,"href":"https:\/\/sklep.thairai.com.pl\/en\/wp-json\/wp\/v2\/product_cat?post=3581"},{"taxonomy":"product_tag","embeddable":true,"href":"https:\/\/sklep.thairai.com.pl\/en\/wp-json\/wp\/v2\/product_tag?post=3581"}],"curies":[{"name":"wp","href":"https:\/\/api.w.org\/{rel}","templated":true}]}}