{"id":3587,"date":"2026-03-05T15:56:20","date_gmt":"2026-03-05T15:56:20","guid":{"rendered":"https:\/\/sklep.thairai.com.pl\/?post_type=product&#038;p=3587"},"modified":"2026-03-10T11:56:13","modified_gmt":"2026-03-10T11:56:13","slug":"rytual-rozanej-swiatyni","status":"publish","type":"product","link":"https:\/\/sklep.thairai.com.pl\/en\/product\/rytual-rozanej-swiatyni\/","title":{"rendered":"Rytua\u0142 R\u00f3\u017canej \u015awi\u0105tyni"},"content":{"rendered":"<p>Ten orientalny rytua\u0142 to zmys\u0142owa ceremonia relaksu, kt\u00f3ra \u0142\u0105czy aromaterapeutyczn\u0105 k\u0105piel w p\u0142atkach r\u00f3\u017c z balijskim masa\u017cem relaksacyjnym z aromaterapi\u0105. Zabieg rozpoczyna si\u0119 20-minutow\u0105, ciep\u0142\u0105 k\u0105piel\u0105 wzbogacon\u0105 esencj\u0105 r\u00f3\u017c i dodatkiem czerwonego wina. Delikatny aromat, ciep\u0142o wody i piel\u0119gnuj\u0105ce sk\u0142adniki pomagaj\u0105 rozlu\u017ani\u0107 mi\u0119\u015bnie, wyciszy\u0107 umys\u0142 oraz przygotowa\u0107 sk\u00f3r\u0119 na dalsz\u0105 piel\u0119gnacj\u0119, pozostawiaj\u0105c j\u0105 mi\u0119kk\u0105, wyg\u0142adzon\u0105 i promienn\u0105.<\/p>\n<p>Po k\u0105pieli wykonywany jest 90-minutowy balijski masa\u017c relaksacyjny z aromaterapi\u0105. Powolne, p\u0142ynne ruchy masa\u017cu w po\u0142\u0105czeniu ze starannie dobranymi olejkami eterycznymi pog\u0142\u0119biaj\u0105 odpr\u0119\u017cenie, redukuj\u0105 napi\u0119cia i przywracaj\u0105 harmoni\u0119 cia\u0142u oraz zmys\u0142om. Ca\u0142o\u015b\u0107 stanowi wyj\u0105tkowy, orientalny rytua\u0142, kt\u00f3ry pozwala na chwil\u0119 zatrzyma\u0107 si\u0119, odetchn\u0105\u0107 i zanurzy\u0107 w atmosferze spokoju, ciep\u0142a i subtelnego luksusu.<\/p>\n<p>&nbsp;<\/p>\n<p>Aromaterapeutyczna k\u0105piel w p\u0142atkach r\u00f3\u017c<\/p>\n<p>Aromaterapeutyczna k\u0105piel w p\u0142atkach r\u00f3\u017c to wyj\u0105tkowy zabieg relaksacyjny, kt\u00f3ry stanowi subtelne i zmys\u0142owe wprowadzenie do masa\u017cu. Ciep\u0142a k\u0105piel, wzbogacona esencj\u0105 r\u00f3\u017c oraz dodatkiem czerwonego wina, otula cia\u0142o delikatnym aromatem, pomagaj\u0105c wyciszy\u0107 umys\u0142 i przygotowa\u0107 organizm na g\u0142\u0119bokie odpr\u0119\u017cenie.<\/p>\n<p>Zabieg rozpoczyna si\u0119 od zanurzenia cia\u0142a w aromatycznej k\u0105pieli trwaj\u0105cej 15\u201320 minut. Ciep\u0142o wody sprzyja rozlu\u017anieniu mi\u0119\u015bni, poprawia kr\u0105\u017cenie i wspiera naturalne procesy regeneracyjne. P\u0142atki r\u00f3\u017c dzia\u0142aj\u0105 koj\u0105co na zmys\u0142y i sk\u00f3r\u0119, a zawarte w winie naturalne antyoksydanty wspomagaj\u0105 jej od\u017cywienie i wyg\u0142adzenie. Sk\u00f3ra staje si\u0119 bardziej podatna na dalsze etapy piel\u0119gnacji, a cia\u0142o stopniowo uwalnia si\u0119 od napi\u0119cia.<\/p>\n<p>&nbsp;<\/p>\n<p>Balinese relaxation massage with aromatherapy<\/p>\n<p>Balijski masa\u017c relaksacyjny z aromaterapi\u0105 to specjalny rodzaj masa\u017cu, w kt\u00f3rym u\u017cywane s\u0105 aromatyczne olejki eteryczne pochodz\u0105ce z ro\u015blin. Przebieg zabiegu zaczyna si\u0119 od konsultacji z klientem, aby dostosowa\u0107 aromaterapi\u0119 do indywidualnych potrzeb. Nast\u0119pnie masa\u017cysta dobiera odpowiednie olejki, kt\u00f3re maj\u0105 dzia\u0142a\u0107 relaksuj\u0105co, energetyzuj\u0105co lub \u0142agodz\u0105co. W trakcie masa\u017cu, olejki s\u0105 wmasowywane w sk\u00f3r\u0119 , przynosz\u0105c relaksacj\u0119 i korzystnie wp\u0142ywaj\u0105c na umys\u0142 i cia\u0142o klienta.<\/p>","protected":false},"excerpt":{"rendered":"<p>Ten orientalny rytua\u0142 to zmys\u0142owa ceremonia relaksu, kt\u00f3ra \u0142\u0105czy aromaterapeutyczn\u0105 k\u0105piel w p\u0142atkach r\u00f3\u017c z balijskim masa\u017cem relaksacyjnym z aromaterapi\u0105. Zabieg rozpoczyna si\u0119 20-minutow\u0105, ciep\u0142\u0105 k\u0105piel\u0105 wzbogacon\u0105 esencj\u0105 r\u00f3\u017c i dodatkiem czerwonego wina. Delikatny aromat, ciep\u0142o wody i piel\u0119gnuj\u0105ce sk\u0142adniki pomagaj\u0105 rozlu\u017ani\u0107 mi\u0119\u015bnie, wyciszy\u0107 umys\u0142 oraz przygotowa\u0107 sk\u00f3r\u0119 na dalsz\u0105 piel\u0119gnacj\u0119, pozostawiaj\u0105c j\u0105 mi\u0119kk\u0105, wyg\u0142adzon\u0105 i promienn\u0105.<\/p>\n<p><strong>Po dokonaniu zam\u00f3wienia, otrzymacie Pa\u0144stwo voucher na zakupiony masa\u017c lub rytua\u0142, kt\u00f3ry zostanie dostarczony drog\u0105 e-mailow\u0105. Prosimy liczy\u0107 na jego dostarczenie w ci\u0105gu godzin pracy naszego salonu. Ka\u017cdy voucher pozostaje wa\u017cny przez okres 6 miesi\u0119cy (chyba \u017ce data na Voucherze m\u00f3wi inaczej) od momentu zakupu, daj\u0105c Wam wystarczaj\u0105co du\u017co czasu na skorzystanie z tego wyj\u0105tkowego do\u015bwiadczenia relaksacyjnego. *Vouchery z kategorii SPA mo\u017cliwe s\u0105 do zrealizowania tylko w Salonie SPA w Ostro\u0142\u0119ce na ulicy Bohater\u00f3w Warszawy 29.<\/strong><\/p>\n<p>If you have any further questions, please do not hesitate to contact us by phone or via the contact form.<\/p>","protected":false},"featured_media":3639,"template":"","meta":[],"product_cat":[199],"product_tag":[],"class_list":{"0":"post-3587","1":"product","2":"type-product","3":"status-publish","4":"has-post-thumbnail","6":"product_cat-rytualy-spa","8":"first","9":"instock","10":"shipping-taxable","11":"purchasable","12":"product-type-variable"},"_links":{"self":[{"href":"https:\/\/sklep.thairai.com.pl\/en\/wp-json\/wp\/v2\/product\/3587","targetHints":{"allow":["GET"]}}],"collection":[{"href":"https:\/\/sklep.thairai.com.pl\/en\/wp-json\/wp\/v2\/product"}],"about":[{"href":"https:\/\/sklep.thairai.com.pl\/en\/wp-json\/wp\/v2\/types\/product"}],"wp:featuredmedia":[{"embeddable":true,"href":"https:\/\/sklep.thairai.com.pl\/en\/wp-json\/wp\/v2\/media\/3639"}],"wp:attachment":[{"href":"https:\/\/sklep.thairai.com.pl\/en\/wp-json\/wp\/v2\/media?parent=3587"}],"wp:term":[{"taxonomy":"product_cat","embeddable":true,"href":"https:\/\/sklep.thairai.com.pl\/en\/wp-json\/wp\/v2\/product_cat?post=3587"},{"taxonomy":"product_tag","embeddable":true,"href":"https:\/\/sklep.thairai.com.pl\/en\/wp-json\/wp\/v2\/product_tag?post=3587"}],"curies":[{"name":"wp","href":"https:\/\/api.w.org\/{rel}","templated":true}]}}