{"id":3698,"date":"2026-03-20T11:25:24","date_gmt":"2026-03-20T11:25:24","guid":{"rendered":"https:\/\/sklep.thairai.com.pl\/?post_type=product&#038;p=3698"},"modified":"2026-03-20T11:25:24","modified_gmt":"2026-03-20T11:25:24","slug":"spa-day","status":"publish","type":"product","link":"https:\/\/sklep.thairai.com.pl\/en\/product\/spa-day\/","title":{"rendered":"SPA Day"},"content":{"rendered":"<p>SPA Day to 300 minut relaksu, kt\u00f3re mo\u017cesz wykorzysta\u0107 dok\u0142adnie tak, jak chcesz.<br \/>\nW swoim tempie, na swoich zasadach i zgodnie z w\u0142asnymi potrzebami.<\/p>\n<p>To czas tylko dla Ciebie. Na wyciszenie, regeneracj\u0119 i prawdziwy odpoczynek. Chwila, by zatrzyma\u0107 si\u0119 na moment, odzyska\u0107 r\u00f3wnowag\u0119 i zadba\u0107 o dobre samopoczucie w atmosferze spokoju i harmonii.<\/p>\n<p>To idealna propozycja dla ka\u017cdego, kto chce na chwil\u0119 oderwa\u0107 si\u0119 od codzienno\u015bci i zanurzy\u0107 w \u015bwiecie spokoju, komfortu oraz odpr\u0119\u017cenia. SPA Day pozwala sp\u0119dzi\u0107 ten czas dok\u0142adnie tak, jak lubisz i tak, jak najbardziej tego potrzebujesz.<\/p>","protected":false},"excerpt":{"rendered":"<p>SPA Day to 300 minut relaksu, kt\u00f3re mo\u017cesz wykorzysta\u0107 dok\u0142adnie tak, jak chcesz.<br \/>\nW swoim tempie, na swoich zasadach i zgodnie z w\u0142asnymi potrzebami.<\/p>\n<p><strong>Po dokonaniu zam\u00f3wienia, otrzymacie Pa\u0144stwo voucher na zakupiony masa\u017c lub rytua\u0142, kt\u00f3ry zostanie dostarczony drog\u0105 e-mailow\u0105. Prosimy liczy\u0107 na jego dostarczenie w ci\u0105gu godzin pracy naszego salonu. Ka\u017cdy voucher pozostaje wa\u017cny przez okres 6 miesi\u0119cy (chyba \u017ce data na Voucherze m\u00f3wi inaczej) od momentu zakupu, daj\u0105c Wam wystarczaj\u0105co du\u017co czasu na skorzystanie z tego wyj\u0105tkowego do\u015bwiadczenia relaksacyjnego. *Vouchery z kategorii SPA mo\u017cliwe s\u0105 do zrealizowania tylko w Salonie SPA w Ostro\u0142\u0119ce na ulicy Bohater\u00f3w Warszawy 29.<\/strong><\/p>\n<p>If you have any further questions, please do not hesitate to contact us by phone or via the contact form.<\/p>","protected":false},"featured_media":3699,"template":"","meta":[],"product_cat":[196],"product_tag":[],"class_list":{"0":"post-3698","1":"product","2":"type-product","3":"status-publish","4":"has-post-thumbnail","6":"product_cat-spa","8":"first","9":"instock","10":"shipping-taxable","11":"purchasable","12":"product-type-variable","13":"has-default-attributes"},"_links":{"self":[{"href":"https:\/\/sklep.thairai.com.pl\/en\/wp-json\/wp\/v2\/product\/3698","targetHints":{"allow":["GET"]}}],"collection":[{"href":"https:\/\/sklep.thairai.com.pl\/en\/wp-json\/wp\/v2\/product"}],"about":[{"href":"https:\/\/sklep.thairai.com.pl\/en\/wp-json\/wp\/v2\/types\/product"}],"wp:featuredmedia":[{"embeddable":true,"href":"https:\/\/sklep.thairai.com.pl\/en\/wp-json\/wp\/v2\/media\/3699"}],"wp:attachment":[{"href":"https:\/\/sklep.thairai.com.pl\/en\/wp-json\/wp\/v2\/media?parent=3698"}],"wp:term":[{"taxonomy":"product_cat","embeddable":true,"href":"https:\/\/sklep.thairai.com.pl\/en\/wp-json\/wp\/v2\/product_cat?post=3698"},{"taxonomy":"product_tag","embeddable":true,"href":"https:\/\/sklep.thairai.com.pl\/en\/wp-json\/wp\/v2\/product_tag?post=3698"}],"curies":[{"name":"wp","href":"https:\/\/api.w.org\/{rel}","templated":true}]}}