{"id":3701,"date":"2026-03-20T11:28:17","date_gmt":"2026-03-20T11:28:17","guid":{"rendered":"https:\/\/sklep.thairai.com.pl\/?post_type=product&#038;p=3701"},"modified":"2026-03-20T11:28:17","modified_gmt":"2026-03-20T11:28:17","slug":"spa-day-dla-dwojga","status":"publish","type":"product","link":"https:\/\/sklep.thairai.com.pl\/en\/product\/spa-day-dla-dwojga\/","title":{"rendered":"SPA Day dla dwojga"},"content":{"rendered":"<p>SPA Day dla dwojga to 300 minut wsp\u00f3lnego relaksu, kt\u00f3ry mo\u017cecie zaplanowa\u0107 dok\u0142adnie po swojemu.<br \/>\nTo czas, by zwolni\u0107, odetchn\u0105\u0107 i cieszy\u0107 si\u0119 chwil\u0105 sp\u0119dzon\u0105 razem w atmosferze spokoju i odpr\u0119\u017cenia.<\/p>\n<p>To propozycja dla tych, kt\u00f3rzy chc\u0105 po\u0142\u0105czy\u0107 odpoczynek z blisko\u015bci\u0105 i na moment zostawi\u0107 codzienno\u015b\u0107 za sob\u0105. Wyciszenie, regeneracja i komfort tworz\u0105 przestrze\u0144, w kt\u00f3rej mo\u017cna po prostu by\u0107 razem i czerpa\u0107 przyjemno\u015b\u0107 ze wsp\u00f3lnej chwili.<\/p>\n<p>SPA Day dla dwojga to wyj\u0105tkowy spos\u00f3b na celebracj\u0119 czasu we dwoje. Bez po\u015bpiechu, bez planu, bez zb\u0119dnych rozprosze\u0144. Po prostu relaks dok\u0142adnie taki, jakiego w danym momencie potrzebujecie.<\/p>","protected":false},"excerpt":{"rendered":"<p>SPA Day dla dwojga to 300 minut wsp\u00f3lnego relaksu, kt\u00f3ry mo\u017cecie zaplanowa\u0107 dok\u0142adnie po swojemu.<br \/>\nTo czas, by zwolni\u0107, odetchn\u0105\u0107 i cieszy\u0107 si\u0119 chwil\u0105 sp\u0119dzon\u0105 razem w atmosferze spokoju i odpr\u0119\u017cenia.<\/p>\n<p><strong>Po dokonaniu zam\u00f3wienia, otrzymacie Pa\u0144stwo voucher na zakupiony masa\u017c lub rytua\u0142, kt\u00f3ry zostanie dostarczony drog\u0105 e-mailow\u0105. Prosimy liczy\u0107 na jego dostarczenie w ci\u0105gu godzin pracy naszego salonu. Ka\u017cdy voucher pozostaje wa\u017cny przez okres 6 miesi\u0119cy (chyba \u017ce data na Voucherze m\u00f3wi inaczej) od momentu zakupu, daj\u0105c Wam wystarczaj\u0105co du\u017co czasu na skorzystanie z tego wyj\u0105tkowego do\u015bwiadczenia relaksacyjnego. *Vouchery z kategorii SPA mo\u017cliwe s\u0105 do zrealizowania tylko w Salonie SPA w Ostro\u0142\u0119ce na ulicy Bohater\u00f3w Warszawy 29.<\/strong><\/p>\n<p>If you have any further questions, please do not hesitate to contact us by phone or via the contact form.<\/p>","protected":false},"featured_media":3702,"template":"","meta":[],"product_cat":[197],"product_tag":[],"class_list":{"0":"post-3701","1":"product","2":"type-product","3":"status-publish","4":"has-post-thumbnail","6":"product_cat-spa-dla-dwojga","8":"first","9":"instock","10":"shipping-taxable","11":"purchasable","12":"product-type-variable","13":"has-default-attributes"},"_links":{"self":[{"href":"https:\/\/sklep.thairai.com.pl\/en\/wp-json\/wp\/v2\/product\/3701","targetHints":{"allow":["GET"]}}],"collection":[{"href":"https:\/\/sklep.thairai.com.pl\/en\/wp-json\/wp\/v2\/product"}],"about":[{"href":"https:\/\/sklep.thairai.com.pl\/en\/wp-json\/wp\/v2\/types\/product"}],"wp:featuredmedia":[{"embeddable":true,"href":"https:\/\/sklep.thairai.com.pl\/en\/wp-json\/wp\/v2\/media\/3702"}],"wp:attachment":[{"href":"https:\/\/sklep.thairai.com.pl\/en\/wp-json\/wp\/v2\/media?parent=3701"}],"wp:term":[{"taxonomy":"product_cat","embeddable":true,"href":"https:\/\/sklep.thairai.com.pl\/en\/wp-json\/wp\/v2\/product_cat?post=3701"},{"taxonomy":"product_tag","embeddable":true,"href":"https:\/\/sklep.thairai.com.pl\/en\/wp-json\/wp\/v2\/product_tag?post=3701"}],"curies":[{"name":"wp","href":"https:\/\/api.w.org\/{rel}","templated":true}]}}