{"id":410,"date":"2024-03-07T17:17:12","date_gmt":"2024-03-07T17:17:12","guid":{"rendered":"http:\/\/sklep.thairai.com.pl\/?post_type=product&#038;p=410"},"modified":"2026-03-10T14:02:41","modified_gmt":"2026-03-10T14:02:41","slug":"relaksacyjny-masaz-balijski-z-aromaterapia","status":"publish","type":"product","link":"https:\/\/sklep.thairai.com.pl\/en\/product\/relaksacyjny-masaz-balijski-z-aromaterapia\/","title":{"rendered":"Balijski masa\u017c relaksacyjny z aromaterapi\u0105 dla dwojga"},"content":{"rendered":"<p>Balijski masa\u017c relaksacyjny z aromaterapi\u0105 to specjalny rodzaj masa\u017cu, w kt\u00f3rym u\u017cywane s\u0105 aromatyczne olejki eteryczne pochodz\u0105ce z ro\u015blin. Przebieg zabiegu zaczyna si\u0119 od konsultacji z klientem, aby dostosowa\u0107 aromaterapi\u0119 do indywidualnych potrzeb. Nast\u0119pnie masa\u017cysta dobiera odpowiednie olejki, kt\u00f3re maj\u0105 dzia\u0142a\u0107 relaksuj\u0105co, energetyzuj\u0105co lub \u0142agodz\u0105co. W trakcie masa\u017cu, olejki s\u0105 wmasowywane w sk\u00f3r\u0119 , przynosz\u0105c relaksacj\u0119 i korzystnie wp\u0142ywaj\u0105c na umys\u0142 i cia\u0142o klienta.<\/p>\n<p>Masa\u017c jest odpowiedni dla os\u00f3b poszukuj\u0105cych relaksu, redukcji stresu oraz poprawy samopoczucia. Jest szczeg\u00f3lnie polecany dla os\u00f3b z dolegliwo\u015bciami zwi\u0105zanymi z napi\u0119ciem mi\u0119\u015bniowym, problemami ze snem, stresem i napi\u0119ciem emocjonalnym. Masa\u017c z wykorzystaniem aromaterapii mo\u017ce korzystnie wp\u0142yn\u0105\u0107 na zdrowie psychiczne i fizyczne, przynosz\u0105c uczucie odpr\u0119\u017cenia.<\/p>\n<p>Efekty balijskiego masa\u017cu relaksacyjnego z aromaterapi\u0105 mog\u0105 by\u0107 r\u00f3\u017cnorodne, ale zazwyczaj obejmuj\u0105 g\u0142\u0119bokie odpr\u0119\u017cenie i relaksacj\u0119 cia\u0142a oraz umys\u0142u. Olejki eteryczne wykorzystywane w masa\u017cu mog\u0105 pom\u00f3c w redukcji stresu, \u0142agodzeniu napi\u0119\u0107 mi\u0119\u015bniowych i poprawie jako\u015bci snu. Dodatkowo, aromaterapia mo\u017ce wp\u0142ywa\u0107 pozytywnie na nastr\u00f3j, przynosz\u0105c uczucie harmonii i spokoju.<\/p>","protected":false},"excerpt":{"rendered":"<p>Balijski masa\u017c relaksacyjny z aromaterapi\u0105 to specjalny rodzaj masa\u017cu, w kt\u00f3rym u\u017cywane s\u0105 aromatyczne olejki eteryczne pochodz\u0105ce z ro\u015blin. Przebieg zabiegu zaczyna si\u0119 od konsultacji z klientem, aby dostosowa\u0107 aromaterapi\u0119 do indywidualnych potrzeb.<\/p>\n<p><strong>After ordering, you will receive a voucher for the massage or ritual you have purchased, which will be delivered by email. Please count on it being delivered during the opening hours of our salons. Each voucher remains valid for a period of 6 months (unless the date on the Voucher says otherwise) from the time of purchase, giving you ample time to enjoy this unique relaxation experience.<\/strong><\/p>\n<p>If you have any further questions, please do not hesitate to contact us by phone or via the contact form.<\/p>","protected":false},"featured_media":3672,"template":"","meta":[],"product_cat":[68,58],"product_tag":[],"class_list":{"0":"post-410","1":"product","2":"type-product","3":"status-publish","4":"has-post-thumbnail","6":"product_cat-masaze-dla-par","7":"product_cat-wszystkie","9":"first","10":"instock","11":"shipping-taxable","12":"purchasable","13":"product-type-variable"},"_links":{"self":[{"href":"https:\/\/sklep.thairai.com.pl\/en\/wp-json\/wp\/v2\/product\/410","targetHints":{"allow":["GET"]}}],"collection":[{"href":"https:\/\/sklep.thairai.com.pl\/en\/wp-json\/wp\/v2\/product"}],"about":[{"href":"https:\/\/sklep.thairai.com.pl\/en\/wp-json\/wp\/v2\/types\/product"}],"wp:featuredmedia":[{"embeddable":true,"href":"https:\/\/sklep.thairai.com.pl\/en\/wp-json\/wp\/v2\/media\/3672"}],"wp:attachment":[{"href":"https:\/\/sklep.thairai.com.pl\/en\/wp-json\/wp\/v2\/media?parent=410"}],"wp:term":[{"taxonomy":"product_cat","embeddable":true,"href":"https:\/\/sklep.thairai.com.pl\/en\/wp-json\/wp\/v2\/product_cat?post=410"},{"taxonomy":"product_tag","embeddable":true,"href":"https:\/\/sklep.thairai.com.pl\/en\/wp-json\/wp\/v2\/product_tag?post=410"}],"curies":[{"name":"wp","href":"https:\/\/api.w.org\/{rel}","templated":true}]}}