{"id":433,"date":"2024-03-08T08:07:10","date_gmt":"2024-03-08T08:07:10","guid":{"rendered":"http:\/\/sklep.thairai.com.pl\/?post_type=product&#038;p=433"},"modified":"2026-03-10T13:47:51","modified_gmt":"2026-03-10T13:47:51","slug":"orientalny-odzywczy-peeling-calego-ciala","status":"publish","type":"product","link":"https:\/\/sklep.thairai.com.pl\/en\/product\/orientalny-odzywczy-peeling-calego-ciala\/","title":{"rendered":"Oriental, nourishing full body scrub"},"content":{"rendered":"<p>Orientalny, od\u017cywczy peeling ca\u0142ego cia\u0142a to wyj\u0105tkowe do\u015bwiadczenie, kt\u00f3re \u0142\u0105czy w sobie aromaterapi\u0119 i piel\u0119gnacj\u0119 sk\u00f3ry. W trakcie tego zabiegu wykorzystywany jest naturalny peeling, aby delikatnie z\u0142uszczy\u0107 martwe kom\u00f3rki sk\u00f3ry. Masa\u017c peelinguj\u0105cy poprawia kr\u0105\u017cenie krwi, co przyspiesza proces regeneracji sk\u00f3ry. Dodatkowo, bogate w sk\u0142adniki od\u017cywcze oleje u\u017cywane podczas peelingu nawil\u017caj\u0105 i od\u017cywiaj\u0105 sk\u00f3r\u0119, nadaj\u0105c jej mi\u0119kko\u015b\u0107 i blask. Efektem tego zabiegu jest g\u0142adka, promienna sk\u00f3ra o intensywnym uczuciu odpr\u0119\u017cenia.<\/p>\n<p>The Oriental Nourishing Full Body Scrub is dedicated to anyone who wants to take care of their skin while experiencing a relaxing and aromatherapeutic sensation. It is perfect for those looking for natural care methods, as it uses plant-based ingredients. It is the ideal choice for those who want to achieve smooth, moisturised skin while experiencing sensory pleasure.<\/p>\n<p>The oriental nourishing full body scrub is not only skin care, but also a true sensory experience. Its effect is to deeply cleanse the skin of dead cells, leaving it silky smooth and refreshed. In addition, thanks to the wealth of natural ingredients, the scrub provides intensive care, moisturising and nourishing the skin for a healthy and radiant appearance.<\/p>","protected":false},"excerpt":{"rendered":"<p>The Oriental nourishing full body scrub is a unique experience that combines aromatherapy and skin care. During this treatment, a natural scrub is used to gently exfoliate dead skin cells.<\/p>\n<p><strong>After ordering, you will receive a voucher for the massage or ritual you have purchased, which will be delivered by email. Please count on it being delivered during the opening hours of our salons. Each voucher remains valid for a period of 6 months (unless the date on the Voucher says otherwise) from the time of purchase, giving you ample time to enjoy this unique relaxation experience.<\/strong><\/p>\n<p>If you have any further questions, please do not hesitate to contact us by phone or via the contact form.<\/p>","protected":false},"featured_media":3644,"template":"","meta":[],"product_cat":[66],"product_tag":[],"class_list":{"0":"post-433","1":"product","2":"type-product","3":"status-publish","4":"has-post-thumbnail","6":"product_cat-zabiegi","8":"first","9":"instock","10":"shipping-taxable","11":"purchasable","12":"product-type-variable","13":"has-default-attributes"},"_links":{"self":[{"href":"https:\/\/sklep.thairai.com.pl\/en\/wp-json\/wp\/v2\/product\/433","targetHints":{"allow":["GET"]}}],"collection":[{"href":"https:\/\/sklep.thairai.com.pl\/en\/wp-json\/wp\/v2\/product"}],"about":[{"href":"https:\/\/sklep.thairai.com.pl\/en\/wp-json\/wp\/v2\/types\/product"}],"wp:featuredmedia":[{"embeddable":true,"href":"https:\/\/sklep.thairai.com.pl\/en\/wp-json\/wp\/v2\/media\/3644"}],"wp:attachment":[{"href":"https:\/\/sklep.thairai.com.pl\/en\/wp-json\/wp\/v2\/media?parent=433"}],"wp:term":[{"taxonomy":"product_cat","embeddable":true,"href":"https:\/\/sklep.thairai.com.pl\/en\/wp-json\/wp\/v2\/product_cat?post=433"},{"taxonomy":"product_tag","embeddable":true,"href":"https:\/\/sklep.thairai.com.pl\/en\/wp-json\/wp\/v2\/product_tag?post=433"}],"curies":[{"name":"wp","href":"https:\/\/api.w.org\/{rel}","templated":true}]}}