{"id":804,"date":"2024-04-07T07:49:32","date_gmt":"2024-04-07T07:49:32","guid":{"rendered":"http:\/\/sklep.thairai.com.pl\/?post_type=product&#038;p=804"},"modified":"2026-03-10T14:08:41","modified_gmt":"2026-03-10T14:08:41","slug":"ekskluzywny-masaz-na-cztery-rece","status":"publish","type":"product","link":"https:\/\/sklep.thairai.com.pl\/en\/product\/ekskluzywny-masaz-na-cztery-rece\/","title":{"rendered":"Exclusive four-handed massage"},"content":{"rendered":"<div class=\"elementor-column elementor-col-33 elementor-top-column elementor-element elementor-element-7ee8b5d\" data-id=\"7ee8b5d\" data-element_type=\"column\">\n<div class=\"elementor-widget-wrap elementor-element-populated\">\n<div class=\"elementor-element elementor-element-8be0c16 elementor-widget elementor-widget-heading\" data-id=\"8be0c16\" data-element_type=\"widget\" data-settings=\"{&quot;ekit_we_effect_on&quot;:&quot;none&quot;}\" data-widget_type=\"heading.default\">\n<div class=\"elementor-widget-container\">\n<p class=\"elementor-heading-title elementor-size-default\">An exclusive four-handed massage is a unique experience where two therapists work synchronously to create a harmonious symphony of touch. This unique form of massage intensifies the sensation, surrounding the client\u2019s body from different directions. The professional massage helps to relax muscles, reduce joint tension and release stress. This exclusive experience is a true feast for the senses, integrating different massage techniques into one harmonious movement, allowing for spiritual balance, harmony and happiness.<\/p>\n<\/div>\n<\/div>\n<\/div>\n<\/div>\n<div class=\"elementor-column elementor-col-33 elementor-top-column elementor-element elementor-element-85d6134\" data-id=\"85d6134\" data-element_type=\"column\">\n<div class=\"elementor-widget-wrap elementor-element-populated\">\n<div class=\"elementor-element elementor-element-70d9264 elementor-widget elementor-widget-spacer\" data-id=\"70d9264\" data-element_type=\"widget\" data-settings=\"{&quot;ekit_we_effect_on&quot;:&quot;none&quot;}\" data-widget_type=\"spacer.default\">\n<div class=\"elementor-widget-container\">\n<div class=\"elementor-spacer\">\n<div class=\"elementor-spacer-inner\">The exclusive four-handed massage is dedicated to all those who wish to experience deep relaxation and, at the same time, an intense effect on the body and mind. This unique form of massage is ideal for those seeking a unique experience that transports into a world of comprehensive harmony and energy balance. The Four Hands Massage is recommended to clients who appreciate high quality service and want to immerse themselves in a luxurious experience balanced by the pace of two experienced female therapists.<\/div>\n<div><\/div>\n<\/div>\n<\/div>\n<div>Ekskluzywny masa\u017c na cztery r\u0119ce przynosi natychmiastow\u0105 ulg\u0119 od napi\u0119\u0107 i stresu, dzia\u0142aj\u0105c r\u00f3wnocze\u015bnie na r\u00f3\u017cne obszary cia\u0142a. Klienci do\u015bwiadczaj\u0105 g\u0142\u0119bokiej relaksacji, r\u00f3wnowagi energetycznej i intensywnego odpr\u0119\u017cenia. Efekty tego wyj\u0105tkowego do\u015bwiadczenia obejmuj\u0105 odpr\u0119\u017cenie mi\u0119\u015bni, popraw\u0119 kr\u0105\u017cenia oraz d\u0142ugotrwa\u0142e uczucie wewn\u0119trznej r\u00f3wnowagi i spokoju.<\/div>\n<\/div>\n<\/div>\n<\/div>","protected":false},"excerpt":{"rendered":"<p>Ekskluzywny masa\u017c na cztery r\u0119ce to wyj\u0105tkowe do\u015bwiadczenie, podczas kt\u00f3rego dwie terapeutki pracuj\u0105 synchronicznie, tworz\u0105c harmonijn\u0105 symfoni\u0119 dotyku. Ta unikalna forma masa\u017cu intensyfikuje doznania, otaczaj\u0105c cia\u0142o klienta z r\u00f3\u017cnych kierunk\u00f3w. Profesjonalny masa\u017c pomaga rozlu\u017ani\u0107 mi\u0119\u015bnie, redukowa\u0107 napi\u0119cie staw\u00f3w i uwolni\u0107 si\u0119 od stresu.<\/p>\n<p><strong>After ordering, you will receive a voucher for the massage or ritual you have purchased, which will be delivered by email. Please count on it being delivered during the opening hours of our salons. Each voucher remains valid for a period of 6 months (unless the date on the Voucher says otherwise) from the time of purchase, giving you ample time to enjoy this unique relaxation experience.<\/strong><\/p>\n<p>If you have any further questions, please do not hesitate to contact us by phone or via the contact form.<\/p>","protected":false},"featured_media":3682,"template":"","meta":[],"product_cat":[62],"product_tag":[],"class_list":{"0":"post-804","1":"product","2":"type-product","3":"status-publish","4":"has-post-thumbnail","6":"product_cat-masaze-specjalne","8":"first","9":"instock","10":"shipping-taxable","11":"purchasable","12":"product-type-variable"},"_links":{"self":[{"href":"https:\/\/sklep.thairai.com.pl\/en\/wp-json\/wp\/v2\/product\/804","targetHints":{"allow":["GET"]}}],"collection":[{"href":"https:\/\/sklep.thairai.com.pl\/en\/wp-json\/wp\/v2\/product"}],"about":[{"href":"https:\/\/sklep.thairai.com.pl\/en\/wp-json\/wp\/v2\/types\/product"}],"wp:featuredmedia":[{"embeddable":true,"href":"https:\/\/sklep.thairai.com.pl\/en\/wp-json\/wp\/v2\/media\/3682"}],"wp:attachment":[{"href":"https:\/\/sklep.thairai.com.pl\/en\/wp-json\/wp\/v2\/media?parent=804"}],"wp:term":[{"taxonomy":"product_cat","embeddable":true,"href":"https:\/\/sklep.thairai.com.pl\/en\/wp-json\/wp\/v2\/product_cat?post=804"},{"taxonomy":"product_tag","embeddable":true,"href":"https:\/\/sklep.thairai.com.pl\/en\/wp-json\/wp\/v2\/product_tag?post=804"}],"curies":[{"name":"wp","href":"https:\/\/api.w.org\/{rel}","templated":true}]}}