{"id":810,"date":"2024-04-07T07:59:51","date_gmt":"2024-04-07T07:59:51","guid":{"rendered":"http:\/\/sklep.thairai.com.pl\/?post_type=product&#038;p=810"},"modified":"2026-02-11T14:29:18","modified_gmt":"2026-02-11T14:29:18","slug":"masaz-dla-kobiet-w-ciazy","status":"publish","type":"product","link":"https:\/\/sklep.thairai.com.pl\/en\/product\/masaz-dla-kobiet-w-ciazy\/","title":{"rendered":"Massage for pregnant women"},"content":{"rendered":"<p>Massage for pregnant women is a gentle and safe form of relaxation, tailored to the changing needs of mums-to-be. Our experienced therapists use special techniques to help relieve muscle tension, reduce back pain and alleviate other discomforts associated with pregnancy. The massage helps to improve blood circulation and relieve swelling, which can bring relief to mums-to-be. We offer a personalised approach, taking into account individual needs and preferences, so that every pregnant woman can enjoy a moment of relaxation and take care of her well-being. This unique experience is not only designed to provide physical support, but also to create a calm atmosphere that promotes the mental comfort of mums-to-be.<\/p>\n<p>Massage for Pregnant Women is designed for mothers-to-be, offering them a safe and relaxing form of support during pregnancy. Dedicated massage techniques are tailored to the changing needs of a woman\u2019s body during this unique time. This experience helps to relieve tension, reduce discomfort and contribute to the overall mental and physical well-being of the expectant mother.<\/p>\n<p>Masa\u017c dla kobiet w ci\u0105\u017cy przynosi liczne korzy\u015bci, w tym z\u0142agodzenie b\u00f3lu plec\u00f3w, redukcj\u0119 obrz\u0119k\u00f3w n\u00f3g oraz ulg\u0119 w napi\u0119ciach mi\u0119\u015bniowych. Dodatkowo, taki masa\u017c mo\u017ce pom\u00f3c w zminimalizowaniu uczucia stresu i poprawie jako\u015bci snu, co wp\u0142ywa korzystnie na dobre samopoczucie przysz\u0142ej mamy. Dzi\u0119ki w\u0142a\u015bciwym technikom, masa\u017c dla kobiet w ci\u0105\u017cy stanowi bezpieczny spos\u00f3b na relaksacj\u0119 i wsparcie zdrowia psychicznego i fizycznego w tym wyj\u0105tkowym okresie.<\/p>","protected":false},"excerpt":{"rendered":"<p>Masa\u017c dla kobiet w ci\u0105\u017cy to delikatna i bezpieczna forma relaksacji, dostosowana do zmieniaj\u0105cych si\u0119 potrzeb przysz\u0142ych mam. Nasze do\u015bwiadczone terapeutki stosuj\u0105 specjalne techniki, kt\u00f3re pomagaj\u0105 z\u0142agodzi\u0107 napi\u0119cia mi\u0119\u015bniowe, redukowa\u0107 b\u00f3l plec\u00f3w i \u0142agodzi\u0107 inne dolegliwo\u015bci zwi\u0105zane z ci\u0105\u017c\u0105.<\/p>\n<p><strong>After ordering, you will receive a voucher for the massage or ritual you have purchased, which will be delivered by email. Please count on it being delivered during the opening hours of our salons. Each voucher remains valid for a period of 6 months (unless the date on the Voucher says otherwise) from the time of purchase, giving you ample time to enjoy this unique relaxation experience.<\/strong><\/p>\n<p>If you have any further questions, please do not hesitate to contact us by phone or via the contact form.<\/p>","protected":false},"featured_media":781,"template":"","meta":[],"product_cat":[62],"product_tag":[],"class_list":{"0":"post-810","1":"product","2":"type-product","3":"status-publish","4":"has-post-thumbnail","6":"product_cat-masaze-specjalne","8":"first","9":"instock","10":"shipping-taxable","11":"purchasable","12":"product-type-variable"},"_links":{"self":[{"href":"https:\/\/sklep.thairai.com.pl\/en\/wp-json\/wp\/v2\/product\/810","targetHints":{"allow":["GET"]}}],"collection":[{"href":"https:\/\/sklep.thairai.com.pl\/en\/wp-json\/wp\/v2\/product"}],"about":[{"href":"https:\/\/sklep.thairai.com.pl\/en\/wp-json\/wp\/v2\/types\/product"}],"wp:featuredmedia":[{"embeddable":true,"href":"https:\/\/sklep.thairai.com.pl\/en\/wp-json\/wp\/v2\/media\/781"}],"wp:attachment":[{"href":"https:\/\/sklep.thairai.com.pl\/en\/wp-json\/wp\/v2\/media?parent=810"}],"wp:term":[{"taxonomy":"product_cat","embeddable":true,"href":"https:\/\/sklep.thairai.com.pl\/en\/wp-json\/wp\/v2\/product_cat?post=810"},{"taxonomy":"product_tag","embeddable":true,"href":"https:\/\/sklep.thairai.com.pl\/en\/wp-json\/wp\/v2\/product_tag?post=810"}],"curies":[{"name":"wp","href":"https:\/\/api.w.org\/{rel}","templated":true}]}}