{"id":813,"date":"2024-04-07T08:02:33","date_gmt":"2024-04-07T08:02:33","guid":{"rendered":"http:\/\/sklep.thairai.com.pl\/?post_type=product&#038;p=813"},"modified":"2026-03-05T15:42:49","modified_gmt":"2026-03-05T15:42:49","slug":"masaz-dla-dzieci-od-7-roku-zycia","status":"publish","type":"product","link":"https:\/\/sklep.thairai.com.pl\/en\/product\/masaz-dla-dzieci-od-7-roku-zycia\/","title":{"rendered":"Massage for children aged 7 and over"},"content":{"rendered":"<p>Massage for children aged 7 and over is a gentle form of therapy that can have many benefits. Performed by a professional masseuse, such a massage can help reduce muscle tension, improve body flexibility and promote healthy physical development. Additionally, massages for children can help relieve stress, improve sleep and overall emotional balance. Such therapy can provide a positive element to support the overall development and well-being of school-aged children.<\/p>\n<p>Massage for children aged 7 and over is a dedicated form of relaxation and support for younger clients. School-aged children experiencing tension or stress can benefit from this gentle therapy that helps to improve muscle flexibility, relieve tension and promote healthy physical development. It\u2019s a safe way to introduce children to the benefits of massage, while nurturing their comfort and emotional wellbeing.<\/p>\n<p>Masa\u017c dla dzieci od 7. roku \u017cycia mo\u017ce przynie\u015b\u0107 szereg korzy\u015bci. Po pierwsze, wspomaga rozw\u00f3j uk\u0142adu mi\u0119\u015bniowo-szkieletowego, poprawiaj\u0105c elastyczno\u015b\u0107 i koordynacj\u0119 ruchow\u0105. Po drugie, masa\u017c mo\u017ce pom\u00f3c w redukcji stresu i poprawie samopoczucia psychicznego. Dodatkowo, mo\u017ce by\u0107 skutecznym narz\u0119dziem w \u0142agodzeniu napi\u0119cia mi\u0119\u015bniowego, szczeg\u00f3lnie po intensywnym wysi\u0142ku fizycznym czy aktywno\u015bci sportowej.<\/p>","protected":false},"excerpt":{"rendered":"<p>Masa\u017c dla dzieci od 7. roku \u017cycia to delikatna forma terapii, kt\u00f3ra mo\u017ce przynie\u015b\u0107 wiele korzy\u015bci. Wykonywany przez profesjonaln\u0105 masa\u017cystk\u0119, taki masa\u017c mo\u017ce pom\u00f3c w redukcji napi\u0119cia mi\u0119\u015bniowego, poprawie elastyczno\u015bci cia\u0142a oraz wspieraniu zdrowego rozwoju fizycznego.<\/p>\n<p><strong>After ordering, you will receive a voucher for the massage or ritual you have purchased, which will be delivered by email. Please count on it being delivered during the opening hours of our salons. Each voucher remains valid for a period of 6 months (unless the date on the Voucher says otherwise) from the time of purchase, giving you ample time to enjoy this unique relaxation experience.<\/strong><\/p>\n<p>If you have any further questions, please do not hesitate to contact us by phone or via the contact form.<\/p>","protected":false},"featured_media":780,"template":"","meta":[],"product_cat":[62],"product_tag":[],"class_list":{"0":"post-813","1":"product","2":"type-product","3":"status-publish","4":"has-post-thumbnail","6":"product_cat-masaze-specjalne","8":"first","9":"instock","10":"shipping-taxable","11":"purchasable","12":"product-type-variable"},"_links":{"self":[{"href":"https:\/\/sklep.thairai.com.pl\/en\/wp-json\/wp\/v2\/product\/813","targetHints":{"allow":["GET"]}}],"collection":[{"href":"https:\/\/sklep.thairai.com.pl\/en\/wp-json\/wp\/v2\/product"}],"about":[{"href":"https:\/\/sklep.thairai.com.pl\/en\/wp-json\/wp\/v2\/types\/product"}],"wp:featuredmedia":[{"embeddable":true,"href":"https:\/\/sklep.thairai.com.pl\/en\/wp-json\/wp\/v2\/media\/780"}],"wp:attachment":[{"href":"https:\/\/sklep.thairai.com.pl\/en\/wp-json\/wp\/v2\/media?parent=813"}],"wp:term":[{"taxonomy":"product_cat","embeddable":true,"href":"https:\/\/sklep.thairai.com.pl\/en\/wp-json\/wp\/v2\/product_cat?post=813"},{"taxonomy":"product_tag","embeddable":true,"href":"https:\/\/sklep.thairai.com.pl\/en\/wp-json\/wp\/v2\/product_tag?post=813"}],"curies":[{"name":"wp","href":"https:\/\/api.w.org\/{rel}","templated":true}]}}