{"id":822,"date":"2024-04-07T15:32:44","date_gmt":"2024-04-07T15:32:44","guid":{"rendered":"http:\/\/sklep.thairai.com.pl\/?post_type=product&#038;p=822"},"modified":"2026-03-10T14:00:04","modified_gmt":"2026-03-10T14:00:04","slug":"refleksologia-stop","status":"publish","type":"product","link":"https:\/\/sklep.thairai.com.pl\/en\/product\/refleksologia-stop\/","title":{"rendered":"Foot reflexology"},"content":{"rendered":"<p>Foot reflexology is a holistic therapeutic practice that is based on the belief that there is a connection between specific areas on the feet and different parts of the body. During a foot reflexology session, the specialist performs various massage techniques, applying pressure, stretching and manipulation to specific areas of the feet. The aim is to stimulate the reflex points, with the aim of restoring energy balance in the body. Foot reflexology can provide benefits such as reducing stress, improving blood circulation, relieving pain and promoting overall health. It is a relaxing practice that integrates traditional massage techniques with the idea of a holistic approach to health and wellbeing. Regular sessions of foot reflexology can be an effective addition to a healthy lifestyle.<\/p>\n<p>Foot Reflexology is dedicated to anyone looking for a natural method of relaxation and improved health. Ideal for those who want to relieve stress, improve blood circulation and experience a holistic approach to balancing body and mind. Young and old alike can benefit from this therapy, which offers deep relaxation and support for overall wellbeing.<\/p>\n<p>Refleksologia st\u00f3p to terapia oparta na idei, \u017ce konkretne obszary na stopach odzwierciedlaj\u0105 r\u00f3\u017cne cz\u0119\u015bci cia\u0142a. Poprzez stymulacj\u0119 tych obszar\u00f3w mo\u017cliwe jest uzyskanie szeregu korzy\u015bci. Efekty masa\u017cu refleksologicznego obejmuj\u0105 redukcj\u0119 stresu, popraw\u0119 kr\u0105\u017cenia krwi i relaksacj\u0119 mi\u0119\u015bni. To r\u00f3wnie\u017c spos\u00f3b na \u0142agodzenie b\u00f3lu, popraw\u0119 snu i wzmocnienie og\u00f3lnego stanu zdrowia. Dzi\u0119ki tej technice, wielu do\u015bwiadcza zr\u00f3wnowa\u017cenia energetycznego i polepszenia samopoczucia.<\/p>\n<p>&nbsp;<\/p>","protected":false},"excerpt":{"rendered":"<p>Refleksologia st\u00f3p to holistyczna praktyka terapeutyczna, kt\u00f3ra bazuje na przekonaniu, \u017ce istnieje zwi\u0105zek mi\u0119dzy okre\u015blonymi obszarami na stopach a r\u00f3\u017cnymi cz\u0119\u015bciami cia\u0142a. Podczas sesji refleksologii st\u00f3p specjalista wykonuje r\u00f3\u017cne techniki masa\u017cu, uciskaj\u0105c, rozci\u0105gaj\u0105c i manipuluj\u0105c okre\u015blonymi obszarami st\u00f3p. Celem jest stymulacja punkt\u00f3w refleksyjnych, co ma na celu przywr\u00f3cenie r\u00f3wnowagi energetycznej w organizmie.<\/p>\n<p><strong>After ordering, you will receive a voucher for the massage or ritual you have purchased, which will be delivered by email. Please count on it being delivered during the opening hours of our salons. Each voucher remains valid for a period of 6 months (unless the date on the Voucher says otherwise) from the time of purchase, giving you ample time to enjoy this unique relaxation experience.<\/strong><\/p>\n<p>If you have any further questions, please do not hesitate to contact us by phone or via the contact form.<\/p>","protected":false},"featured_media":3666,"template":"","meta":[],"product_cat":[64],"product_tag":[],"class_list":{"0":"post-822","1":"product","2":"type-product","3":"status-publish","4":"has-post-thumbnail","6":"product_cat-masaze-czesciowe","8":"first","9":"instock","10":"shipping-taxable","11":"purchasable","12":"product-type-variable"},"_links":{"self":[{"href":"https:\/\/sklep.thairai.com.pl\/en\/wp-json\/wp\/v2\/product\/822","targetHints":{"allow":["GET"]}}],"collection":[{"href":"https:\/\/sklep.thairai.com.pl\/en\/wp-json\/wp\/v2\/product"}],"about":[{"href":"https:\/\/sklep.thairai.com.pl\/en\/wp-json\/wp\/v2\/types\/product"}],"wp:featuredmedia":[{"embeddable":true,"href":"https:\/\/sklep.thairai.com.pl\/en\/wp-json\/wp\/v2\/media\/3666"}],"wp:attachment":[{"href":"https:\/\/sklep.thairai.com.pl\/en\/wp-json\/wp\/v2\/media?parent=822"}],"wp:term":[{"taxonomy":"product_cat","embeddable":true,"href":"https:\/\/sklep.thairai.com.pl\/en\/wp-json\/wp\/v2\/product_cat?post=822"},{"taxonomy":"product_tag","embeddable":true,"href":"https:\/\/sklep.thairai.com.pl\/en\/wp-json\/wp\/v2\/product_tag?post=822"}],"curies":[{"name":"wp","href":"https:\/\/api.w.org\/{rel}","templated":true}]}}