{"id":833,"date":"2024-04-07T15:51:08","date_gmt":"2024-04-07T15:51:08","guid":{"rendered":"http:\/\/sklep.thairai.com.pl\/?post_type=product&#038;p=833"},"modified":"2026-03-10T14:07:43","modified_gmt":"2026-03-10T14:07:43","slug":"masaz-stemplami-ziolowymi-2","status":"publish","type":"product","link":"https:\/\/sklep.thairai.com.pl\/en\/product\/masaz-stemplami-ziolowymi-2\/","title":{"rendered":"Massage with herbal stamps"},"content":{"rendered":"<div class=\"elementor-column elementor-col-33 elementor-top-column elementor-element elementor-element-39f4977\" data-id=\"39f4977\" data-element_type=\"column\">\n<div class=\"elementor-widget-wrap elementor-element-populated\">\n<div class=\"elementor-element elementor-element-7352a5d elementor-widget elementor-widget-heading\" data-id=\"7352a5d\" data-element_type=\"widget\" data-settings=\"{&quot;ekit_we_effect_on&quot;:&quot;none&quot;}\" data-widget_type=\"heading.default\">\n<div class=\"elementor-widget-container\">Masa\u017c stemplami to po\u0142\u0105czenie aromaterapii, akupresury oraz terapii termicznej, praktykowane od wielu lat w Tajlandii. Zabieg wykorzystuje bawe\u0142niane torebeczki wype\u0142nione mieszank\u0105 specjalnych zi\u00f3\u0142 i przypraw o w\u0142a\u015bciwo\u015bciach leczniczych. Podczas masa\u017cu, stemple s\u0105 podgrzewane w olejku eterycznym, a nast\u0119pnie stosowane do masa\u017cu cia\u0142a, co pomaga w rozlu\u017anieniu mi\u0119\u015bni, relaksacji i przywr\u00f3ceniu r\u00f3wnowagi energetycznej organizmu. Mieszanka zi\u00f3\u0142, takich jak trawa cytrynowa, zielona herbata, kamfora, kurkuma, mi\u0119ta i cynamon, ma r\u00f3\u017cnorodne korzy\u015bci dla sk\u00f3ry i zdrowia, co sprawia, \u017ce masa\u017c stemplami jest kompleksowym i terapeutycznym do\u015bwiadczeniem dla cia\u0142a i umys\u0142u.<\/div>\n<div><\/div>\n<\/div>\n<\/div>\n<\/div>\n<div class=\"elementor-column elementor-col-33 elementor-top-column elementor-element elementor-element-2d650b4\" data-id=\"2d650b4\" data-element_type=\"column\">\n<div class=\"elementor-widget-wrap elementor-element-populated\">\n<div class=\"elementor-element elementor-element-6a90bf9 elementor-widget elementor-widget-text-editor\" data-id=\"6a90bf9\" data-element_type=\"widget\" data-settings=\"{&quot;ekit_we_effect_on&quot;:&quot;none&quot;}\" data-widget_type=\"text-editor.default\">\n<div class=\"elementor-widget-container\">\n<p>Masa\u017c stemplami jest polecany dla os\u00f3b, kt\u00f3re potrzebuj\u0105 rozgrzania, relaksu i aromaterapeutycznego dobroczynnego dzia\u0142ania zi\u00f3\u0142. Jest szczeg\u00f3lnie odpowiedni dla os\u00f3b pracuj\u0105cych w pozycji siedz\u0105cej, odczuwaj\u0105cych przem\u0119czenie, stres, b\u00f3le mi\u0119\u015bni, reumatyzm, maj\u0105cych obni\u017con\u0105 odporno\u015b\u0107, problemy z przewodem pokarmowym, chc\u0105cych zredukowa\u0107 wag\u0119 lub zmniejszy\u0107 cellulit. Ponadto, jest to r\u00f3wnie\u017c idealny zabieg dla os\u00f3b w trakcie rekonwalescencji po d\u0142ugotrwa\u0142ej chorobie.<\/p>\n<p>Masa\u017c gor\u0105cymi stemplami przynosi wiele zalet, takich jak dodawanie energii, redukcja wagi, poprawa nastroju, relaksacja i redukcja stresu. Zabieg ten r\u00f3wnie\u017c regeneruje organizm, odm\u0142adza i od\u017cywia sk\u00f3r\u0119, redukuje wolne rodniki, niweluje napi\u0119cie staw\u00f3w i mi\u0119\u015bni, oczyszcza organizm z toksyn, wspomaga odporno\u015b\u0107, dzia\u0142a przeciwb\u00f3lowo oraz oczyszcza p\u0142uca i zatoki. Dodatkowo, masa\u017ce gor\u0105cymi stemplami s\u0105 znane ze swojego pozytywnego wp\u0142ywu na redukcj\u0119 cellulitu<\/p>\n<\/div>\n<\/div>\n<\/div>\n<\/div>","protected":false},"excerpt":{"rendered":"<p>Masa\u017c stemplami to po\u0142\u0105czenie aromaterapii, akupresury oraz terapii termicznej, praktykowane od wielu lat w Tajlandii. Zabieg wykorzystuje bawe\u0142niane torebeczki wype\u0142nione mieszank\u0105 specjalnych zi\u00f3\u0142 i przypraw o w\u0142a\u015bciwo\u015bciach leczniczych.<\/p>\n<p><strong>After ordering, you will receive a voucher for the massage or ritual you have purchased, which will be delivered by email. Please count on it being delivered during the opening hours of our salons. Each voucher remains valid for a period of 6 months (unless the date on the Voucher says otherwise) from the time of purchase, giving you ample time to enjoy this unique relaxation experience.<\/strong><\/p>\n<p>If you have any further questions, please do not hesitate to contact us by phone or via the contact form.<\/p>","protected":false},"featured_media":3680,"template":"","meta":[],"product_cat":[62],"product_tag":[],"class_list":{"0":"post-833","1":"product","2":"type-product","3":"status-publish","4":"has-post-thumbnail","6":"product_cat-masaze-specjalne","8":"first","9":"instock","10":"shipping-taxable","11":"purchasable","12":"product-type-variable"},"_links":{"self":[{"href":"https:\/\/sklep.thairai.com.pl\/en\/wp-json\/wp\/v2\/product\/833","targetHints":{"allow":["GET"]}}],"collection":[{"href":"https:\/\/sklep.thairai.com.pl\/en\/wp-json\/wp\/v2\/product"}],"about":[{"href":"https:\/\/sklep.thairai.com.pl\/en\/wp-json\/wp\/v2\/types\/product"}],"wp:featuredmedia":[{"embeddable":true,"href":"https:\/\/sklep.thairai.com.pl\/en\/wp-json\/wp\/v2\/media\/3680"}],"wp:attachment":[{"href":"https:\/\/sklep.thairai.com.pl\/en\/wp-json\/wp\/v2\/media?parent=833"}],"wp:term":[{"taxonomy":"product_cat","embeddable":true,"href":"https:\/\/sklep.thairai.com.pl\/en\/wp-json\/wp\/v2\/product_cat?post=833"},{"taxonomy":"product_tag","embeddable":true,"href":"https:\/\/sklep.thairai.com.pl\/en\/wp-json\/wp\/v2\/product_tag?post=833"}],"curies":[{"name":"wp","href":"https:\/\/api.w.org\/{rel}","templated":true}]}}