{"id":84,"date":"2024-03-04T14:41:18","date_gmt":"2024-03-04T14:41:18","guid":{"rendered":"http:\/\/sklep.thairai.com.pl\/?post_type=product&#038;p=84"},"modified":"2026-03-10T13:55:47","modified_gmt":"2026-03-10T13:55:47","slug":"masaz-tajski-olejowy","status":"publish","type":"product","link":"https:\/\/sklep.thairai.com.pl\/en\/product\/masaz-tajski-olejowy\/","title":{"rendered":"Thai oil massage"},"content":{"rendered":"<p>Thai oil massage is a relaxing combination of acupressure and Ayurveda that not only boosts immunity and cleanses the body of toxins, but also moisturizes and firms the skin.<\/p>\n<p>During the treatment, the client is dressed in disposable underwear, provided by the salon. He or she experiences a professional massage with aromatic oils, which starts from the legs, through the chest, arms and shoulders, and ends with the back, neck and head, helping to achieve harmony and relaxation.<\/p>\n<p>Masa\u017c tajski olejowy jest odpowiedni dla os\u00f3b, kt\u00f3re pragn\u0105 odzyska\u0107 spok\u00f3j wewn\u0119trzny i jednocze\u015bnie dba\u0107 o piel\u0119gnacj\u0119 sk\u00f3ry. Zalecany jest r\u00f3wnie\u017c dla tych, kt\u00f3rzy borykaj\u0105 si\u0119 z depresj\u0105, bezsenno\u015bci\u0105, zm\u0119czeniem, stresem oraz dla aktywnych os\u00f3b, kt\u00f3re preferuj\u0105 mniej intensywn\u0105 wersj\u0119 tradycyjnego masa\u017cu tajskiego.<\/p>\n<p>Masa\u017c tajski olejowy przynosi wiele korzy\u015bci dla zar\u00f3wno cia\u0142a, jak i umys\u0142u. Poprzez zastosowanie r\u00f3\u017cnorodnych technik, masa\u017c ten dzia\u0142a relaksuj\u0105co, wspieraj\u0105c redukcj\u0119 stresu i napi\u0119cia. Dodatkowo, olejki aromatyczne u\u017cywane podczas zabiegu od\u017cywiaj\u0105 i nawil\u017caj\u0105 sk\u00f3r\u0119, a tak\u017ce maj\u0105 pozytywny wp\u0142yw na uk\u0142ad odporno\u015bciowy i proces oczyszczania organizmu. Masa\u017c tajski olejowy mo\u017ce r\u00f3wnie\u017c \u0142agodzi\u0107 b\u00f3le mi\u0119\u015bni i staw\u00f3w, a jego delikatna natura sprzyja poprawie jako\u015bci snu i og\u00f3lnej kondycji psychicznej. To kompleksowe do\u015bwiadczenie terapeutyczne, kt\u00f3re indywidualnie wp\u0142ywa na ka\u017cdego klienta, przynosz\u0105c wielostronne korzy\u015bci zdrowotne i relaksacyjne.<\/p>","protected":false},"excerpt":{"rendered":"<p>Thai oil massage is a relaxing combination of acupressure and Ayurveda that boosts immunity, cleanses the body of toxins, moisturizes and firms the skin, bringing harmony and relaxation to the body and mind.<\/p>\n<p><strong>After ordering, you will receive a voucher for the massage or ritual you have purchased, which will be delivered by email. Please count on it being delivered during the opening hours of our salons. Each voucher remains valid for a period of 6 months (unless the date on the Voucher says otherwise) from the time of purchase, giving you ample time to enjoy this unique relaxation experience.<\/strong><\/p>\n<p>If you have any further questions, please do not hesitate to contact us by phone or via the contact form.<\/p>","protected":false},"featured_media":3660,"template":"","meta":[],"product_cat":[60,58],"product_tag":[],"class_list":{"0":"post-84","1":"product","2":"type-product","3":"status-publish","4":"has-post-thumbnail","6":"product_cat-masaze","7":"product_cat-wszystkie","9":"first","10":"instock","11":"shipping-taxable","12":"purchasable","13":"product-type-variable"},"_links":{"self":[{"href":"https:\/\/sklep.thairai.com.pl\/en\/wp-json\/wp\/v2\/product\/84","targetHints":{"allow":["GET"]}}],"collection":[{"href":"https:\/\/sklep.thairai.com.pl\/en\/wp-json\/wp\/v2\/product"}],"about":[{"href":"https:\/\/sklep.thairai.com.pl\/en\/wp-json\/wp\/v2\/types\/product"}],"wp:featuredmedia":[{"embeddable":true,"href":"https:\/\/sklep.thairai.com.pl\/en\/wp-json\/wp\/v2\/media\/3660"}],"wp:attachment":[{"href":"https:\/\/sklep.thairai.com.pl\/en\/wp-json\/wp\/v2\/media?parent=84"}],"wp:term":[{"taxonomy":"product_cat","embeddable":true,"href":"https:\/\/sklep.thairai.com.pl\/en\/wp-json\/wp\/v2\/product_cat?post=84"},{"taxonomy":"product_tag","embeddable":true,"href":"https:\/\/sklep.thairai.com.pl\/en\/wp-json\/wp\/v2\/product_tag?post=84"}],"curies":[{"name":"wp","href":"https:\/\/api.w.org\/{rel}","templated":true}]}}